{"id":753982,"date":"2025-08-28T05:57:50","date_gmt":"2025-08-28T02:57:50","guid":{"rendered":"https:\/\/roveyayinevi.com.tr\/index.php\/urun\/ozdeger-gunlugu-farkindalik-yolculugu-fleksi-kapak\/"},"modified":"2026-04-16T03:07:23","modified_gmt":"2026-04-16T00:07:23","slug":"ozdeger-gunlugu-farkindalik-yolculugu-fleksi-kapak","status":"publish","type":"product","link":"https:\/\/roveyayinevi.com.tr\/index.php\/urun\/ozdeger-gunlugu-farkindalik-yolculugu-fleksi-kapak\/","title":{"rendered":"\u00d6zde\u011fer G\u00fcnl\u00fc\u011f\u00fc &#8211; Fark\u0131ndal\u0131k Yolculu\u011fu (Fleksi Kapak)"},"content":{"rendered":"<p>Benimle bir fark\u0131ndal\u0131k yolculu\u011funa \u00e7\u0131kmaya ne dersiniz?  \u00d6zde\u011fer G\u00fcnl\u00fc\u011f\u00fc asl\u0131nda benim ki\u015fisel geli\u015fim ser\u00fcvenimin bir \u00fcr\u00fcn\u00fc. \u0130\u00e7inde g\u00f6rece\u011finiz her derleme, benim uygulad\u0131\u011f\u0131m rutinlerden do\u011fdu. Bu g\u00fcnl\u00fck, sadece sayfalar ve sat\u0131rlar de\u011fil; benim hayat\u0131mda deneyimledi\u011fim, bana de\u011fer katan anlar\u0131n bir yans\u0131mas\u0131.  Kendimize olan bak\u0131\u015f\u0131m\u0131z, hayat\u0131m\u0131z\u0131n y\u00f6n\u00fcn\u00fc belirleyen en \u00f6nemli pusula. Bu g\u00fcnl\u00fckle, ger\u00e7ek de\u011ferinizi ke\u015ffedin, kendinize olan inanc\u0131n\u0131z\u0131 tazeleyin ve hayat\u0131n\u0131z\u0131, her g\u00fcn biraz daha, kendi istedi\u011finiz \u015fekle sokun. \u00d6zde\u011fer G\u00fcnl\u00fc\u011f\u00fc sadece bir organizasyon arac\u0131 de\u011fil; ayn\u0131 zamanda hayat\u0131n\u0131za y\u00f6n veren, sizi motive eden ve her g\u00fcn biraz daha iyi bir versiyonunuz olman\u0131z i\u00e7in yan\u0131n\u0131zda olan bir dost. Fark\u0131ndal\u0131k yolculu\u011funa at\u0131lan her ad\u0131m, ki\u015fisel bir evrimin ve cesaretin yans\u0131mas\u0131d\u0131r. \u00d6zde\u011fer G\u00fcnl\u00fc\u011f\u00fc\u2019n\u00fc elinize ald\u0131\u011f\u0131n\u0131zda, benimle birlikte kendi i\u00e7sel yolculu\u011funuzda da bir ad\u0131m atm\u0131\u015f olacaks\u0131n\u0131z. Sizinle ayn\u0131 yolda y\u00fcr\u00fcd\u00fc\u011f\u00fcm i\u00e7in ve bu \u00f6zel deneyimi benimle payla\u015ft\u0131\u011f\u0131n\u0131z i\u00e7in kalbimin en derin yerlerinden te\u015fekk\u00fcr ederim.<\/p>\n","protected":false},"excerpt":{"rendered":"<p>Benimle bir fark\u0131ndal\u0131k yolculu\u011funa \u00e7\u0131kmaya ne dersiniz? \u00d6zde\u011fer G\u00fcnl\u00fc\u011f\u00fc asl\u0131nda benim ki\u015fisel geli\u015fim ser\u00fcvenimin bir \u00fcr\u00fcn\u00fc. \u0130\u00e7inde g\u00f6rece\u011finiz her derleme, benim uygulad\u0131\u011f\u0131m rutinlerden do\u011fdu. Bu g\u00fcnl\u00fck,<span class=\"excerpt-hellip\"> [\u2026]<\/span><\/p>\n","protected":false},"featured_media":0,"template":"","meta":{"_monsterinsights_skip_tracking":false,"_monsterinsights_sitenote_active":false,"_monsterinsights_sitenote_note":"","_monsterinsights_sitenote_category":0},"product_brand":[],"product_cat":[12364,12376],"product_tag":[],"class_list":{"0":"post-753982","1":"product","2":"type-product","3":"status-publish","5":"product_cat-genel-konular","6":"product_cat-kisisel-gelisim","7":"pa_cilt-ciltsiz","8":"pa_tur-kitap","9":"pa_yayinevi-epsilon-yayinlari","10":"pa_yazar-sezen-cagli","12":"first","13":"instock","14":"sale","15":"shipping-taxable","16":"purchasable","17":"product-type-simple"},"_links":{"self":[{"href":"https:\/\/roveyayinevi.com.tr\/index.php\/wp-json\/wp\/v2\/product\/753982","targetHints":{"allow":["GET"]}}],"collection":[{"href":"https:\/\/roveyayinevi.com.tr\/index.php\/wp-json\/wp\/v2\/product"}],"about":[{"href":"https:\/\/roveyayinevi.com.tr\/index.php\/wp-json\/wp\/v2\/types\/product"}],"wp:attachment":[{"href":"https:\/\/roveyayinevi.com.tr\/index.php\/wp-json\/wp\/v2\/media?parent=753982"}],"wp:term":[{"taxonomy":"product_brand","embeddable":true,"href":"https:\/\/roveyayinevi.com.tr\/index.php\/wp-json\/wp\/v2\/product_brand?post=753982"},{"taxonomy":"product_cat","embeddable":true,"href":"https:\/\/roveyayinevi.com.tr\/index.php\/wp-json\/wp\/v2\/product_cat?post=753982"},{"taxonomy":"product_tag","embeddable":true,"href":"https:\/\/roveyayinevi.com.tr\/index.php\/wp-json\/wp\/v2\/product_tag?post=753982"}],"curies":[{"name":"wp","href":"https:\/\/api.w.org\/{rel}","templated":true}]}}