{"id":753981,"date":"2025-08-28T05:57:49","date_gmt":"2025-08-28T02:57:49","guid":{"rendered":"https:\/\/roveyayinevi.com.tr\/index.php\/urun\/ibrahim-en-nehai-ve-ebu-hanifenin-fikhi-goruslerinin-mukayeseli-analizi\/"},"modified":"2026-04-16T03:07:23","modified_gmt":"2026-04-16T00:07:23","slug":"ibrahim-en-nehai-ve-ebu-hanifenin-fikhi-goruslerinin-mukayeseli-analizi","status":"publish","type":"product","link":"https:\/\/roveyayinevi.com.tr\/index.php\/urun\/ibrahim-en-nehai-ve-ebu-hanifenin-fikhi-goruslerinin-mukayeseli-analizi\/","title":{"rendered":"\u0130brahim En-Nehai ve Ebu Hanife&#8217;nin F\u0131khi G\u00f6r\u00fc\u015flerinin Mukayeseli Analizi"},"content":{"rendered":"<p>Hanef\u00ee mezhebinin esas kurucular\u0131n\u0131n Abdullah b. Mes\u2019\u00fbd ile ba\u015flayan ilim halkas\u0131 oldu\u011fu y\u00f6n\u00fcnde bir kanaat de mevcut olmakla birlikte, Neha\u00ee, Eb\u00fb Han\u00eefe\u2019nin ilmi ve fikri yap\u0131s\u0131n\u0131n olu\u015fmas\u0131nda etki eden en \u00f6nemli \u015fahsiyetlerden bir tanesidir. S\u0131n\u0131rl\u0131 olmakla birlikte Abdullah b. Mesut\u2019un, Alkame b. Kays\u2019\u0131n Hanef\u00ee Mezhebine etkileri hakk\u0131nda \u00e7al\u0131\u015fmalar yap\u0131lm\u0131\u015f, ancak \u0130brahim en-Neha\u00ee ile Eb\u00fb Han\u00eefe\u2019nin g\u00f6r\u00fc\u015flerinin mukayese edildi\u011fi, analizlerin yap\u0131ld\u0131\u011f\u0131 bir ara\u015ft\u0131rma mevcut de\u011fildir. Hem bu alandaki bo\u015flu\u011fu bir nebze olsun doldurmak, hem de \u0130brahim en-Neha\u00ee\u2019nin g\u00f6r\u00fc\u015flerinin ortaya \u00e7\u0131kmas\u0131n\u0131 sa\u011flamak ve kar\u015f\u0131la\u015f\u0131lan meselelerde onun ortaya koydu\u011fu \u00e7\u00f6z\u00fcmlerden istifade edebilmek i\u00e7in bu \u00e7al\u0131\u015fma yap\u0131lm\u0131\u015ft\u0131r. Ayr\u0131ca Hanef\u00ee mezhebinin Neha\u00ee\u2019den al\u0131nan, onun g\u00f6r\u00fc\u015flerinden olu\u015fan bir mezhep oldu\u011fu iddias\u0131na cevap aranmaya \u00e7al\u0131\u015f\u0131lm\u0131\u015ft\u0131r. \u00c7al\u0131\u015fmada ilgili klasik kaynaklardan imk\u00e2nlar \u00f6l\u00e7\u00fcs\u00fcnde yararlanarak Neha\u00ee ile Eb\u00fb Han\u00eefe\u2019nin g\u00f6r\u00fc\u015flerini ara\u015ft\u0131r\u0131p mukayeseli analizler yapmaya \u00e7al\u0131\u015f\u0131lm\u0131\u015ft\u0131r. Daha geni\u015f ve detayl\u0131 \u00e7al\u0131\u015fmalar\u0131 gerektiren usul ve f\u00fcr\u00fb konular\u0131n\u0131 kapsayan bu konu ile ilgili elden gelen \u00e7aba ve gayret g\u00f6sterilmi\u015ftir. \u00c7al\u0131\u015fman\u0131n hedeflenen ama\u00e7lara katk\u0131 sa\u011flanmas\u0131 ama\u00e7lanm\u0131\u015ft\u0131r<\/p>\n","protected":false},"excerpt":{"rendered":"<p>Hanef\u00ee mezhebinin esas kurucular\u0131n\u0131n Abdullah b. Mes\u2019\u00fbd ile ba\u015flayan ilim halkas\u0131 oldu\u011fu y\u00f6n\u00fcnde bir kanaat de mevcut olmakla birlikte, Neha\u00ee, Eb\u00fb Han\u00eefe\u2019nin ilmi ve fikri yap\u0131s\u0131n\u0131n<span class=\"excerpt-hellip\"> [\u2026]<\/span><\/p>\n","protected":false},"featured_media":0,"template":"","meta":{"_monsterinsights_skip_tracking":false,"_monsterinsights_sitenote_active":false,"_monsterinsights_sitenote_note":"","_monsterinsights_sitenote_category":0},"product_brand":[],"product_cat":[12573,12566],"product_tag":[],"class_list":{"0":"post-753981","1":"product","2":"type-product","3":"status-publish","5":"product_cat-akademik-kitaplar","6":"product_cat-egitim","7":"pa_cilt-ciltsiz","8":"pa_tur-kitap","9":"pa_yayinevi-soncag-akademik-kitaplar","10":"pa_yazar-eyup-ertan","12":"first","13":"instock","14":"sale","15":"shipping-taxable","16":"purchasable","17":"product-type-simple"},"_links":{"self":[{"href":"https:\/\/roveyayinevi.com.tr\/index.php\/wp-json\/wp\/v2\/product\/753981","targetHints":{"allow":["GET"]}}],"collection":[{"href":"https:\/\/roveyayinevi.com.tr\/index.php\/wp-json\/wp\/v2\/product"}],"about":[{"href":"https:\/\/roveyayinevi.com.tr\/index.php\/wp-json\/wp\/v2\/types\/product"}],"wp:attachment":[{"href":"https:\/\/roveyayinevi.com.tr\/index.php\/wp-json\/wp\/v2\/media?parent=753981"}],"wp:term":[{"taxonomy":"product_brand","embeddable":true,"href":"https:\/\/roveyayinevi.com.tr\/index.php\/wp-json\/wp\/v2\/product_brand?post=753981"},{"taxonomy":"product_cat","embeddable":true,"href":"https:\/\/roveyayinevi.com.tr\/index.php\/wp-json\/wp\/v2\/product_cat?post=753981"},{"taxonomy":"product_tag","embeddable":true,"href":"https:\/\/roveyayinevi.com.tr\/index.php\/wp-json\/wp\/v2\/product_tag?post=753981"}],"curies":[{"name":"wp","href":"https:\/\/api.w.org\/{rel}","templated":true}]}}