{"id":753980,"date":"2025-08-28T05:57:47","date_gmt":"2025-08-28T02:57:47","guid":{"rendered":"https:\/\/roveyayinevi.com.tr\/index.php\/urun\/platon-alekseyevic-oyunskiy-ve-kizil-saman\/"},"modified":"2026-04-16T03:07:23","modified_gmt":"2026-04-16T00:07:23","slug":"platon-alekseyevic-oyunskiy-ve-kizil-saman","status":"publish","type":"product","link":"https:\/\/roveyayinevi.com.tr\/index.php\/urun\/platon-alekseyevic-oyunskiy-ve-kizil-saman\/","title":{"rendered":"Platon Alekseyevi\u00e7 Oyunskiy ve K\u0131z\u0131l \u015eaman"},"content":{"rendered":"<p>Bu \u00e7al\u0131\u015fmada Saha (Yakut) T\u00fcrkleri a\u00e7\u0131s\u0131ndan \u00f6nemli bir yere sahip olan Platon Alekseyevi\u00e7 Oyunskiy ve onun K\u0131z\u0131l \u015eaman adl\u0131 eseri ele al\u0131nm\u0131\u015ft\u0131r. Saha edebiyat\u0131, sosyal ya\u015fant\u0131lar\u0131n ve toplumu etkileyen din\u00ee de\u011fi\u015fikliklerin etkisi ile d\u00f6nemsel olarak farkl\u0131l\u0131klar g\u00f6stermektedir. Oyunskiy ya\u015fad\u0131\u011f\u0131 d\u00f6nem itibariyle pek \u00e7ok sosyal ve politik de\u011fi\u015fimde rol oynam\u0131\u015f, Saha toplumunun siyasi yap\u0131lanmas\u0131nda ve edebiyat\u0131n\u0131n olu\u015fumunda \u00f6nemli bir yere sahip olmu\u015ftur. Oyunskiy\u2019in verdi\u011fi eserler halk \u00fczerinde geni\u015f etki yaratm\u0131\u015f ve ses getirmi\u015ftir. Eserlerinde \u00e7o\u011funlukla siyasi ve sosyal konular\u0131 i\u015fleyen Oyunskiy, eserlerinde dili ustaca kullanm\u0131\u015f ve eserlerini k\u00fclt\u00fcrel \u00f6\u011felerle i\u015flemi\u015ftir. Siyaset, edebiyat, terminoloji, dil \u00e7al\u0131\u015fmalar\u0131, tarih gibi pek \u00e7ok konuda \u00e7al\u0131\u015fmalar\u0131 olan Oyunskiy \u00e7ok say\u0131da eser vermi\u015ftir. Bu \u00e7al\u0131\u015fma Oyunskiy\u2019in hayat\u0131, edeb\u00ee ki\u015fili\u011fi ve eserlerini de\u011ferlendirmek ve K\u0131z\u0131l \u015eaman adl\u0131 eserin incelemesini yapmak amac\u0131yla haz\u0131rlanm\u0131\u015ft\u0131r. <\/p>\n","protected":false},"excerpt":{"rendered":"<p>Bu \u00e7al\u0131\u015fmada Saha (Yakut) T\u00fcrkleri a\u00e7\u0131s\u0131ndan \u00f6nemli bir yere sahip olan Platon Alekseyevi\u00e7 Oyunskiy ve onun K\u0131z\u0131l \u015eaman adl\u0131 eseri ele al\u0131nm\u0131\u015ft\u0131r. Saha edebiyat\u0131, sosyal ya\u015fant\u0131lar\u0131n<span class=\"excerpt-hellip\"> [\u2026]<\/span><\/p>\n","protected":false},"featured_media":0,"template":"","meta":{"_monsterinsights_skip_tracking":false,"_monsterinsights_sitenote_active":false,"_monsterinsights_sitenote_note":"","_monsterinsights_sitenote_category":0},"product_brand":[],"product_cat":[13072,12291],"product_tag":[],"class_list":{"0":"post-753980","1":"product","2":"type-product","3":"status-publish","5":"product_cat-arastirma-inceleme-referans","6":"product_cat-edebiyat","7":"pa_cilt-ciltsiz","8":"pa_tur-kitap","9":"pa_yayinevi-soncag-akademik-kitaplar","10":"pa_yazar-mehtap-solak-saglam","12":"first","13":"instock","14":"sale","15":"shipping-taxable","16":"purchasable","17":"product-type-simple"},"_links":{"self":[{"href":"https:\/\/roveyayinevi.com.tr\/index.php\/wp-json\/wp\/v2\/product\/753980","targetHints":{"allow":["GET"]}}],"collection":[{"href":"https:\/\/roveyayinevi.com.tr\/index.php\/wp-json\/wp\/v2\/product"}],"about":[{"href":"https:\/\/roveyayinevi.com.tr\/index.php\/wp-json\/wp\/v2\/types\/product"}],"wp:attachment":[{"href":"https:\/\/roveyayinevi.com.tr\/index.php\/wp-json\/wp\/v2\/media?parent=753980"}],"wp:term":[{"taxonomy":"product_brand","embeddable":true,"href":"https:\/\/roveyayinevi.com.tr\/index.php\/wp-json\/wp\/v2\/product_brand?post=753980"},{"taxonomy":"product_cat","embeddable":true,"href":"https:\/\/roveyayinevi.com.tr\/index.php\/wp-json\/wp\/v2\/product_cat?post=753980"},{"taxonomy":"product_tag","embeddable":true,"href":"https:\/\/roveyayinevi.com.tr\/index.php\/wp-json\/wp\/v2\/product_tag?post=753980"}],"curies":[{"name":"wp","href":"https:\/\/api.w.org\/{rel}","templated":true}]}}