{"id":753979,"date":"2025-08-28T05:57:45","date_gmt":"2025-08-28T02:57:45","guid":{"rendered":"https:\/\/roveyayinevi.com.tr\/index.php\/urun\/kuvayi-milliye-defteri\/"},"modified":"2026-04-16T03:07:23","modified_gmt":"2026-04-16T00:07:23","slug":"kuvayi-milliye-defteri","status":"publish","type":"product","link":"https:\/\/roveyayinevi.com.tr\/index.php\/urun\/kuvayi-milliye-defteri\/","title":{"rendered":"Kuvay\u0131 Milliye Defteri"},"content":{"rendered":"<p>Ceyhun Atuf Kansu\u2019nun Kuvay\u0131 Milliye Defteri adl\u0131 kitab\u0131, I. D\u00fcnya Sava\u015f\u0131\u2019ndan sonra Anadolu\u2019yu ele ge\u00e7irmeye \u00e7al\u0131\u015fan i\u015fgal ordular\u0131na ve halk\u0131ndan uzakla\u015fm\u0131\u015f, \u00fclke topra\u011f\u0131n\u0131 g\u00f6zden \u00e7\u0131karm\u0131\u015f Osmanl\u0131 saray\u0131na kar\u015f\u0131 bir ba\u015fkald\u0131r\u0131n\u0131n, \u00f6rg\u00fctl\u00fc bir direni\u015fin; ba\u011f\u0131ms\u0131zl\u0131k, \u00f6zg\u00fcrl\u00fck ad\u0131na ger\u00e7ekle\u015ftirilmi\u015f olan onurlu bir halk eyleminin, ulusal bir kurtulu\u015f sava\u015f\u0131n\u0131n s\u0131cak, kapsaml\u0131, y\u00fcrekleri tutu\u015fturan \u015fiirsel \u00f6yk\u00fcs\u00fcd\u00fcr. Bizleri toplumsal belle\u011fimizin g\u00fcne\u015fli avlusunda, ortak bir yurtta\u015fl\u0131k bilincinde bulu\u015fturan bu kitap, Cumhuriyet\u2019in 100. y\u0131l\u0131 i\u00e7in okurlara arma\u011fan edilmi\u015ftir.                                                                                                                                                                                                                                                        K\u0131z\u0131                                                                                                                                       Prof. Dr. Bahar G\u00f6kler Ceyhun Atuf Kansu\u2019nun Kuvay\u0131 Milliye Defteri ba\u015fl\u0131kl\u0131 \u015fiirleri ilk kez Cumhuriyet\u2019in 50. y\u0131l\u0131nda G\u00fcrol S\u00f6zen\u2019in \u00f6zg\u00fcn \u00e7izimleriyle Halk\u00e7\u0131 gazetesinde dizi olarak yay\u0131mlanm\u0131\u015ft\u0131. I\u015f\u0131k Kansu \u00f6zenli bir \u00e7al\u0131\u015fmayla, Ceyhun Atuf Kansu\u2019nun daha \u00f6nce hi\u00e7bir kitab\u0131nda yer almam\u0131\u015f \u015fiirleriyle, el yaz\u0131l\u0131 \u015fiirlerinden se\u00e7kiler de ekleyerek bu kitab\u0131 haz\u0131rlad\u0131. G\u00fcrol S\u00f6zen; 50 y\u0131l \u00f6nce Kuvay\u0131 Milliye Defteri i\u00e7in \u00e7izdi\u011fi desenlerini, bu kitap i\u00e7in \u00f6zel olarak yeniden elden ge\u00e7irdi ve \u0131slak imzas\u0131n\u0131 atarak yeniledi. Cumhuriyetimizin 100. y\u0131l\u0131 an\u0131s\u0131na bu de\u011ferli yap\u0131t\u0131 okurlar\u0131m\u0131za sunmaktan gurur duyuyoruz.<\/p>\n","protected":false},"excerpt":{"rendered":"<p>Ceyhun Atuf Kansu\u2019nun Kuvay\u0131 Milliye Defteri adl\u0131 kitab\u0131, I. D\u00fcnya Sava\u015f\u0131\u2019ndan sonra Anadolu\u2019yu ele ge\u00e7irmeye \u00e7al\u0131\u015fan i\u015fgal ordular\u0131na ve halk\u0131ndan uzakla\u015fm\u0131\u015f, \u00fclke topra\u011f\u0131n\u0131 g\u00f6zden \u00e7\u0131karm\u0131\u015f Osmanl\u0131<span class=\"excerpt-hellip\"> [\u2026]<\/span><\/p>\n","protected":false},"featured_media":0,"template":"","meta":{"_monsterinsights_skip_tracking":false,"_monsterinsights_sitenote_active":false,"_monsterinsights_sitenote_note":"","_monsterinsights_sitenote_category":0},"product_brand":[],"product_cat":[12291,12509],"product_tag":[],"class_list":{"0":"post-753979","1":"product","2":"type-product","3":"status-publish","5":"product_cat-edebiyat","6":"product_cat-siir","7":"pa_cilt-ciltsiz","8":"pa_tur-kitap","9":"pa_yayinevi-bilgi-yayinevi","10":"pa_yazar-ceyhun-atuf-kansu","12":"first","13":"instock","14":"sale","15":"shipping-taxable","16":"purchasable","17":"product-type-simple"},"_links":{"self":[{"href":"https:\/\/roveyayinevi.com.tr\/index.php\/wp-json\/wp\/v2\/product\/753979","targetHints":{"allow":["GET"]}}],"collection":[{"href":"https:\/\/roveyayinevi.com.tr\/index.php\/wp-json\/wp\/v2\/product"}],"about":[{"href":"https:\/\/roveyayinevi.com.tr\/index.php\/wp-json\/wp\/v2\/types\/product"}],"wp:attachment":[{"href":"https:\/\/roveyayinevi.com.tr\/index.php\/wp-json\/wp\/v2\/media?parent=753979"}],"wp:term":[{"taxonomy":"product_brand","embeddable":true,"href":"https:\/\/roveyayinevi.com.tr\/index.php\/wp-json\/wp\/v2\/product_brand?post=753979"},{"taxonomy":"product_cat","embeddable":true,"href":"https:\/\/roveyayinevi.com.tr\/index.php\/wp-json\/wp\/v2\/product_cat?post=753979"},{"taxonomy":"product_tag","embeddable":true,"href":"https:\/\/roveyayinevi.com.tr\/index.php\/wp-json\/wp\/v2\/product_tag?post=753979"}],"curies":[{"name":"wp","href":"https:\/\/api.w.org\/{rel}","templated":true}]}}