{"id":753976,"date":"2025-08-28T05:57:41","date_gmt":"2025-08-28T02:57:41","guid":{"rendered":"https:\/\/roveyayinevi.com.tr\/index.php\/urun\/niccolo-machiavelli-ve-buyuk-friedrichin-savas-sanati-uzerine\/"},"modified":"2026-04-16T03:07:23","modified_gmt":"2026-04-16T00:07:23","slug":"niccolo-machiavelli-ve-buyuk-friedrichin-savas-sanati-uzerine","status":"publish","type":"product","link":"https:\/\/roveyayinevi.com.tr\/index.php\/urun\/niccolo-machiavelli-ve-buyuk-friedrichin-savas-sanati-uzerine\/","title":{"rendered":"Niccolo Machiavelli ve B\u00fcy\u00fck Friedrich\u2019in Sava\u015f Sanat\u0131 \u00dczerine"},"content":{"rendered":"<p>Niccol\u00f2 Machiavelli (1469-1527),  tarih ve siyaset konular\u0131nda kitaplar yazd\u0131. Sava\u015f Sanat\u0131 ve Prens (h\u00fck\u00fcmdar) eserlerinin en \u00fcnl\u00fcleridir. Machiavelli\u2019e g\u00f6re, kitaplar\u0131n\u0131n en k\u0131ymetlisi, d\u00fcnyan\u0131n dikkatini \u00e7eken Prens\u2019ten de \u00f6te, Sava\u015f Sanat\u0131\u2019d\u0131r. Paral\u0131 askerler yerine, halk \u00e7ocuklar\u0131ndan kurulu \u201cVatanda\u015f Ordusu\u201d fikrinin \u00f6nc\u00fcs\u00fcd\u00fcr. B\u00fcy\u00fck Friedrich (1712-1786), Modern Almanya\u2019n\u0131n kurucusu, Prusya Kral\u0131 ve generaldir. Avrupa\u2019daki Yedi Y\u0131l Sava\u015flar\u0131\u2019nda b\u00fcy\u00fck zaferler kazanm\u0131\u015ft\u0131r. Askeri Vasiyetname, Sava\u015f\u0131n Taktik Unsurlar\u0131 ve Generallere Direktifler eserlerini yazm\u0131\u015ft\u0131r. Generallere Direktifler kitab\u0131 ba\u015fyap\u0131tt\u0131r. Sava\u015f; seller, depremler ve salg\u0131n hastal\u0131klar gibi do\u011fal bir afettir. Nedeni de insan do\u011fas\u0131d\u0131r. Di\u011fer sebeplerin hepsi, sava\u015f\u0131 \u00e7\u0131kartmak i\u00e7in uydurulan bahanelerdir. \u0130nsanl\u0131k tarihi ba\u015ftan a\u015fa\u011f\u0131 sava\u015f tarihinden ibarettir. \u0130nsan do\u011fas\u0131 de\u011fi\u015fmedi\u011fi s\u00fcrece de sava\u015flar sonsuza dek devam edecektir. B\u00fct\u00fcn do\u011fa sava\u015f halindedir. Canl\u0131 olup da rakibi, hasm\u0131, d\u00fc\u015fman\u0131 olmayan tek bir t\u00fcr yoktur. O nedenle bu eser ayn\u0131 zamanda t\u00fcm m\u00fccadele alanlar\u0131 i\u00e7in ki\u015fisel geli\u015fim kitab\u0131d\u0131r\u2026 <\/p>\n","protected":false},"excerpt":{"rendered":"<p>Niccol\u00f2 Machiavelli (1469-1527), tarih ve siyaset konular\u0131nda kitaplar yazd\u0131. Sava\u015f Sanat\u0131 ve Prens (h\u00fck\u00fcmdar) eserlerinin en \u00fcnl\u00fcleridir. Machiavelli\u2019e g\u00f6re, kitaplar\u0131n\u0131n en k\u0131ymetlisi, d\u00fcnyan\u0131n dikkatini \u00e7eken Prens\u2019ten<span class=\"excerpt-hellip\"> [\u2026]<\/span><\/p>\n","protected":false},"featured_media":0,"template":"","meta":{"_monsterinsights_skip_tracking":false,"_monsterinsights_sitenote_active":false,"_monsterinsights_sitenote_note":"","_monsterinsights_sitenote_category":0},"product_brand":[],"product_cat":[12370,12304],"product_tag":[],"class_list":{"0":"post-753976","1":"product","2":"type-product","3":"status-publish","5":"product_cat-arastirma-inceleme","6":"product_cat-tarih","7":"pa_cilt-ciltsiz","8":"pa_tur-kitap","9":"pa_yayinevi-inkilap-kitabevi","10":"pa_yazar-osman-pamukoglu","12":"first","13":"instock","14":"sale","15":"shipping-taxable","16":"purchasable","17":"product-type-simple"},"_links":{"self":[{"href":"https:\/\/roveyayinevi.com.tr\/index.php\/wp-json\/wp\/v2\/product\/753976","targetHints":{"allow":["GET"]}}],"collection":[{"href":"https:\/\/roveyayinevi.com.tr\/index.php\/wp-json\/wp\/v2\/product"}],"about":[{"href":"https:\/\/roveyayinevi.com.tr\/index.php\/wp-json\/wp\/v2\/types\/product"}],"wp:attachment":[{"href":"https:\/\/roveyayinevi.com.tr\/index.php\/wp-json\/wp\/v2\/media?parent=753976"}],"wp:term":[{"taxonomy":"product_brand","embeddable":true,"href":"https:\/\/roveyayinevi.com.tr\/index.php\/wp-json\/wp\/v2\/product_brand?post=753976"},{"taxonomy":"product_cat","embeddable":true,"href":"https:\/\/roveyayinevi.com.tr\/index.php\/wp-json\/wp\/v2\/product_cat?post=753976"},{"taxonomy":"product_tag","embeddable":true,"href":"https:\/\/roveyayinevi.com.tr\/index.php\/wp-json\/wp\/v2\/product_tag?post=753976"}],"curies":[{"name":"wp","href":"https:\/\/api.w.org\/{rel}","templated":true}]}}