{"id":753974,"date":"2025-08-28T05:57:38","date_gmt":"2025-08-28T02:57:38","guid":{"rendered":"https:\/\/roveyayinevi.com.tr\/index.php\/urun\/kucuklere-korsan-etkinlik-kitabi\/"},"modified":"2026-04-16T03:07:23","modified_gmt":"2026-04-16T00:07:23","slug":"kucuklere-korsan-etkinlik-kitabi","status":"publish","type":"product","link":"https:\/\/roveyayinevi.com.tr\/index.php\/urun\/kucuklere-korsan-etkinlik-kitabi\/","title":{"rendered":"K\u00fc\u00e7\u00fcklere Korsan Etkinlik Kitab\u0131"},"content":{"rendered":"<p>\u00c7ocuklar i\u00e7in e\u011flence zaman\u0131! K\u00fc\u00e7\u00fcklere Korsan Etkinlik Kitab\u0131, bir s\u00fcr\u00fc bulmaca, labirent, farkl\u0131l\u0131klar\u0131 bulma, boyama, say\u0131 sayma ve noktalar\u0131 birle\u015ftirme etkinli\u011fi i\u00e7eriyor. Macera d\u00fc\u015fk\u00fcn\u00fc minikler, ipu\u00e7lar\u0131n\u0131 takip edip gizli defineyi bulacak, korsanlar\u0131 k\u0131yafetleriyle e\u015fle\u015ftirecek, gizli bir \u015fifreyi \u00e7\u00f6zecek, tropik bir adada saklanan maymunlar\u0131 bulacak, hayal g\u00fcc\u00fcn\u00fc kullanarak bir korsan \u00e7izip boyayacak ve daha pek \u00e7ok keyifli etkinlik sayesinde zaman\u0131n nas\u0131l ge\u00e7ti\u011fini anlamayacak. Evde, d\u0131\u015far\u0131da, tatilde&#8230;hatta yolculuk yaparken! Nerede, can\u0131 ne zaman s\u0131k\u0131l\u0131rsa.. \u00c7ok say\u0131da e\u011flenceli etkinlikle dolu bu kitap, \u00e7ocu\u011funuzun dikkat, el-g\u00f6z koordinasyonu, g\u00f6rsel alg\u0131 ve motor becerilerinin geli\u015fimine katk\u0131 sa\u011flayacak, \u00e7ocuklar bu kitab\u0131 ellerinden d\u00fc\u015f\u00fcrmeyecek!<\/p>\n","protected":false},"excerpt":{"rendered":"<p>\u00c7ocuklar i\u00e7in e\u011flence zaman\u0131! K\u00fc\u00e7\u00fcklere Korsan Etkinlik Kitab\u0131, bir s\u00fcr\u00fc bulmaca, labirent, farkl\u0131l\u0131klar\u0131 bulma, boyama, say\u0131 sayma ve noktalar\u0131 birle\u015ftirme etkinli\u011fi i\u00e7eriyor. Macera d\u00fc\u015fk\u00fcn\u00fc minikler, ipu\u00e7lar\u0131n\u0131<span class=\"excerpt-hellip\"> [\u2026]<\/span><\/p>\n","protected":false},"featured_media":0,"template":"","meta":{"_monsterinsights_skip_tracking":false,"_monsterinsights_sitenote_active":false,"_monsterinsights_sitenote_note":"","_monsterinsights_sitenote_category":0},"product_brand":[],"product_cat":[12274,15842],"product_tag":[],"class_list":{"0":"post-753974","1":"product","2":"type-product","3":"status-publish","5":"product_cat-cocuk-ve-genclik-kitaplari","6":"product_cat-egitici-kitaplar","7":"pa_cilt-ciltsiz","8":"pa_tur-kitap","9":"pa_yayinevi-1001-cicek-kitaplar","10":"pa_yazar-rebecca-gilpin","12":"first","13":"instock","14":"sale","15":"shipping-taxable","16":"purchasable","17":"product-type-simple"},"_links":{"self":[{"href":"https:\/\/roveyayinevi.com.tr\/index.php\/wp-json\/wp\/v2\/product\/753974","targetHints":{"allow":["GET"]}}],"collection":[{"href":"https:\/\/roveyayinevi.com.tr\/index.php\/wp-json\/wp\/v2\/product"}],"about":[{"href":"https:\/\/roveyayinevi.com.tr\/index.php\/wp-json\/wp\/v2\/types\/product"}],"wp:attachment":[{"href":"https:\/\/roveyayinevi.com.tr\/index.php\/wp-json\/wp\/v2\/media?parent=753974"}],"wp:term":[{"taxonomy":"product_brand","embeddable":true,"href":"https:\/\/roveyayinevi.com.tr\/index.php\/wp-json\/wp\/v2\/product_brand?post=753974"},{"taxonomy":"product_cat","embeddable":true,"href":"https:\/\/roveyayinevi.com.tr\/index.php\/wp-json\/wp\/v2\/product_cat?post=753974"},{"taxonomy":"product_tag","embeddable":true,"href":"https:\/\/roveyayinevi.com.tr\/index.php\/wp-json\/wp\/v2\/product_tag?post=753974"}],"curies":[{"name":"wp","href":"https:\/\/api.w.org\/{rel}","templated":true}]}}