{"id":753973,"date":"2025-08-28T05:57:37","date_gmt":"2025-08-28T02:57:37","guid":{"rendered":"https:\/\/roveyayinevi.com.tr\/index.php\/urun\/benlik-yoksa-sorun-yok\/"},"modified":"2026-04-16T03:07:23","modified_gmt":"2026-04-16T00:07:23","slug":"benlik-yoksa-sorun-yok","status":"publish","type":"product","link":"https:\/\/roveyayinevi.com.tr\/index.php\/urun\/benlik-yoksa-sorun-yok\/","title":{"rendered":"Benlik Yoksa Sorun Yok"},"content":{"rendered":"<p>1990&#8217;lar\u0131n ba\u015f\u0131nda y\u00fcksek lisans\u0131n\u0131 yaparken, Chris Niebauer psikoloji ve n\u00f6robilimdeki son ke\u015fifler ile Budizm, Taoizm ve di\u011fer Do\u011fu felsefeleri aras\u0131nda \u00e7arp\u0131c\u0131 benzerlikler fark etmeye ba\u015flad\u0131. Bulgular\u0131n\u0131 bir hocas\u0131na sundu\u011funda, fikirleri &#8220;tamamen tesad\u00fcf, ba\u015fka bir \u015fey de\u011fil&#8221; diyerek hemen reddedildi.   20 y\u0131l sonraya sar\u0131ld\u0131\u011f\u0131nda Niebauer kadrolu bir profes\u00f6r olmu\u015fken bir \u00f6\u011frenci olarak buldu\u011fu Budizm ve n\u00f6robilim ba\u011flant\u0131s\u0131, art\u0131k k\u00fct\u00fcphanelerde kendi ba\u015f\u0131na bir t\u00fcr olarak yer kapl\u0131yordu. Ancak Niebauer&#8217;e g\u00f6re, psikoloji ve n\u00f6robilimdeki en son bulgular ile Do\u011fu felsefeleri aras\u0131ndaki ba\u011flant\u0131y\u0131 ve bu benze\u015fen fikirlerin hayat deneyimi i\u00e7in ne anlama geldi\u011fini daha yeni anlamaya ba\u015fl\u0131yoruz.   Bu \u00e7\u0131\u011f\u0131r a\u00e7an kitapta Niebauer, n\u00f6ropsikolojideki son ara\u015ft\u0131rmalar\u0131n art\u0131k Budizm&#8217;in temel bir ilkesi olan Anatta\u2019y\u0131 yani &#8220;benli\u011fin yoklu\u011fu&#8221; doktrinini do\u011frulad\u0131\u011f\u0131n\u0131 yaz\u0131yor. Niebauer, benlik alg\u0131m\u0131z\u0131n ya da genellikle ego olarak adland\u0131rd\u0131\u011f\u0131m\u0131z \u015feyin, tamamen beynin sol taraf\u0131nca yarat\u0131lan bir yan\u0131lsama oldu\u011funu anlat\u0131yor. Niebauer, bunun benli\u011fin var olmad\u0131\u011f\u0131 anlam\u0131na gelmedi\u011fini, daha \u00e7ok \u00e7\u00f6l\u00fcn ortas\u0131ndaki bir serap gibi, ger\u00e7ek bir \u015feyden ziyade bir d\u00fc\u015f\u00fcnce olarak var oldu\u011fu anlam\u0131na geldi\u011fini belirtiyor. Vard\u0131\u011f\u0131 sonu\u00e7lar\u0131n modern psikolojik y\u00f6ntemlerin \u00e7o\u011fu i\u00e7in \u00f6nemli sonu\u00e7lar\u0131 var. Zira ona g\u00f6re modern psikoloji, zaman\u0131n\u0131n \u00e7o\u011funu asl\u0131nda olmayan bir \u015feyi d\u00fczeltmeye \u00e7al\u0131\u015fmakla harc\u0131yor.   Bu kitab\u0131 benzersiz k\u0131lan \u015fey, okuyucunun, bu ger\u00e7e\u011fi kendisinin de deneyimlemesine imkan veren bir dizi al\u0131\u015ft\u0131rman\u0131n yan\u0131 s\u0131ra daha sonra kullanmas\u0131 i\u00e7in ek ara\u00e7lar ve uygulamalar sunmas\u0131d\u0131r. Bu ara\u00e7 ve uygulamalar hayat\u0131 deneyimlemenin yolunu de\u011fi\u015ftirmek i\u00e7in tasarlanm\u0131\u015ft\u0131r; d\u00fc\u015f\u00fcnmekten \u00e7ok var olmaya dayal\u0131 bir yol. <\/p>\n","protected":false},"excerpt":{"rendered":"<p>1990&#8217;lar\u0131n ba\u015f\u0131nda y\u00fcksek lisans\u0131n\u0131 yaparken, Chris Niebauer psikoloji ve n\u00f6robilimdeki son ke\u015fifler ile Budizm, Taoizm ve di\u011fer Do\u011fu felsefeleri aras\u0131nda \u00e7arp\u0131c\u0131 benzerlikler fark etmeye ba\u015flad\u0131. Bulgular\u0131n\u0131<span class=\"excerpt-hellip\"> [\u2026]<\/span><\/p>\n","protected":false},"featured_media":0,"template":"","meta":{"_monsterinsights_skip_tracking":false,"_monsterinsights_sitenote_active":false,"_monsterinsights_sitenote_note":"","_monsterinsights_sitenote_category":0},"product_brand":[],"product_cat":[12357],"product_tag":[],"class_list":{"0":"post-753973","1":"product","2":"type-product","3":"status-publish","5":"product_cat-psikoloji","6":"pa_cilt-ciltsiz","7":"pa_tur-kitap","8":"pa_yayinevi-serbest-kitaplar","9":"pa_yazar-chris-niebauer","11":"first","12":"instock","13":"sale","14":"shipping-taxable","15":"purchasable","16":"product-type-simple"},"_links":{"self":[{"href":"https:\/\/roveyayinevi.com.tr\/index.php\/wp-json\/wp\/v2\/product\/753973","targetHints":{"allow":["GET"]}}],"collection":[{"href":"https:\/\/roveyayinevi.com.tr\/index.php\/wp-json\/wp\/v2\/product"}],"about":[{"href":"https:\/\/roveyayinevi.com.tr\/index.php\/wp-json\/wp\/v2\/types\/product"}],"wp:attachment":[{"href":"https:\/\/roveyayinevi.com.tr\/index.php\/wp-json\/wp\/v2\/media?parent=753973"}],"wp:term":[{"taxonomy":"product_brand","embeddable":true,"href":"https:\/\/roveyayinevi.com.tr\/index.php\/wp-json\/wp\/v2\/product_brand?post=753973"},{"taxonomy":"product_cat","embeddable":true,"href":"https:\/\/roveyayinevi.com.tr\/index.php\/wp-json\/wp\/v2\/product_cat?post=753973"},{"taxonomy":"product_tag","embeddable":true,"href":"https:\/\/roveyayinevi.com.tr\/index.php\/wp-json\/wp\/v2\/product_tag?post=753973"}],"curies":[{"name":"wp","href":"https:\/\/api.w.org\/{rel}","templated":true}]}}