{"id":753972,"date":"2025-08-28T05:57:35","date_gmt":"2025-08-28T02:57:35","guid":{"rendered":"https:\/\/roveyayinevi.com.tr\/index.php\/urun\/magara-adaminin-kralicenin-ve-aradaki-her-seyin-yasaminda-bir-gun\/"},"modified":"2026-04-16T03:07:23","modified_gmt":"2026-04-16T00:07:23","slug":"magara-adaminin-kralicenin-ve-aradaki-her-seyin-yasaminda-bir-gun","status":"publish","type":"product","link":"https:\/\/roveyayinevi.com.tr\/index.php\/urun\/magara-adaminin-kralicenin-ve-aradaki-her-seyin-yasaminda-bir-gun\/","title":{"rendered":"Ma\u011fara Adam\u0131n\u0131n, Krali\u00e7enin ve Aradaki Her \u015eeyin Ya\u015fam\u0131nda Bir G\u00fcn"},"content":{"rendered":"<p>G\u00fcre\u015fmeyi seven bir YUNAN F\u0130LOZOFUN, \u0130PEK YOLU\u2019ndaki bir DEVEN\u0130N ve UZAYA giden \u0130LK KADININ ortak noktas\u0131 nedir? Her biri B\u0130R G\u00dcN\u00dcN\u00dcN nas\u0131l ge\u00e7ti\u011fini bu kitaba anlatt\u0131. Kakan\u0131n, Pandan\u0131n ve Senin Ya\u015fam\u0131nda Bir G\u00fcn&#8217;\u00fcn arkas\u0131ndaki muhte\u015fem beyinler bu kez bizleri d\u00fcnya tarihinde kahkaha ve hayret garantili bir yolculu\u011fa \u00e7\u0131kar\u0131yor. Zamanda yolculu\u011fa haz\u0131r m\u0131s\u0131n? Kayalara mamut resimleri \u00e7izen bir ma\u011fara insan\u0131, kolezyumda d\u00f6v\u00fc\u015fen bir gladyat\u00f6r, anne s\u00f6z\u00fc dinlemeyen Vikingli bir gen\u00e7 ve uzaya giden ilk kad\u0131n\u2026 hepsi bir g\u00fcnlerinin nas\u0131l ge\u00e7ti\u011fini bu kitapta anlatt\u0131. Sadece onlar m\u0131! Antik M\u0131s\u0131r\u2019da tanr\u0131 yerine konulan bir kediden, 1500 y\u0131l \u00f6ncenin \u0130stanbul\u2019unda hipodromda ko\u015fturan bir yar\u0131\u015f at\u0131na; Ayasofya\u2019n\u0131n kubbesini s\u00fcsleyecek bir yaprak alt\u0131n varaktan, sonradan Mona Lisa\u2019ya d\u00f6n\u00fc\u015fecek bir ah\u015fap par\u00e7as\u0131na; \u00c7in Seddi\u2019nden, Shakespeare\u2019in alk\u0131\u015flarla \u00e7\u0131nlatt\u0131\u011f\u0131 Globe tiyatrosuna; felsefecisinden marangozuna onlarca insan, hayvan, yap\u0131 ve e\u015fya dile gelip tarihte iz b\u0131rakmalar\u0131n\u0131 sa\u011flayan bir g\u00fcnlerini bizimle payla\u015f\u0131yor. \u00c7izgi roman \u00e7izgi bilim ile birle\u015fiyor, tarih hi\u00e7 olmad\u0131\u011f\u0131 kadar e\u011flenceli hale geliyor. O kadar e\u011flenceli ki, d\u00fcnya tarihi hakk\u0131nda bunca \u015feyi ne ara \u00f6\u011frendi\u011fini anlayamayacaks\u0131n. <\/p>\n","protected":false},"excerpt":{"rendered":"<p>G\u00fcre\u015fmeyi seven bir YUNAN F\u0130LOZOFUN, \u0130PEK YOLU\u2019ndaki bir DEVEN\u0130N ve UZAYA giden \u0130LK KADININ ortak noktas\u0131 nedir? Her biri B\u0130R G\u00dcN\u00dcN\u00dcN nas\u0131l ge\u00e7ti\u011fini bu kitaba anlatt\u0131.<span class=\"excerpt-hellip\"> [\u2026]<\/span><\/p>\n","protected":false},"featured_media":0,"template":"","meta":{"_monsterinsights_skip_tracking":false,"_monsterinsights_sitenote_active":false,"_monsterinsights_sitenote_note":"","_monsterinsights_sitenote_category":0},"product_brand":[],"product_cat":[12274,15842],"product_tag":[],"class_list":{"0":"post-753972","1":"product","2":"type-product","3":"status-publish","5":"product_cat-cocuk-ve-genclik-kitaplari","6":"product_cat-egitici-kitaplar","7":"pa_cilt-ciltsiz","8":"pa_tur-kitap","9":"pa_yayinevi-domingo-yayinevi","10":"pa_yazar-mike-barfield","12":"first","13":"instock","14":"sale","15":"shipping-taxable","16":"purchasable","17":"product-type-simple"},"_links":{"self":[{"href":"https:\/\/roveyayinevi.com.tr\/index.php\/wp-json\/wp\/v2\/product\/753972","targetHints":{"allow":["GET"]}}],"collection":[{"href":"https:\/\/roveyayinevi.com.tr\/index.php\/wp-json\/wp\/v2\/product"}],"about":[{"href":"https:\/\/roveyayinevi.com.tr\/index.php\/wp-json\/wp\/v2\/types\/product"}],"wp:attachment":[{"href":"https:\/\/roveyayinevi.com.tr\/index.php\/wp-json\/wp\/v2\/media?parent=753972"}],"wp:term":[{"taxonomy":"product_brand","embeddable":true,"href":"https:\/\/roveyayinevi.com.tr\/index.php\/wp-json\/wp\/v2\/product_brand?post=753972"},{"taxonomy":"product_cat","embeddable":true,"href":"https:\/\/roveyayinevi.com.tr\/index.php\/wp-json\/wp\/v2\/product_cat?post=753972"},{"taxonomy":"product_tag","embeddable":true,"href":"https:\/\/roveyayinevi.com.tr\/index.php\/wp-json\/wp\/v2\/product_tag?post=753972"}],"curies":[{"name":"wp","href":"https:\/\/api.w.org\/{rel}","templated":true}]}}