{"id":753971,"date":"2025-08-28T05:57:34","date_gmt":"2025-08-28T02:57:34","guid":{"rendered":"https:\/\/roveyayinevi.com.tr\/index.php\/urun\/devrimci-halk-hareketleri-tarihi-ucuncu-devrim-cilt-4\/"},"modified":"2026-04-16T03:07:23","modified_gmt":"2026-04-16T00:07:23","slug":"devrimci-halk-hareketleri-tarihi-ucuncu-devrim-cilt-4","status":"publish","type":"product","link":"https:\/\/roveyayinevi.com.tr\/index.php\/urun\/devrimci-halk-hareketleri-tarihi-ucuncu-devrim-cilt-4\/","title":{"rendered":"Devrimci Halk Hareketleri Tarihi: \u00dc\u00e7\u00fcnc\u00fc Devrim Cilt 4"},"content":{"rendered":"<p>Yirminci y\u00fczy\u0131l\u0131n en \u00f6nemli d\u00fc\u015f\u00fcn\u00fcr\u00fc olan Murray Bookchin\u2019in d\u00f6rt ciltlik \u00dc\u00e7\u00fcnc\u00fc Devrim eserinin \u00e7evirisi, yeniden editoryal g\u00f6zden ge\u00e7irilmi\u015f hali ve yeni kapak tasar\u0131mlar\u0131yla S\u00fcmer yay\u0131nc\u0131l\u0131k taraf\u0131ndan okuyucusuyla bulu\u015fturuluyor.   \u201cDevrimci Halk Hareketleri Tarihi\u201d \u00e7al\u0131\u015fmas\u0131n\u0131 \u201c\u00dc\u00e7\u00fcnc\u00fc Devrim\u201d olarak adland\u0131ran MurrayBookchin\u2019e g\u00f6re \u201c\u00dc\u00e7\u00fcnc\u00fc Devrim\u201d ba\u015fl\u0131\u011f\u0131, b\u00fcy\u00fck \u00f6l\u00e7\u00fcde bug\u00fcnk\u00fc kapitalizmin \u015fimdi sahip oldu\u011fu \u00fcst\u00fcnl\u00fc\u011f\u00fcn \u00f6nceden belirlenmi\u015f bir yazg\u0131 olmad\u0131\u011f\u0131n\u0131, devrimci halk hareketlerinin bug\u00fcnk\u00fc topluma ve -genellikle \u0130ngiliz, Amerikan ve Frans\u0131z devrimlerine verilen ismi kullanacak olursak- \u201cburjuva devrimlerine\u201d daha ak\u0131lc\u0131 ve daha demokratik toplumsal alternatifler \u00f6nerdiklerini ve bunlar i\u00e7in sava\u015ft\u0131klar\u0131n\u0131 g\u00f6stermek i\u00e7in se\u00e7ildi.   \u00dc\u00e7\u00fcnc\u00fc Devrim d\u00f6rd\u00fcnc\u00fc cilt, Spartakistlerden \u0130spanya \u0130\u00e7 Sava\u015f\u0131na kadarki s\u00fcreci i\u00e7ermektedir. Almanya\u2019da Spartakist hareketinin kurulu\u015fu ard\u0131ndan bir\u00e7ok kentte devrimci ayaklanmalar geli\u015fir. Almanya ve \u0130spanya\u2019daki i\u015f\u00e7i ayaklanmalar\u0131na odaklanan Bookchin\u2019in \u00f6nceki cilde konu olan proletarya devrimleri de\u011ferlendirmesini tamamlamaktad\u0131r. \u00dc\u00e7\u00fcnc\u00fc Devrim b\u00f6ylece Alman Devrimi ile ba\u015flay\u0131p Bavyera, Macaristan, Avusturya\u2019daki ayaklanmalar ve \u0130spanyol Devrimi ile son buluyor. <\/p>\n","protected":false},"excerpt":{"rendered":"<p>Yirminci y\u00fczy\u0131l\u0131n en \u00f6nemli d\u00fc\u015f\u00fcn\u00fcr\u00fc olan Murray Bookchin\u2019in d\u00f6rt ciltlik \u00dc\u00e7\u00fcnc\u00fc Devrim eserinin \u00e7evirisi, yeniden editoryal g\u00f6zden ge\u00e7irilmi\u015f hali ve yeni kapak tasar\u0131mlar\u0131yla S\u00fcmer yay\u0131nc\u0131l\u0131k taraf\u0131ndan<span class=\"excerpt-hellip\"> [\u2026]<\/span><\/p>\n","protected":false},"featured_media":0,"template":"","meta":{"_monsterinsights_skip_tracking":false,"_monsterinsights_sitenote_active":false,"_monsterinsights_sitenote_note":"","_monsterinsights_sitenote_category":0},"product_brand":[],"product_cat":[12305,12304],"product_tag":[],"class_list":{"0":"post-753971","1":"product","2":"type-product","3":"status-publish","5":"product_cat-dunya-tarihi","6":"product_cat-tarih","7":"pa_cilt-ciltsiz","8":"pa_tur-kitap","9":"pa_yayinevi-sumer-yayin","10":"pa_yazar-murray-bookchin","12":"first","13":"instock","14":"sale","15":"shipping-taxable","16":"purchasable","17":"product-type-simple"},"_links":{"self":[{"href":"https:\/\/roveyayinevi.com.tr\/index.php\/wp-json\/wp\/v2\/product\/753971","targetHints":{"allow":["GET"]}}],"collection":[{"href":"https:\/\/roveyayinevi.com.tr\/index.php\/wp-json\/wp\/v2\/product"}],"about":[{"href":"https:\/\/roveyayinevi.com.tr\/index.php\/wp-json\/wp\/v2\/types\/product"}],"wp:attachment":[{"href":"https:\/\/roveyayinevi.com.tr\/index.php\/wp-json\/wp\/v2\/media?parent=753971"}],"wp:term":[{"taxonomy":"product_brand","embeddable":true,"href":"https:\/\/roveyayinevi.com.tr\/index.php\/wp-json\/wp\/v2\/product_brand?post=753971"},{"taxonomy":"product_cat","embeddable":true,"href":"https:\/\/roveyayinevi.com.tr\/index.php\/wp-json\/wp\/v2\/product_cat?post=753971"},{"taxonomy":"product_tag","embeddable":true,"href":"https:\/\/roveyayinevi.com.tr\/index.php\/wp-json\/wp\/v2\/product_tag?post=753971"}],"curies":[{"name":"wp","href":"https:\/\/api.w.org\/{rel}","templated":true}]}}