{"id":753969,"date":"2025-08-28T05:57:32","date_gmt":"2025-08-28T02:57:32","guid":{"rendered":"https:\/\/roveyayinevi.com.tr\/index.php\/urun\/devrimci-halk-hareketleri-tarihi-ucuncu-devrim-cilt-2\/"},"modified":"2026-04-16T03:07:23","modified_gmt":"2026-04-16T00:07:23","slug":"devrimci-halk-hareketleri-tarihi-ucuncu-devrim-cilt-2","status":"publish","type":"product","link":"https:\/\/roveyayinevi.com.tr\/index.php\/urun\/devrimci-halk-hareketleri-tarihi-ucuncu-devrim-cilt-2\/","title":{"rendered":"Devrimci Halk Hareketleri Tarihi: \u00dc\u00e7\u00fcnc\u00fc Devrim Cilt 2"},"content":{"rendered":"<p>Yirminci y\u00fczy\u0131l\u0131n en \u00f6nemli d\u00fc\u015f\u00fcn\u00fcr\u00fc olan Murray Bookchin\u2019in d\u00f6rt ciltlik \u00dc\u00e7\u00fcnc\u00fc Devrim eserinin \u00e7evirisi, yeniden editoryal g\u00f6zden ge\u00e7irilmi\u015f hali ve yeni kapak tasar\u0131mlar\u0131yla S\u00fcmer yay\u0131nc\u0131l\u0131k taraf\u0131ndan okuyucusuyla bulu\u015fturuluyor.   \u201cDevrimci Halk Hareketleri Tarihi\u201d \u00e7al\u0131\u015fmas\u0131n\u0131 \u201c\u00dc\u00e7\u00fcnc\u00fc Devrim\u201d olarak adland\u0131ran MurrayBookchin\u2019e g\u00f6re \u201c\u00dc\u00e7\u00fcnc\u00fc Devrim\u201d ba\u015fl\u0131\u011f\u0131, b\u00fcy\u00fck \u00f6l\u00e7\u00fcde bug\u00fcnk\u00fc kapitalizmin \u015fimdi sahip oldu\u011fu \u00fcst\u00fcnl\u00fc\u011f\u00fcn \u00f6nceden belirlenmi\u015f bir yazg\u0131 olmad\u0131\u011f\u0131n\u0131, devrimci halk hareketlerinin bug\u00fcnk\u00fc topluma ve -genellikle \u0130ngiliz, Amerikan ve Frans\u0131z devrimlerine verilen ismi kullanacak olursak- \u201cburjuva devrimlerine\u201d daha ak\u0131lc\u0131 ve daha demokratik toplumsal alternatifler \u00f6nerdiklerini ve bunlar i\u00e7in sava\u015ft\u0131klar\u0131n\u0131 g\u00f6stermek i\u00e7in se\u00e7ildi.   \u00dc\u00e7\u00fcnc\u00fc Devrim ikinci cilt, bizi Frans\u0131z Devriminin en \u00e7alkant\u0131l\u0131 d\u00f6nemlerine do\u011fru bir yolculu\u011fa \u00e7\u0131kar\u0131yor. Frans\u0131z Devriminden \u0130kinci Enternasyonale, \u0130kinci Enternasyonali olu\u015fturan Sosyal Demokrat Partilerin i\u00e7inde bulunduklar\u0131 durum, devrimci m\u00fccadele kar\u015f\u0131s\u0131ndaki pozisyonlar\u0131, ortaya \u00e7\u0131kan Birinci Payla\u015f\u0131m Sava\u015f\u0131 tehlikesine kar\u015f\u0131 yakla\u015f\u0131mlar\u0131 ve sava\u015f\u0131n ba\u015flamas\u0131 ile Avrupa sosyalist devrim d\u00fc\u015flerinden, burjuvazinin payla\u015f\u0131m i\u015fgallerine do\u011fru evirilmesini ele al\u0131yor. <\/p>\n","protected":false},"excerpt":{"rendered":"<p>Yirminci y\u00fczy\u0131l\u0131n en \u00f6nemli d\u00fc\u015f\u00fcn\u00fcr\u00fc olan Murray Bookchin\u2019in d\u00f6rt ciltlik \u00dc\u00e7\u00fcnc\u00fc Devrim eserinin \u00e7evirisi, yeniden editoryal g\u00f6zden ge\u00e7irilmi\u015f hali ve yeni kapak tasar\u0131mlar\u0131yla S\u00fcmer yay\u0131nc\u0131l\u0131k taraf\u0131ndan<span class=\"excerpt-hellip\"> [\u2026]<\/span><\/p>\n","protected":false},"featured_media":0,"template":"","meta":{"_monsterinsights_skip_tracking":false,"_monsterinsights_sitenote_active":false,"_monsterinsights_sitenote_note":"","_monsterinsights_sitenote_category":0},"product_brand":[],"product_cat":[12305,12304],"product_tag":[],"class_list":{"0":"post-753969","1":"product","2":"type-product","3":"status-publish","5":"product_cat-dunya-tarihi","6":"product_cat-tarih","7":"pa_cilt-ciltsiz","8":"pa_tur-kitap","9":"pa_yayinevi-sumer-yayin","10":"pa_yazar-murray-bookchin","12":"first","13":"instock","14":"sale","15":"shipping-taxable","16":"purchasable","17":"product-type-simple"},"_links":{"self":[{"href":"https:\/\/roveyayinevi.com.tr\/index.php\/wp-json\/wp\/v2\/product\/753969","targetHints":{"allow":["GET"]}}],"collection":[{"href":"https:\/\/roveyayinevi.com.tr\/index.php\/wp-json\/wp\/v2\/product"}],"about":[{"href":"https:\/\/roveyayinevi.com.tr\/index.php\/wp-json\/wp\/v2\/types\/product"}],"wp:attachment":[{"href":"https:\/\/roveyayinevi.com.tr\/index.php\/wp-json\/wp\/v2\/media?parent=753969"}],"wp:term":[{"taxonomy":"product_brand","embeddable":true,"href":"https:\/\/roveyayinevi.com.tr\/index.php\/wp-json\/wp\/v2\/product_brand?post=753969"},{"taxonomy":"product_cat","embeddable":true,"href":"https:\/\/roveyayinevi.com.tr\/index.php\/wp-json\/wp\/v2\/product_cat?post=753969"},{"taxonomy":"product_tag","embeddable":true,"href":"https:\/\/roveyayinevi.com.tr\/index.php\/wp-json\/wp\/v2\/product_tag?post=753969"}],"curies":[{"name":"wp","href":"https:\/\/api.w.org\/{rel}","templated":true}]}}