{"id":753965,"date":"2025-08-28T05:57:26","date_gmt":"2025-08-28T02:57:26","guid":{"rendered":"https:\/\/roveyayinevi.com.tr\/index.php\/urun\/buyuk-yaris-2\/"},"modified":"2026-04-16T03:07:23","modified_gmt":"2026-04-16T00:07:23","slug":"buyuk-yaris-2","status":"publish","type":"product","link":"https:\/\/roveyayinevi.com.tr\/index.php\/urun\/buyuk-yaris-2\/","title":{"rendered":"B\u00fcy\u00fck Yar\u0131\u015f"},"content":{"rendered":"<p>Yosun Meydan\u0131\u2019nda i\u015fler kar\u0131\u015fm\u0131\u015ft\u0131. Kefal Feyruz\u2019u hastanede unuttuklar\u0131n\u0131 fark eden k\u00fcrek tak\u0131m\u0131, \u015fimdi ne yapacaklar\u0131n\u0131 d\u00fc\u015f\u00fcn\u00fcyorlard\u0131. Tekneye y\u00f6n veren biri olmazsa, yolu kaybedebilirlerdi. Yar\u0131\u015f\u0131 kazanmak hayal mi olacakt\u0131? Bizi biz yapan farkl\u0131l\u0131klar\u0131m\u0131z bir araya geldi\u011finde b\u00fcy\u00fck bir kuvvete d\u00f6n\u00fc\u015febilecek miydi? Haydi gelin, Kefal Feyruz\u2019un heyecan\u0131na ortak olal\u0131m. <\/p>\n","protected":false},"excerpt":{"rendered":"<p>Yosun Meydan\u0131\u2019nda i\u015fler kar\u0131\u015fm\u0131\u015ft\u0131. Kefal Feyruz\u2019u hastanede unuttuklar\u0131n\u0131 fark eden k\u00fcrek tak\u0131m\u0131, \u015fimdi ne yapacaklar\u0131n\u0131 d\u00fc\u015f\u00fcn\u00fcyorlard\u0131. Tekneye y\u00f6n veren biri olmazsa, yolu kaybedebilirlerdi. Yar\u0131\u015f\u0131 kazanmak hayal<span class=\"excerpt-hellip\"> [\u2026]<\/span><\/p>\n","protected":false},"featured_media":0,"template":"","meta":{"_monsterinsights_skip_tracking":false,"_monsterinsights_sitenote_active":false,"_monsterinsights_sitenote_note":"","_monsterinsights_sitenote_category":0},"product_brand":[],"product_cat":[12274,12284],"product_tag":[],"class_list":{"0":"post-753965","1":"product","2":"type-product","3":"status-publish","5":"product_cat-cocuk-ve-genclik-kitaplari","6":"product_cat-hikayeler","7":"pa_cilt-ciltsiz","8":"pa_tur-kitap","9":"pa_yayinevi-cinaralti-yayinlari","10":"pa_yazar-tugce-sifa-zorlu","12":"first","13":"instock","14":"sale","15":"shipping-taxable","16":"purchasable","17":"product-type-simple"},"_links":{"self":[{"href":"https:\/\/roveyayinevi.com.tr\/index.php\/wp-json\/wp\/v2\/product\/753965","targetHints":{"allow":["GET"]}}],"collection":[{"href":"https:\/\/roveyayinevi.com.tr\/index.php\/wp-json\/wp\/v2\/product"}],"about":[{"href":"https:\/\/roveyayinevi.com.tr\/index.php\/wp-json\/wp\/v2\/types\/product"}],"wp:attachment":[{"href":"https:\/\/roveyayinevi.com.tr\/index.php\/wp-json\/wp\/v2\/media?parent=753965"}],"wp:term":[{"taxonomy":"product_brand","embeddable":true,"href":"https:\/\/roveyayinevi.com.tr\/index.php\/wp-json\/wp\/v2\/product_brand?post=753965"},{"taxonomy":"product_cat","embeddable":true,"href":"https:\/\/roveyayinevi.com.tr\/index.php\/wp-json\/wp\/v2\/product_cat?post=753965"},{"taxonomy":"product_tag","embeddable":true,"href":"https:\/\/roveyayinevi.com.tr\/index.php\/wp-json\/wp\/v2\/product_tag?post=753965"}],"curies":[{"name":"wp","href":"https:\/\/api.w.org\/{rel}","templated":true}]}}