{"id":753964,"date":"2025-08-28T05:57:24","date_gmt":"2025-08-28T02:57:24","guid":{"rendered":"https:\/\/roveyayinevi.com.tr\/index.php\/urun\/on-yuz-bin-gozum-olsa-her-seyi-gorebilir-miyim\/"},"modified":"2026-04-16T03:07:23","modified_gmt":"2026-04-16T00:07:23","slug":"on-yuz-bin-gozum-olsa-her-seyi-gorebilir-miyim","status":"publish","type":"product","link":"https:\/\/roveyayinevi.com.tr\/index.php\/urun\/on-yuz-bin-gozum-olsa-her-seyi-gorebilir-miyim\/","title":{"rendered":"On Y\u00fcz Bin G\u00f6z\u00fcm Olsa Her \u015eeyi G\u00f6rebilir Miyim?"},"content":{"rendered":"<p>Bu kitap \u201cbakmak\u201d ve \u201cg\u00f6rmek\u201d aras\u0131ndaki fark\u0131 bir nebze de olsa g\u00f6sterebilmek amac\u0131 ile yaz\u0131lm\u0131\u015ft\u0131r. Asl\u0131nda bakmak \u015fahitli\u011fi, g\u00f6rmek derinli\u011fi ifade eder. Bakmak g\u00f6zle, g\u00f6rmek ise ak\u0131l ve kalbin devreye girmesi ile olur. Bakmak bir g\u00f6z hareketi, g\u00f6rmek bir \u015fuur faaliyetidir. Bakan ki\u015fi anlat\u0131r, g\u00f6ren ki\u015fi sorgular ve yorumlar. Bak\u0131nca severiz, g\u00f6r\u00fcnce hayran oluruz. Bak\u0131nca tan\u0131r\u0131z, g\u00f6r\u00fcnce anlar ve kavrar\u0131z. Bak\u0131\u015fta ge\u00e7icilik, g\u00f6r\u00fc\u015fte se\u00e7icilik vard\u0131r. Bu kitap, g\u00f6rmek isteyenlere ithaft\u0131r\u2026 <\/p>\n","protected":false},"excerpt":{"rendered":"<p>Bu kitap \u201cbakmak\u201d ve \u201cg\u00f6rmek\u201d aras\u0131ndaki fark\u0131 bir nebze de olsa g\u00f6sterebilmek amac\u0131 ile yaz\u0131lm\u0131\u015ft\u0131r. Asl\u0131nda bakmak \u015fahitli\u011fi, g\u00f6rmek derinli\u011fi ifade eder. Bakmak g\u00f6zle, g\u00f6rmek ise<span class=\"excerpt-hellip\"> [\u2026]<\/span><\/p>\n","protected":false},"featured_media":0,"template":"","meta":{"_monsterinsights_skip_tracking":false,"_monsterinsights_sitenote_active":false,"_monsterinsights_sitenote_note":"","_monsterinsights_sitenote_category":0},"product_brand":[],"product_cat":[12274,15842],"product_tag":[],"class_list":{"0":"post-753964","1":"product","2":"type-product","3":"status-publish","5":"product_cat-cocuk-ve-genclik-kitaplari","6":"product_cat-egitici-kitaplar","7":"pa_cilt-ciltsiz","8":"pa_tur-kitap","9":"pa_yayinevi-cinaralti-yayinlari","10":"pa_yazar-zehra-aras","12":"first","13":"instock","14":"sale","15":"shipping-taxable","16":"purchasable","17":"product-type-simple"},"_links":{"self":[{"href":"https:\/\/roveyayinevi.com.tr\/index.php\/wp-json\/wp\/v2\/product\/753964","targetHints":{"allow":["GET"]}}],"collection":[{"href":"https:\/\/roveyayinevi.com.tr\/index.php\/wp-json\/wp\/v2\/product"}],"about":[{"href":"https:\/\/roveyayinevi.com.tr\/index.php\/wp-json\/wp\/v2\/types\/product"}],"wp:attachment":[{"href":"https:\/\/roveyayinevi.com.tr\/index.php\/wp-json\/wp\/v2\/media?parent=753964"}],"wp:term":[{"taxonomy":"product_brand","embeddable":true,"href":"https:\/\/roveyayinevi.com.tr\/index.php\/wp-json\/wp\/v2\/product_brand?post=753964"},{"taxonomy":"product_cat","embeddable":true,"href":"https:\/\/roveyayinevi.com.tr\/index.php\/wp-json\/wp\/v2\/product_cat?post=753964"},{"taxonomy":"product_tag","embeddable":true,"href":"https:\/\/roveyayinevi.com.tr\/index.php\/wp-json\/wp\/v2\/product_tag?post=753964"}],"curies":[{"name":"wp","href":"https:\/\/api.w.org\/{rel}","templated":true}]}}