{"id":753963,"date":"2025-08-28T05:57:22","date_gmt":"2025-08-28T02:57:22","guid":{"rendered":"https:\/\/roveyayinevi.com.tr\/index.php\/urun\/allahin-yeryuzundeki-aynalari-1\/"},"modified":"2026-04-16T03:07:23","modified_gmt":"2026-04-16T00:07:23","slug":"allahin-yeryuzundeki-aynalari-1","status":"publish","type":"product","link":"https:\/\/roveyayinevi.com.tr\/index.php\/urun\/allahin-yeryuzundeki-aynalari-1\/","title":{"rendered":"Allah&#8217;\u0131n Yery\u00fcz\u00fcndeki Aynalar\u0131-1"},"content":{"rendered":"<p>U\u00e7u\u015fan rengarenk kelebekleri, pamuk pamuk bulutlar\u0131 \u00e7ok sevdi\u011fimiz insanlar\u0131 yaratan ve bizi \u00e7oook seven Allah&#8217;\u0131n isimlerini \u00f6\u011frenmek ister misin? Bu kitap, Esma-\u00fcl H\u00fcsn\u00e2\u2019y\u0131 en g\u00fczel ve en kolay \u015fekilde \u00f6\u011frenmen ve anlaman i\u00e7in yaz\u0131ld\u0131. Sayfalar\u0131 \u00e7evirmeye ba\u015fla ve kainattaki g\u00fczelliklerde Allah&#8217;\u0131 (cc) g\u00f6rmeye ba\u015fla\u2665\ufe0f <\/p>\n","protected":false},"excerpt":{"rendered":"<p>U\u00e7u\u015fan rengarenk kelebekleri, pamuk pamuk bulutlar\u0131 \u00e7ok sevdi\u011fimiz insanlar\u0131 yaratan ve bizi \u00e7oook seven Allah&#8217;\u0131n isimlerini \u00f6\u011frenmek ister misin? Bu kitap, Esma-\u00fcl H\u00fcsn\u00e2\u2019y\u0131 en g\u00fczel ve<span class=\"excerpt-hellip\"> [\u2026]<\/span><\/p>\n","protected":false},"featured_media":0,"template":"","meta":{"_monsterinsights_skip_tracking":false,"_monsterinsights_sitenote_active":false,"_monsterinsights_sitenote_note":"","_monsterinsights_sitenote_category":0},"product_brand":[],"product_cat":[12274,18802],"product_tag":[],"class_list":{"0":"post-753963","1":"product","2":"type-product","3":"status-publish","5":"product_cat-cocuk-ve-genclik-kitaplari","6":"product_cat-din-egitimi","7":"pa_cilt-ciltsiz","8":"pa_tur-kitap","9":"pa_yayinevi-cinaralti-yayinlari","10":"pa_yazar-aslihan-cengiz","12":"first","13":"instock","14":"sale","15":"shipping-taxable","16":"purchasable","17":"product-type-simple"},"_links":{"self":[{"href":"https:\/\/roveyayinevi.com.tr\/index.php\/wp-json\/wp\/v2\/product\/753963","targetHints":{"allow":["GET"]}}],"collection":[{"href":"https:\/\/roveyayinevi.com.tr\/index.php\/wp-json\/wp\/v2\/product"}],"about":[{"href":"https:\/\/roveyayinevi.com.tr\/index.php\/wp-json\/wp\/v2\/types\/product"}],"wp:attachment":[{"href":"https:\/\/roveyayinevi.com.tr\/index.php\/wp-json\/wp\/v2\/media?parent=753963"}],"wp:term":[{"taxonomy":"product_brand","embeddable":true,"href":"https:\/\/roveyayinevi.com.tr\/index.php\/wp-json\/wp\/v2\/product_brand?post=753963"},{"taxonomy":"product_cat","embeddable":true,"href":"https:\/\/roveyayinevi.com.tr\/index.php\/wp-json\/wp\/v2\/product_cat?post=753963"},{"taxonomy":"product_tag","embeddable":true,"href":"https:\/\/roveyayinevi.com.tr\/index.php\/wp-json\/wp\/v2\/product_tag?post=753963"}],"curies":[{"name":"wp","href":"https:\/\/api.w.org\/{rel}","templated":true}]}}