{"id":753962,"date":"2025-08-28T05:57:21","date_gmt":"2025-08-28T02:57:21","guid":{"rendered":"https:\/\/roveyayinevi.com.tr\/index.php\/urun\/baglan-ma\/"},"modified":"2026-04-16T03:07:23","modified_gmt":"2026-04-16T00:07:23","slug":"baglan-ma","status":"publish","type":"product","link":"https:\/\/roveyayinevi.com.tr\/index.php\/urun\/baglan-ma\/","title":{"rendered":"Ba\u011flan-ma"},"content":{"rendered":"<p>Kendimizi g\u00fcvende ve rahat hissetmek \u00f6nemli bir ihtiya\u00e7t\u0131r. Buna ba\u011fl\u0131 olarak duyulan tan\u0131d\u0131kl\u0131k hissi, bu g\u00fcvenlik ve rahatl\u0131k ihtiyac\u0131n\u0131 b\u00fcy\u00fck oranda kar\u015f\u0131lar. Baz\u0131lar\u0131yla ilk tan\u0131\u015ft\u0131\u011f\u0131m\u0131zda sanki birka\u00e7 saatlik de\u011fil de y\u0131llard\u0131r tan\u0131\u015f\u0131yor gibi hissederiz. \u00c7o\u011fu zaman annemize veya babam\u0131za benzeyen birinin bizi g\u00fcvende ve rahat hissettirdi\u011fine \u015fahit oluruz. Bu tan\u0131d\u0131kl\u0131k hissinin olu\u015fturdu\u011fu g\u00fcvenlik ve rahatl\u0131k duygusunu; \u201c\u0130yi ki var!\u201d dedi\u011fimiz ili\u015fkimizde, vazge\u00e7emedi\u011fimiz al\u0131\u015fkanl\u0131klarda, \u201cOnsuz ya\u015fayamam.\u201d dedi\u011finiz kahvemizde, \u015fans getirdi\u011fine inand\u0131\u011f\u0131m\u0131z y\u00fcz\u00fc\u011f\u00fcm\u00fczde ya\u015famaya devam ederiz. \u00c7ocuklu\u011fumuzda ebeveynimizle kurdu\u011fumuz ba\u011f\u0131n, yeti\u015fkinli\u011fimizde ya\u015fayacak oldu\u011fumuz her t\u00fcrl\u00fc ba\u011flanmaya bu denli sirayet edece\u011fi akl\u0131m\u0131za gelir miydi? \u201cYoklu\u011funa tahamm\u00fcl edemem!\u201d dedi\u011fimiz ba\u011fl\u0131l\u0131klar\u0131m\u0131z\u0131n nas\u0131l olu\u015ftu\u011funu, onlardan ni\u00e7in vazge\u00e7emedi\u011fimizi, neden bu kadar diren\u00e7li olduklar\u0131n\u0131 g\u00f6rmek ister misiniz? Her t\u00fcrl\u00fc ba\u011flanman\u0131n psikolojik temelini ke\u015ffe haz\u0131r m\u0131s\u0131n\u0131z? <\/p>\n","protected":false},"excerpt":{"rendered":"<p>Kendimizi g\u00fcvende ve rahat hissetmek \u00f6nemli bir ihtiya\u00e7t\u0131r. Buna ba\u011fl\u0131 olarak duyulan tan\u0131d\u0131kl\u0131k hissi, bu g\u00fcvenlik ve rahatl\u0131k ihtiyac\u0131n\u0131 b\u00fcy\u00fck oranda kar\u015f\u0131lar. Baz\u0131lar\u0131yla ilk tan\u0131\u015ft\u0131\u011f\u0131m\u0131zda sanki<span class=\"excerpt-hellip\"> [\u2026]<\/span><\/p>\n","protected":false},"featured_media":0,"template":"","meta":{"_monsterinsights_skip_tracking":false,"_monsterinsights_sitenote_active":false,"_monsterinsights_sitenote_note":"","_monsterinsights_sitenote_category":0},"product_brand":[],"product_cat":[12357],"product_tag":[],"class_list":{"0":"post-753962","1":"product","2":"type-product","3":"status-publish","5":"product_cat-psikoloji","6":"pa_cilt-ciltsiz","7":"pa_tur-kitap","8":"pa_yayinevi-cinaralti-yayinlari","9":"pa_yazar-aylin-mihci","11":"first","12":"instock","13":"sale","14":"shipping-taxable","15":"purchasable","16":"product-type-simple"},"_links":{"self":[{"href":"https:\/\/roveyayinevi.com.tr\/index.php\/wp-json\/wp\/v2\/product\/753962","targetHints":{"allow":["GET"]}}],"collection":[{"href":"https:\/\/roveyayinevi.com.tr\/index.php\/wp-json\/wp\/v2\/product"}],"about":[{"href":"https:\/\/roveyayinevi.com.tr\/index.php\/wp-json\/wp\/v2\/types\/product"}],"wp:attachment":[{"href":"https:\/\/roveyayinevi.com.tr\/index.php\/wp-json\/wp\/v2\/media?parent=753962"}],"wp:term":[{"taxonomy":"product_brand","embeddable":true,"href":"https:\/\/roveyayinevi.com.tr\/index.php\/wp-json\/wp\/v2\/product_brand?post=753962"},{"taxonomy":"product_cat","embeddable":true,"href":"https:\/\/roveyayinevi.com.tr\/index.php\/wp-json\/wp\/v2\/product_cat?post=753962"},{"taxonomy":"product_tag","embeddable":true,"href":"https:\/\/roveyayinevi.com.tr\/index.php\/wp-json\/wp\/v2\/product_tag?post=753962"}],"curies":[{"name":"wp","href":"https:\/\/api.w.org\/{rel}","templated":true}]}}