{"id":753960,"date":"2025-08-28T05:57:19","date_gmt":"2025-08-28T02:57:19","guid":{"rendered":"https:\/\/roveyayinevi.com.tr\/index.php\/urun\/sifa-mektuplari\/"},"modified":"2026-04-16T03:07:23","modified_gmt":"2026-04-16T00:07:23","slug":"sifa-mektuplari","status":"publish","type":"product","link":"https:\/\/roveyayinevi.com.tr\/index.php\/urun\/sifa-mektuplari\/","title":{"rendered":"\u015eifa Mektuplar\u0131"},"content":{"rendered":"<p>Allah\u2019\u0131m! Tam da buz tutmu\u015fken bir cemre d\u00fc\u015ft\u00fc y\u00fcre\u011fime ve ben kendime gelmeye, \u0131s\u0131nmaya ba\u015flad\u0131m. Bana verdiklerini, benimle kar\u015f\u0131la\u015ft\u0131rd\u0131klar\u0131n\u0131, beni koydu\u011fun yeri seviyorum. Yanl\u0131\u015f yapt\u0131\u011f\u0131mda beni muhatap alman\u0131, yoluma engeller koyup do\u011fruya dair mesajlar vermeni, beni kendime getirmeni seviyorum. Allah\u2019\u0131m, bana nefsimi ve \u015feytan\u0131m\u0131 tan\u0131t, beni egomla ve karanl\u0131k taraflar\u0131mla y\u00fczle\u015ftirip onlarla ba\u015f etme g\u00fcc\u00fc ver. Beni iyile\u015ftir. Fark ettim ki, ben hi\u00e7 kendimi sevmemi\u015fim. Yaln\u0131zca kendisine tutkuyla ba\u011flanan bir esir olmu\u015fum. Bana kendimi sevdir, seni sevdir, yolumu sevdir, yolumu geni\u015flet, z\u0131rh\u0131m\u0131 g\u00fc\u00e7lendir, akl\u0131m\u0131 b\u00fcy\u00fct, hakiki iyili\u011fi tan\u0131t. Bana \u015fifa ver\u2026 <\/p>\n","protected":false},"excerpt":{"rendered":"<p>Allah\u2019\u0131m! Tam da buz tutmu\u015fken bir cemre d\u00fc\u015ft\u00fc y\u00fcre\u011fime ve ben kendime gelmeye, \u0131s\u0131nmaya ba\u015flad\u0131m. Bana verdiklerini, benimle kar\u015f\u0131la\u015ft\u0131rd\u0131klar\u0131n\u0131, beni koydu\u011fun yeri seviyorum. Yanl\u0131\u015f yapt\u0131\u011f\u0131mda beni<span class=\"excerpt-hellip\"> [\u2026]<\/span><\/p>\n","protected":false},"featured_media":0,"template":"","meta":{"_monsterinsights_skip_tracking":false,"_monsterinsights_sitenote_active":false,"_monsterinsights_sitenote_note":"","_monsterinsights_sitenote_category":0},"product_brand":[],"product_cat":[12364,12376],"product_tag":[],"class_list":{"0":"post-753960","1":"product","2":"type-product","3":"status-publish","5":"product_cat-genel-konular","6":"product_cat-kisisel-gelisim","7":"pa_cilt-ciltsiz","8":"pa_tur-kitap","9":"pa_yayinevi-cinaralti-yayinlari","10":"pa_yazar-yusuf-efe-gocer","12":"first","13":"instock","14":"sale","15":"shipping-taxable","16":"purchasable","17":"product-type-simple"},"_links":{"self":[{"href":"https:\/\/roveyayinevi.com.tr\/index.php\/wp-json\/wp\/v2\/product\/753960","targetHints":{"allow":["GET"]}}],"collection":[{"href":"https:\/\/roveyayinevi.com.tr\/index.php\/wp-json\/wp\/v2\/product"}],"about":[{"href":"https:\/\/roveyayinevi.com.tr\/index.php\/wp-json\/wp\/v2\/types\/product"}],"wp:attachment":[{"href":"https:\/\/roveyayinevi.com.tr\/index.php\/wp-json\/wp\/v2\/media?parent=753960"}],"wp:term":[{"taxonomy":"product_brand","embeddable":true,"href":"https:\/\/roveyayinevi.com.tr\/index.php\/wp-json\/wp\/v2\/product_brand?post=753960"},{"taxonomy":"product_cat","embeddable":true,"href":"https:\/\/roveyayinevi.com.tr\/index.php\/wp-json\/wp\/v2\/product_cat?post=753960"},{"taxonomy":"product_tag","embeddable":true,"href":"https:\/\/roveyayinevi.com.tr\/index.php\/wp-json\/wp\/v2\/product_tag?post=753960"}],"curies":[{"name":"wp","href":"https:\/\/api.w.org\/{rel}","templated":true}]}}