{"id":753958,"date":"2025-08-28T05:57:16","date_gmt":"2025-08-28T02:57:16","guid":{"rendered":"https:\/\/roveyayinevi.com.tr\/index.php\/urun\/l-o-l-surprise-totally-queen-cikartmali-boyama-kitabi\/"},"modified":"2026-04-16T03:07:23","modified_gmt":"2026-04-16T00:07:23","slug":"l-o-l-surprise-totally-queen-cikartmali-boyama-kitabi","status":"publish","type":"product","link":"https:\/\/roveyayinevi.com.tr\/index.php\/urun\/l-o-l-surprise-totally-queen-cikartmali-boyama-kitabi\/","title":{"rendered":"L.O.L Surprise!-Totally Queen-\u00c7\u0131kartmal\u0131 Boyama Kitab\u0131"},"content":{"rendered":"<p>L.O.L. KRAL\u0130\u00c7E TA\u00c7LARINI KES, \u00c7IKAR, TOKAYLA SA\u00c7INA TUTTUR, KRAL\u0130\u00c7E OL!   KRAL\u0130YET E\u011eLENCES\u0130 BA\u015eLASIN! <\/p>\n","protected":false},"excerpt":{"rendered":"<p>L.O.L. KRAL\u0130\u00c7E TA\u00c7LARINI KES, \u00c7IKAR, TOKAYLA SA\u00c7INA TUTTUR, KRAL\u0130\u00c7E OL! KRAL\u0130YET E\u011eLENCES\u0130 BA\u015eLASIN!<\/p>\n","protected":false},"featured_media":0,"template":"","meta":{"_monsterinsights_skip_tracking":false,"_monsterinsights_sitenote_active":false,"_monsterinsights_sitenote_note":"","_monsterinsights_sitenote_category":0},"product_brand":[],"product_cat":[12644,12274],"product_tag":[],"class_list":{"0":"post-753958","1":"product","2":"type-product","3":"status-publish","5":"product_cat-boyama-kitaplari","6":"product_cat-cocuk-ve-genclik-kitaplari","7":"pa_cilt-ciltsiz","8":"pa_tur-kitap","9":"pa_yayinevi-dogan-cocuk","10":"pa_yazar-kolektif","12":"first","13":"instock","14":"sale","15":"shipping-taxable","16":"purchasable","17":"product-type-simple"},"_links":{"self":[{"href":"https:\/\/roveyayinevi.com.tr\/index.php\/wp-json\/wp\/v2\/product\/753958","targetHints":{"allow":["GET"]}}],"collection":[{"href":"https:\/\/roveyayinevi.com.tr\/index.php\/wp-json\/wp\/v2\/product"}],"about":[{"href":"https:\/\/roveyayinevi.com.tr\/index.php\/wp-json\/wp\/v2\/types\/product"}],"wp:attachment":[{"href":"https:\/\/roveyayinevi.com.tr\/index.php\/wp-json\/wp\/v2\/media?parent=753958"}],"wp:term":[{"taxonomy":"product_brand","embeddable":true,"href":"https:\/\/roveyayinevi.com.tr\/index.php\/wp-json\/wp\/v2\/product_brand?post=753958"},{"taxonomy":"product_cat","embeddable":true,"href":"https:\/\/roveyayinevi.com.tr\/index.php\/wp-json\/wp\/v2\/product_cat?post=753958"},{"taxonomy":"product_tag","embeddable":true,"href":"https:\/\/roveyayinevi.com.tr\/index.php\/wp-json\/wp\/v2\/product_tag?post=753958"}],"curies":[{"name":"wp","href":"https:\/\/api.w.org\/{rel}","templated":true}]}}