{"id":753955,"date":"2025-08-28T05:57:11","date_gmt":"2025-08-28T02:57:11","guid":{"rendered":"https:\/\/roveyayinevi.com.tr\/index.php\/urun\/gorunmez-cocuk-2\/"},"modified":"2026-04-16T03:07:23","modified_gmt":"2026-04-16T00:07:23","slug":"gorunmez-cocuk-2","status":"publish","type":"product","link":"https:\/\/roveyayinevi.com.tr\/index.php\/urun\/gorunmez-cocuk-2\/","title":{"rendered":"G\u00f6r\u00fcnmez \u00c7ocuk"},"content":{"rendered":"<p>Bir zamanlar oyun oynamak yerine herkesi \u00fczen \u015feyler yapan bir \u00e7ocuk vard\u0131. Kendini g\u00f6r\u00fcnmez hissediyordu ama G\u00fcne\u015f&#8217;e, \u00e7i\u00e7eklere, salyangozlara, ar\u0131lara ve incitip k\u00f6t\u00fc davrand\u0131\u011f\u0131 di\u011fer hayvanlara kar\u015f\u0131 g\u00f6r\u00fcn\u00fcr olmaktan da \u00f6teydi. Sonra bir gece bir \u015feyler de\u011fi\u015fti&#8230;   \u015eeker Portakal\u0131\u2019n\u0131n yazar\u0131 Vasconcelos, sadece kendi k\u00fc\u00e7\u00fck d\u00fcnyas\u0131nda g\u00f6r\u00fcn\u00fcr olmay\u0131 b\u0131rak\u0131p \u201cb\u00fcy\u00fck\u201dlerin g\u00f6z\u00fcnde de g\u00f6r\u00fcn\u00fcr olmak isteyen bir \u00e7ocu\u011fun masal\u0131n\u0131, \u015fiirsel bir dille anlat\u0131yor&#8230; <\/p>\n","protected":false},"excerpt":{"rendered":"<p>Bir zamanlar oyun oynamak yerine herkesi \u00fczen \u015feyler yapan bir \u00e7ocuk vard\u0131. Kendini g\u00f6r\u00fcnmez hissediyordu ama G\u00fcne\u015f&#8217;e, \u00e7i\u00e7eklere, salyangozlara, ar\u0131lara ve incitip k\u00f6t\u00fc davrand\u0131\u011f\u0131 di\u011fer hayvanlara<span class=\"excerpt-hellip\"> [\u2026]<\/span><\/p>\n","protected":false},"featured_media":0,"template":"","meta":{"_monsterinsights_skip_tracking":false,"_monsterinsights_sitenote_active":false,"_monsterinsights_sitenote_note":"","_monsterinsights_sitenote_category":0},"product_brand":[],"product_cat":[12274,12284],"product_tag":[],"class_list":{"0":"post-753955","1":"product","2":"type-product","3":"status-publish","5":"product_cat-cocuk-ve-genclik-kitaplari","6":"product_cat-hikayeler","7":"pa_cilt-ciltsiz","8":"pa_tur-kitap","9":"pa_yayinevi-dogan-cocuk","10":"pa_yazar-jose-mauro-de-vasconcelos","12":"first","13":"instock","14":"sale","15":"shipping-taxable","16":"purchasable","17":"product-type-simple"},"_links":{"self":[{"href":"https:\/\/roveyayinevi.com.tr\/index.php\/wp-json\/wp\/v2\/product\/753955","targetHints":{"allow":["GET"]}}],"collection":[{"href":"https:\/\/roveyayinevi.com.tr\/index.php\/wp-json\/wp\/v2\/product"}],"about":[{"href":"https:\/\/roveyayinevi.com.tr\/index.php\/wp-json\/wp\/v2\/types\/product"}],"wp:attachment":[{"href":"https:\/\/roveyayinevi.com.tr\/index.php\/wp-json\/wp\/v2\/media?parent=753955"}],"wp:term":[{"taxonomy":"product_brand","embeddable":true,"href":"https:\/\/roveyayinevi.com.tr\/index.php\/wp-json\/wp\/v2\/product_brand?post=753955"},{"taxonomy":"product_cat","embeddable":true,"href":"https:\/\/roveyayinevi.com.tr\/index.php\/wp-json\/wp\/v2\/product_cat?post=753955"},{"taxonomy":"product_tag","embeddable":true,"href":"https:\/\/roveyayinevi.com.tr\/index.php\/wp-json\/wp\/v2\/product_tag?post=753955"}],"curies":[{"name":"wp","href":"https:\/\/api.w.org\/{rel}","templated":true}]}}