{"id":753952,"date":"2025-08-28T05:57:08","date_gmt":"2025-08-28T02:57:08","guid":{"rendered":"https:\/\/roveyayinevi.com.tr\/index.php\/urun\/neden-29-ekim\/"},"modified":"2026-04-16T03:07:23","modified_gmt":"2026-04-16T00:07:23","slug":"neden-29-ekim","status":"publish","type":"product","link":"https:\/\/roveyayinevi.com.tr\/index.php\/urun\/neden-29-ekim\/","title":{"rendered":"Neden 29 Ekim ?"},"content":{"rendered":"<p>Gazi Mustafa Kemal Pa\u015fa, y\u0131llarca Cumhuriyet\u2019i \u201cmilli s\u0131r\u201d olarak zihninde muhafaza etti. Yeri geldi Cumhuriyet\u2019e kar\u015f\u0131 konu\u015fmalar yapt\u0131.   Saltanat kald\u0131r\u0131ld\u0131ktan on ay sonra, Eyl\u00fcl 1923\u2019te yeni devletin cumhuriyet olaca\u011f\u0131n\u0131 a\u00e7\u0131klad\u0131. Neden ilan i\u00e7in 29 Ekim g\u00fcn\u00fcn\u00fc se\u00e7ti?   Siyasi \u015fartlar\u0131 ve Meclis\u2019teki e\u011filimleri dikkate alan Gazi, kurmay zek\u00e2s\u0131yla k\u0131sa s\u00fcreli bir h\u00fck\u00fcmet krizi planlayarak, 29 Ekim\u2019de kendisinin tan\u0131mlad\u0131\u011f\u0131 Cumhuriyet\u2019in ilan\u0131n\u0131 ger\u00e7ekle\u015ftirdi.Muhalifler etkisiz kald\u0131.   Meclis zab\u0131tlar\u0131n\u0131 ve d\u00f6nemin gazetelerindeki haber ve makaleleri ara\u015ft\u0131ran Taha Akyol Cumhuriyet\u2019in ilan\u0131na giden s\u00fcre\u00e7teki tart\u0131\u015fmalar\u0131, siyasi \u015fartlar\u0131, bas\u0131n ve Meclis\u2019teki muhalifleri ve Gazi\u2019nin \u201cink\u0131lap\u00e7\u0131 cumhuriyet\u201d stratejisini anlat\u0131yor. <\/p>\n","protected":false},"excerpt":{"rendered":"<p>Gazi Mustafa Kemal Pa\u015fa, y\u0131llarca Cumhuriyet\u2019i \u201cmilli s\u0131r\u201d olarak zihninde muhafaza etti. Yeri geldi Cumhuriyet\u2019e kar\u015f\u0131 konu\u015fmalar yapt\u0131. Saltanat kald\u0131r\u0131ld\u0131ktan on ay sonra, Eyl\u00fcl 1923\u2019te yeni<span class=\"excerpt-hellip\"> [\u2026]<\/span><\/p>\n","protected":false},"featured_media":0,"template":"","meta":{"_monsterinsights_skip_tracking":false,"_monsterinsights_sitenote_active":false,"_monsterinsights_sitenote_note":"","_monsterinsights_sitenote_category":0},"product_brand":[],"product_cat":[12370,12304],"product_tag":[],"class_list":{"0":"post-753952","1":"product","2":"type-product","3":"status-publish","5":"product_cat-arastirma-inceleme","6":"product_cat-tarih","7":"pa_cilt-ciltsiz","8":"pa_tur-kitap","9":"pa_yayinevi-dogan-kitap","10":"pa_yazar-taha-akyol","12":"first","13":"instock","14":"sale","15":"shipping-taxable","16":"purchasable","17":"product-type-simple"},"_links":{"self":[{"href":"https:\/\/roveyayinevi.com.tr\/index.php\/wp-json\/wp\/v2\/product\/753952","targetHints":{"allow":["GET"]}}],"collection":[{"href":"https:\/\/roveyayinevi.com.tr\/index.php\/wp-json\/wp\/v2\/product"}],"about":[{"href":"https:\/\/roveyayinevi.com.tr\/index.php\/wp-json\/wp\/v2\/types\/product"}],"wp:attachment":[{"href":"https:\/\/roveyayinevi.com.tr\/index.php\/wp-json\/wp\/v2\/media?parent=753952"}],"wp:term":[{"taxonomy":"product_brand","embeddable":true,"href":"https:\/\/roveyayinevi.com.tr\/index.php\/wp-json\/wp\/v2\/product_brand?post=753952"},{"taxonomy":"product_cat","embeddable":true,"href":"https:\/\/roveyayinevi.com.tr\/index.php\/wp-json\/wp\/v2\/product_cat?post=753952"},{"taxonomy":"product_tag","embeddable":true,"href":"https:\/\/roveyayinevi.com.tr\/index.php\/wp-json\/wp\/v2\/product_tag?post=753952"}],"curies":[{"name":"wp","href":"https:\/\/api.w.org\/{rel}","templated":true}]}}