{"id":753948,"date":"2025-08-28T05:57:02","date_gmt":"2025-08-28T02:57:02","guid":{"rendered":"https:\/\/roveyayinevi.com.tr\/index.php\/urun\/arkadasim-elif-cicekleri-kesfediyoruz\/"},"modified":"2026-04-16T03:07:22","modified_gmt":"2026-04-16T00:07:22","slug":"arkadasim-elif-cicekleri-kesfediyoruz","status":"publish","type":"product","link":"https:\/\/roveyayinevi.com.tr\/index.php\/urun\/arkadasim-elif-cicekleri-kesfediyoruz\/","title":{"rendered":"Arkada\u015f\u0131m Elif &#8211; \u00c7i\u00e7ekleri Ke\u015ffediyoruz"},"content":{"rendered":"<p>Elif ilkbahar\u0131 \u00e7ok seviyor! Bu mevsimde do\u011fa canlanmaya ba\u015fl\u0131yor, \u00e7i\u00e7ekler reng\u00e2renk a\u00e7\u0131yor. Do\u011fada ve bah\u00e7ede kar\u015f\u0131la\u015fabilece\u011fin \u00e7i\u00e7eklerin isimlerini ve \u00f6zelliklerini \u00f6\u011frenirken e\u011flenceli etkinlikler de sana e\u015flik edecek! *Deney *Boyama *Ara-Bul *Bulmaca Do\u011fa y\u00fcr\u00fcy\u00fc\u015fleri heyecan verici ke\u015fif gezilerine d\u00f6n\u00fc\u015febilir\u2026<\/p>\n","protected":false},"excerpt":{"rendered":"<p>Elif ilkbahar\u0131 \u00e7ok seviyor! Bu mevsimde do\u011fa canlanmaya ba\u015fl\u0131yor, \u00e7i\u00e7ekler reng\u00e2renk a\u00e7\u0131yor. Do\u011fada ve bah\u00e7ede kar\u015f\u0131la\u015fabilece\u011fin \u00e7i\u00e7eklerin isimlerini ve \u00f6zelliklerini \u00f6\u011frenirken e\u011flenceli etkinlikler de sana e\u015flik<span class=\"excerpt-hellip\"> [\u2026]<\/span><\/p>\n","protected":false},"featured_media":0,"template":"","meta":{"_monsterinsights_skip_tracking":false,"_monsterinsights_sitenote_active":false,"_monsterinsights_sitenote_note":"","_monsterinsights_sitenote_category":0},"product_brand":[],"product_cat":[12274,12284],"product_tag":[],"class_list":{"0":"post-753948","1":"product","2":"type-product","3":"status-publish","5":"product_cat-cocuk-ve-genclik-kitaplari","6":"product_cat-hikayeler","7":"pa_cilt-ciltsiz","8":"pa_tur-kitap","9":"pa_yayinevi-is-bankasi-kultur-yayinlari","10":"pa_yazar-hanna-sorensen","12":"first","13":"instock","14":"sale","15":"shipping-taxable","16":"purchasable","17":"product-type-simple"},"_links":{"self":[{"href":"https:\/\/roveyayinevi.com.tr\/index.php\/wp-json\/wp\/v2\/product\/753948","targetHints":{"allow":["GET"]}}],"collection":[{"href":"https:\/\/roveyayinevi.com.tr\/index.php\/wp-json\/wp\/v2\/product"}],"about":[{"href":"https:\/\/roveyayinevi.com.tr\/index.php\/wp-json\/wp\/v2\/types\/product"}],"wp:attachment":[{"href":"https:\/\/roveyayinevi.com.tr\/index.php\/wp-json\/wp\/v2\/media?parent=753948"}],"wp:term":[{"taxonomy":"product_brand","embeddable":true,"href":"https:\/\/roveyayinevi.com.tr\/index.php\/wp-json\/wp\/v2\/product_brand?post=753948"},{"taxonomy":"product_cat","embeddable":true,"href":"https:\/\/roveyayinevi.com.tr\/index.php\/wp-json\/wp\/v2\/product_cat?post=753948"},{"taxonomy":"product_tag","embeddable":true,"href":"https:\/\/roveyayinevi.com.tr\/index.php\/wp-json\/wp\/v2\/product_tag?post=753948"}],"curies":[{"name":"wp","href":"https:\/\/api.w.org\/{rel}","templated":true}]}}