{"id":753944,"date":"2025-08-28T05:56:56","date_gmt":"2025-08-28T02:56:56","guid":{"rendered":"https:\/\/roveyayinevi.com.tr\/index.php\/urun\/bagisiklik-sistemi-kisa-bir-giris\/"},"modified":"2026-04-16T03:07:22","modified_gmt":"2026-04-16T00:07:22","slug":"bagisiklik-sistemi-kisa-bir-giris","status":"publish","type":"product","link":"https:\/\/roveyayinevi.com.tr\/index.php\/urun\/bagisiklik-sistemi-kisa-bir-giris\/","title":{"rendered":"Ba\u011f\u0131\u015f\u0131kl\u0131k Sistemi &#8211; K\u0131sa Bir Giri\u015f"},"content":{"rendered":"<p>\u201cBu kitapta, evrim yoluyla miras ald\u0131\u011f\u0131m\u0131z ba\u011f\u0131\u015f\u0131kl\u0131k sisteminin temel yap\u0131ta\u015flar\u0131n\u0131n i\u015flevlerini nas\u0131l e\u015fg\u00fcd\u00fcml\u00fc hale getirdikleri incelenmi\u015ftir. Bu i\u015f normalde o kadar iyi yap\u0131l\u0131r ki, g\u00fcndelik hayat\u0131m\u0131z \u00fczerindeki etkisine pek ald\u0131r\u0131\u015f etmeyiz ve ancak i\u015fler k\u00f6t\u00fcye gitti\u011finde bizim i\u00e7in \u00f6nemli hale gelir.\u201d \u0130nsanl\u0131k, ba\u011f\u0131\u015f\u0131kl\u0131k sisteminden yararlanarak a\u015f\u0131 geli\u015ftirmede son derece ba\u015far\u0131l\u0131 oldu. Fakat d\u00fcnya genelinde halen HIV, s\u0131tma, t\u00fcberk\u00fcloz gibi pek \u00e7ok zorlu enfeksiyonla, ayr\u0131ca kalp-damar hastal\u0131klar\u0131, kanser, bunama gibi hastal\u0131klarla kar\u015f\u0131 kar\u015f\u0131yay\u0131z. Bu t\u00fcr hastal\u0131klar\u0131n \u00f6nlenmesi ve iyile\u015ftirilmesi, ba\u011f\u0131\u015f\u0131kl\u0131k sisteminin hedeflerinin daha iyi anla\u015f\u0131lmas\u0131na ba\u011fl\u0131. Ba\u011f\u0131\u015f\u0131kl\u0131\u011f\u0131 g\u00fc\u00e7lendiren tedavilerin 21. y\u00fczy\u0131l\u0131n hastal\u0131klar\u0131na kar\u015f\u0131 korunma amac\u0131yla nas\u0131l geli\u015ftirilebilece\u011fi ara\u015ft\u0131r\u0131lan bir ba\u015fka g\u00fcncel konu. Oxford \u00dcniversitesi\u2019nin cep kitaplar\u0131 serisinden yay\u0131mlanan bu kitab\u0131nda yazar Paul Klenerman ba\u011f\u0131\u015f\u0131kl\u0131k sisteminin hastal\u0131kta ve sa\u011fl\u0131kta nas\u0131l \u00e7al\u0131\u015ft\u0131\u011f\u0131n\u0131 anlat\u0131yor. Ba\u011f\u0131\u015f\u0131kl\u0131k sisteminin i\u015fleyi\u015findeki temel ilkeleri a\u00e7\u0131klayarak ilerleyen yazar, ba\u011f\u0131\u015f\u0131kl\u0131k sisteminin temel paradigmas\u0131 olan kendinden olan ile kendinden olmayan\u0131 ay\u0131rt etme yetene\u011fini vurguluyor. Gere\u011finden az ba\u011f\u0131\u015f\u0131kl\u0131\u011f\u0131n ve gere\u011finden fazla ba\u011f\u0131\u015f\u0131kl\u0131\u011f\u0131n sonu\u00e7lar\u0131na de\u011finerek, do\u011fal ve edinilmi\u015f ba\u011f\u0131\u015f\u0131kl\u0131\u011f\u0131n i\u015fleyi\u015fini \u00f6zl\u00fc bir bi\u00e7imde aktar\u0131yor.<\/p>\n","protected":false},"excerpt":{"rendered":"<p>\u201cBu kitapta, evrim yoluyla miras ald\u0131\u011f\u0131m\u0131z ba\u011f\u0131\u015f\u0131kl\u0131k sisteminin temel yap\u0131ta\u015flar\u0131n\u0131n i\u015flevlerini nas\u0131l e\u015fg\u00fcd\u00fcml\u00fc hale getirdikleri incelenmi\u015ftir. Bu i\u015f normalde o kadar iyi yap\u0131l\u0131r ki, g\u00fcndelik hayat\u0131m\u0131z<span class=\"excerpt-hellip\"> [\u2026]<\/span><\/p>\n","protected":false},"featured_media":0,"template":"","meta":{"_monsterinsights_skip_tracking":false,"_monsterinsights_sitenote_active":false,"_monsterinsights_sitenote_note":"","_monsterinsights_sitenote_category":0},"product_brand":[],"product_cat":[13005,38128],"product_tag":[],"class_list":{"0":"post-753944","1":"product","2":"type-product","3":"status-publish","5":"product_cat-bilim-muhendislik","6":"product_cat-tip-bilimleri","7":"pa_cilt-ciltsiz","8":"pa_tur-kitap","9":"pa_yayinevi-is-bankasi-kultur-yayinlari","10":"pa_yazar-paul-klenerman","12":"first","13":"instock","14":"sale","15":"shipping-taxable","16":"purchasable","17":"product-type-simple"},"_links":{"self":[{"href":"https:\/\/roveyayinevi.com.tr\/index.php\/wp-json\/wp\/v2\/product\/753944","targetHints":{"allow":["GET"]}}],"collection":[{"href":"https:\/\/roveyayinevi.com.tr\/index.php\/wp-json\/wp\/v2\/product"}],"about":[{"href":"https:\/\/roveyayinevi.com.tr\/index.php\/wp-json\/wp\/v2\/types\/product"}],"wp:attachment":[{"href":"https:\/\/roveyayinevi.com.tr\/index.php\/wp-json\/wp\/v2\/media?parent=753944"}],"wp:term":[{"taxonomy":"product_brand","embeddable":true,"href":"https:\/\/roveyayinevi.com.tr\/index.php\/wp-json\/wp\/v2\/product_brand?post=753944"},{"taxonomy":"product_cat","embeddable":true,"href":"https:\/\/roveyayinevi.com.tr\/index.php\/wp-json\/wp\/v2\/product_cat?post=753944"},{"taxonomy":"product_tag","embeddable":true,"href":"https:\/\/roveyayinevi.com.tr\/index.php\/wp-json\/wp\/v2\/product_tag?post=753944"}],"curies":[{"name":"wp","href":"https:\/\/api.w.org\/{rel}","templated":true}]}}