{"id":753940,"date":"2025-08-28T05:56:49","date_gmt":"2025-08-28T02:56:49","guid":{"rendered":"https:\/\/roveyayinevi.com.tr\/index.php\/urun\/dilek-kutuphanesi-yeni-okul-muduru\/"},"modified":"2026-04-16T03:07:22","modified_gmt":"2026-04-16T00:07:22","slug":"dilek-kutuphanesi-yeni-okul-muduru","status":"publish","type":"product","link":"https:\/\/roveyayinevi.com.tr\/index.php\/urun\/dilek-kutuphanesi-yeni-okul-muduru\/","title":{"rendered":"Dilek K\u00fct\u00fcphanesi &#8211; Yeni Okul M\u00fcd\u00fcr\u00fc"},"content":{"rendered":"<p>Ne diledi\u011fine dikkat et\u2026 Lincoln \u0130lkokulu\u2019nun yeni \u00f6\u011frencisi Luca Flores, Raven ile arkada\u015f olmu\u015ftu. \u0130ki dost, yerin alt\u0131ndaki gizemli Dilek K\u00fct\u00fcphanesi\u2019ni ziyaret etmi\u015f ve ba\u015f d\u00f6nd\u00fcr\u00fcc\u00fc bir macera ya\u015fam\u0131\u015ft\u0131. Raven\u2019\u0131n bir s\u00fcreli\u011fine \u015fehir d\u0131\u015f\u0131na \u00e7\u0131kmas\u0131 gerekiyordu. Luca, Raven\u2019a bir s\u00f6z verdi: Onsuz dilek dilemeyecek, Dilek K\u00fct\u00fcphanesi\u2019ne gitmeyecekti. Gelgelelim, arkada\u015f\u0131n\u0131n yoklu\u011funda i\u015fler sarpa sar\u0131nca, Luca s\u00f6z\u00fcn\u00fc tutmamaya karar verdi ve bir g\u00fcnl\u00fc\u011f\u00fcne yeti\u015fkin olmay\u0131 diledi\u2026<\/p>\n","protected":false},"excerpt":{"rendered":"<p>Ne diledi\u011fine dikkat et\u2026 Lincoln \u0130lkokulu\u2019nun yeni \u00f6\u011frencisi Luca Flores, Raven ile arkada\u015f olmu\u015ftu. \u0130ki dost, yerin alt\u0131ndaki gizemli Dilek K\u00fct\u00fcphanesi\u2019ni ziyaret etmi\u015f ve ba\u015f d\u00f6nd\u00fcr\u00fcc\u00fc<span class=\"excerpt-hellip\"> [\u2026]<\/span><\/p>\n","protected":false},"featured_media":0,"template":"","meta":{"_monsterinsights_skip_tracking":false,"_monsterinsights_sitenote_active":false,"_monsterinsights_sitenote_note":"","_monsterinsights_sitenote_category":0},"product_brand":[],"product_cat":[12274,12284],"product_tag":[],"class_list":{"0":"post-753940","1":"product","2":"type-product","3":"status-publish","5":"product_cat-cocuk-ve-genclik-kitaplari","6":"product_cat-hikayeler","7":"pa_cilt-ciltsiz","8":"pa_tur-kitap","9":"pa_yayinevi-is-bankasi-kultur-yayinlari","10":"pa_yazar-christine-evans","12":"first","13":"instock","14":"sale","15":"shipping-taxable","16":"purchasable","17":"product-type-simple"},"_links":{"self":[{"href":"https:\/\/roveyayinevi.com.tr\/index.php\/wp-json\/wp\/v2\/product\/753940","targetHints":{"allow":["GET"]}}],"collection":[{"href":"https:\/\/roveyayinevi.com.tr\/index.php\/wp-json\/wp\/v2\/product"}],"about":[{"href":"https:\/\/roveyayinevi.com.tr\/index.php\/wp-json\/wp\/v2\/types\/product"}],"wp:attachment":[{"href":"https:\/\/roveyayinevi.com.tr\/index.php\/wp-json\/wp\/v2\/media?parent=753940"}],"wp:term":[{"taxonomy":"product_brand","embeddable":true,"href":"https:\/\/roveyayinevi.com.tr\/index.php\/wp-json\/wp\/v2\/product_brand?post=753940"},{"taxonomy":"product_cat","embeddable":true,"href":"https:\/\/roveyayinevi.com.tr\/index.php\/wp-json\/wp\/v2\/product_cat?post=753940"},{"taxonomy":"product_tag","embeddable":true,"href":"https:\/\/roveyayinevi.com.tr\/index.php\/wp-json\/wp\/v2\/product_tag?post=753940"}],"curies":[{"name":"wp","href":"https:\/\/api.w.org\/{rel}","templated":true}]}}