{"id":753939,"date":"2025-08-28T05:56:47","date_gmt":"2025-08-28T02:56:47","guid":{"rendered":"https:\/\/roveyayinevi.com.tr\/index.php\/urun\/berk-ile-yavru-kopek-benek-dunyayi-ogreniyorum\/"},"modified":"2026-04-16T03:07:22","modified_gmt":"2026-04-16T00:07:22","slug":"berk-ile-yavru-kopek-benek-dunyayi-ogreniyorum","status":"publish","type":"product","link":"https:\/\/roveyayinevi.com.tr\/index.php\/urun\/berk-ile-yavru-kopek-benek-dunyayi-ogreniyorum\/","title":{"rendered":"Berk ile Yavru K\u00f6pek Benek &#8211; D\u00fcnyay\u0131 \u00d6\u011freniyorum"},"content":{"rendered":"<p>Berk, yavru bir k\u00f6pek sahiplenece\u011fi i\u00e7in heyecanl\u0131 ve mutluydu. Ailesiyle bar\u0131na\u011fa gitti\u011finde Benek\u2019i g\u00f6r\u00fcr g\u00f6rmez sevdi. Bakal\u0131m yeni evinde Benek\u2019i neler bekliyor? Yavru bir k\u00f6pe\u011fin bak\u0131m\u0131, ihtiya\u00e7lar\u0131 ve eve al\u0131\u015fma s\u00fcreciyle ilgili \u00e7ocuklara yol g\u00f6sterebilecek bir \u00f6yk\u00fc.<\/p>\n","protected":false},"excerpt":{"rendered":"<p>Berk, yavru bir k\u00f6pek sahiplenece\u011fi i\u00e7in heyecanl\u0131 ve mutluydu. Ailesiyle bar\u0131na\u011fa gitti\u011finde Benek\u2019i g\u00f6r\u00fcr g\u00f6rmez sevdi. Bakal\u0131m yeni evinde Benek\u2019i neler bekliyor? Yavru bir k\u00f6pe\u011fin bak\u0131m\u0131,<span class=\"excerpt-hellip\"> [\u2026]<\/span><\/p>\n","protected":false},"featured_media":0,"template":"","meta":{"_monsterinsights_skip_tracking":false,"_monsterinsights_sitenote_active":false,"_monsterinsights_sitenote_note":"","_monsterinsights_sitenote_category":0},"product_brand":[],"product_cat":[12274,12284],"product_tag":[],"class_list":{"0":"post-753939","1":"product","2":"type-product","3":"status-publish","5":"product_cat-cocuk-ve-genclik-kitaplari","6":"product_cat-hikayeler","7":"pa_cilt-ciltsiz","8":"pa_tur-kitap","9":"pa_yayinevi-is-bankasi-kultur-yayinlari","10":"pa_yazar-susa-hammerle","12":"first","13":"instock","14":"sale","15":"shipping-taxable","16":"purchasable","17":"product-type-simple"},"_links":{"self":[{"href":"https:\/\/roveyayinevi.com.tr\/index.php\/wp-json\/wp\/v2\/product\/753939","targetHints":{"allow":["GET"]}}],"collection":[{"href":"https:\/\/roveyayinevi.com.tr\/index.php\/wp-json\/wp\/v2\/product"}],"about":[{"href":"https:\/\/roveyayinevi.com.tr\/index.php\/wp-json\/wp\/v2\/types\/product"}],"wp:attachment":[{"href":"https:\/\/roveyayinevi.com.tr\/index.php\/wp-json\/wp\/v2\/media?parent=753939"}],"wp:term":[{"taxonomy":"product_brand","embeddable":true,"href":"https:\/\/roveyayinevi.com.tr\/index.php\/wp-json\/wp\/v2\/product_brand?post=753939"},{"taxonomy":"product_cat","embeddable":true,"href":"https:\/\/roveyayinevi.com.tr\/index.php\/wp-json\/wp\/v2\/product_cat?post=753939"},{"taxonomy":"product_tag","embeddable":true,"href":"https:\/\/roveyayinevi.com.tr\/index.php\/wp-json\/wp\/v2\/product_tag?post=753939"}],"curies":[{"name":"wp","href":"https:\/\/api.w.org\/{rel}","templated":true}]}}