{"id":753938,"date":"2025-08-28T05:56:45","date_gmt":"2025-08-28T02:56:45","guid":{"rendered":"https:\/\/roveyayinevi.com.tr\/index.php\/urun\/aforizmalar-10\/"},"modified":"2026-04-16T03:07:22","modified_gmt":"2026-04-16T00:07:22","slug":"aforizmalar-10","status":"publish","type":"product","link":"https:\/\/roveyayinevi.com.tr\/index.php\/urun\/aforizmalar-10\/","title":{"rendered":"Aforizmalar"},"content":{"rendered":"<p>Oscar Wilde, parlak zek\u00e2s\u0131, n\u00fcktedanl\u0131\u011f\u0131 ve yarat\u0131c\u0131l\u0131\u011f\u0131yla ku\u015faklar boyunca okurlar\u0131n\u0131 b\u00fcy\u00fclemi\u015ftir. Bug\u00fcn yaln\u0131zca do\u011fdu\u011fu \u00fclke \u0130rlanda\u2019da de\u011fil, \u0130ngiltere\u2019de de ulusal bir hazine olarak g\u00f6r\u00fclmesini, \u0130ngiliz dili ve edebiyat\u0131na muazzam katk\u0131larda bulunmas\u0131na bor\u00e7ludur. S\u00f6z ustal\u0131\u011f\u0131, ayk\u0131r\u0131 ifadeler, esprili diyaloglar, zek\u00e2 bar\u0131nd\u0131ran n\u00fckteli \u015fiirler, \u0130ngilizceyi bizzat bu dilin g\u00fczelliklerini sergilemek i\u00e7in bir ara\u00e7 olarak kullanan Wilde\u2019\u0131n \u00fcslubunda \u00f6nemli yer tutar. Sanat, estetik ve ki\u015fisel \u00f6zg\u00fcrl\u00fck \u00fczerine d\u00fc\u015f\u00fcnceleriyle Victoria d\u00f6neminin tutucu ahlak anlay\u0131\u015f\u0131na meydan okuyan Wilde, edebi miras\u0131yla oldu\u011fu kadar \u00f6zl\u00fc s\u00f6zleriyle de okurlar\u0131n\u0131n kalbini fethetmi\u015ftir. D\u00fc\u015f\u00fcncelerini ince mizah\u0131n\u0131n s\u00fczgecinden ge\u00e7irerek son derece \u00e7arp\u0131c\u0131 ve benzersiz bir \u00fcslupla ifade edebilme becerisi onu yap\u0131tlar\u0131ndan en \u00e7ok al\u0131nt\u0131 yap\u0131lan yazarlardan biri haline getirmi\u015ftir. Bu derlemede, hayat\u0131n her alan\u0131ndan dam\u0131tt\u0131\u011f\u0131 bilgelikle dolu \u00f6zl\u00fc s\u00f6zlerini bulacaksan\u0131z.<\/p>\n","protected":false},"excerpt":{"rendered":"<p>Oscar Wilde, parlak zek\u00e2s\u0131, n\u00fcktedanl\u0131\u011f\u0131 ve yarat\u0131c\u0131l\u0131\u011f\u0131yla ku\u015faklar boyunca okurlar\u0131n\u0131 b\u00fcy\u00fclemi\u015ftir. Bug\u00fcn yaln\u0131zca do\u011fdu\u011fu \u00fclke \u0130rlanda\u2019da de\u011fil, \u0130ngiltere\u2019de de ulusal bir hazine olarak g\u00f6r\u00fclmesini, \u0130ngiliz dili<span class=\"excerpt-hellip\"> [\u2026]<\/span><\/p>\n","protected":false},"featured_media":0,"template":"","meta":{"_monsterinsights_skip_tracking":false,"_monsterinsights_sitenote_active":false,"_monsterinsights_sitenote_note":"","_monsterinsights_sitenote_category":0},"product_brand":[],"product_cat":[75065,12291],"product_tag":[],"class_list":{"0":"post-753938","1":"product","2":"type-product","3":"status-publish","5":"product_cat-aforizmalar","6":"product_cat-edebiyat","7":"pa_cilt-ciltsiz","8":"pa_tur-kitap","9":"pa_yayinevi-is-bankasi-kultur-yayinlari","10":"pa_yazar-oscar-wilde","12":"first","13":"instock","14":"sale","15":"shipping-taxable","16":"purchasable","17":"product-type-simple"},"_links":{"self":[{"href":"https:\/\/roveyayinevi.com.tr\/index.php\/wp-json\/wp\/v2\/product\/753938","targetHints":{"allow":["GET"]}}],"collection":[{"href":"https:\/\/roveyayinevi.com.tr\/index.php\/wp-json\/wp\/v2\/product"}],"about":[{"href":"https:\/\/roveyayinevi.com.tr\/index.php\/wp-json\/wp\/v2\/types\/product"}],"wp:attachment":[{"href":"https:\/\/roveyayinevi.com.tr\/index.php\/wp-json\/wp\/v2\/media?parent=753938"}],"wp:term":[{"taxonomy":"product_brand","embeddable":true,"href":"https:\/\/roveyayinevi.com.tr\/index.php\/wp-json\/wp\/v2\/product_brand?post=753938"},{"taxonomy":"product_cat","embeddable":true,"href":"https:\/\/roveyayinevi.com.tr\/index.php\/wp-json\/wp\/v2\/product_cat?post=753938"},{"taxonomy":"product_tag","embeddable":true,"href":"https:\/\/roveyayinevi.com.tr\/index.php\/wp-json\/wp\/v2\/product_tag?post=753938"}],"curies":[{"name":"wp","href":"https:\/\/api.w.org\/{rel}","templated":true}]}}