{"id":753935,"date":"2025-08-28T05:56:41","date_gmt":"2025-08-28T02:56:41","guid":{"rendered":"https:\/\/roveyayinevi.com.tr\/index.php\/urun\/kutunun-disinda-dusunmek\/"},"modified":"2026-04-12T03:10:49","modified_gmt":"2026-04-12T00:10:49","slug":"kutunun-disinda-dusunmek","status":"publish","type":"product","link":"https:\/\/roveyayinevi.com.tr\/index.php\/urun\/kutunun-disinda-dusunmek\/","title":{"rendered":"Kutunun D\u0131\u015f\u0131nda D\u00fc\u015f\u00fcnmek"},"content":{"rendered":"<p>\u201cHAYAL G\u00dcC\u00dc, B\u0130LG\u0130DEN DAHA \u00d6NEML\u0130D\u0130R. B\u0130LG\u0130 SINIRLIDIR. HAYAL G\u00dcC\u00dcYSE D\u00dcNYAYI KU\u015eATIR.\u201d \u2013 ALBERT EINSTEIN   Yarat\u0131c\u0131 fikir \u00fcretmenin b\u00fcy\u00fck de\u011fer kazand\u0131\u011f\u0131 bir \u00e7a\u011fday\u0131z. Kutunun d\u0131\u015f\u0131nda d\u00fc\u015f\u00fcnmek, s\u0131radan\u0131 ola\u011fan\u00fcst\u00fc olandan ay\u0131rman\u0131n etkili bir yoludur. Bu s\u0131ra d\u0131\u015f\u0131 d\u00fc\u015f\u00fcnme tarz\u0131 zor kararlar\u0131 kendinizden emin bir \u015fekilde h\u0131zla alman\u0131z i\u00e7in ihtiya\u00e7 duyaca\u011f\u0131n\u0131z i\u00e7g\u00f6r\u00fcleri elde etmenizi sa\u011flar.   \u00c7ok satan kitaplar\u0131n yazar\u0131 Som Bathla, insan psikolojisi ve davran\u0131\u015f\u0131 \u00fczerine yapt\u0131\u011f\u0131 derin ara\u015ft\u0131rmalarla sizi bu kitapta yarat\u0131c\u0131 bir yolculu\u011fa \u00e7\u0131kar\u0131yor. D\u00fcnyan\u0131n en ak\u0131ll\u0131 d\u00fc\u015f\u00fcn\u00fcrlerinin uygulad\u0131\u011f\u0131 yarat\u0131c\u0131l\u0131k rutinini benimseyerek ve sizi \u00e7evreleyen ortam\u0131 yeni ba\u015ftan d\u00fczenleyerek d\u00fc\u015f\u00fcn\u00fc\u015f bi\u00e7iminizi ve gelece\u011fi \u00f6ng\u00f6rme becerinizi d\u00f6n\u00fc\u015ft\u00fcrebilirsiniz.     Bu kitapla: .Meydan okuman\u0131n zihni daha iyi fikirler bulmaya y\u00f6nlendirdi\u011fini idrak edecek .Daha az \u00e7aba harcayarak daha \u00e7ok i\u015f halletmek \u00fczere \u201cmant\u0131kl\u0131\u201d sol beyinle \u201cyarat\u0131c\u0131\u201d sa\u011f beyni nas\u0131l kullanabilece\u011finizin n\u00f6robilimini \u00f6\u011frenecek .Ayk\u0131r\u0131 d\u00fc\u015f\u00fcnceleri harekete ge\u00e7irmenin s\u0131rr\u0131n\u0131 kavrayacak .Beyindeki yarat\u0131c\u0131 n\u00f6rokimyasallar\u0131 salg\u0131laman\u0131n yollar\u0131n\u0131 ke\u015ffedecek .Yarat\u0131c\u0131 fikirler bulmak i\u00e7in gerekli olan sorgulama teknikleri ve yarat\u0131c\u0131 al\u0131\u015ft\u0131rmalarla g\u00fc\u00e7leneceksiniz.   Bu elkitab\u0131yla i\u00e7inizdeki yarat\u0131c\u0131l\u0131k potansiyelini serbest b\u0131rakmaya ve daha yarat\u0131c\u0131 olmaya haz\u0131r m\u0131s\u0131n\u0131z? <\/p>\n","protected":false},"excerpt":{"rendered":"<p>\u201cHAYAL G\u00dcC\u00dc, B\u0130LG\u0130DEN DAHA \u00d6NEML\u0130D\u0130R. B\u0130LG\u0130 SINIRLIDIR. HAYAL G\u00dcC\u00dcYSE D\u00dcNYAYI KU\u015eATIR.\u201d \u2013 ALBERT EINSTEIN Yarat\u0131c\u0131 fikir \u00fcretmenin b\u00fcy\u00fck de\u011fer kazand\u0131\u011f\u0131 bir \u00e7a\u011fday\u0131z. Kutunun d\u0131\u015f\u0131nda d\u00fc\u015f\u00fcnmek, s\u0131radan\u0131<span class=\"excerpt-hellip\"> [\u2026]<\/span><\/p>\n","protected":false},"featured_media":0,"template":"","meta":{"_monsterinsights_skip_tracking":false,"_monsterinsights_sitenote_active":false,"_monsterinsights_sitenote_note":"","_monsterinsights_sitenote_category":0},"product_brand":[],"product_cat":[12364,12376],"product_tag":[],"class_list":{"0":"post-753935","1":"product","2":"type-product","3":"status-publish","5":"product_cat-genel-konular","6":"product_cat-kisisel-gelisim","7":"pa_cilt-ciltsiz","8":"pa_tur-kitap","9":"pa_yayinevi-destek-yayinlari","10":"pa_yazar-som-bathla","12":"first","13":"instock","14":"sale","15":"shipping-taxable","16":"purchasable","17":"product-type-simple"},"_links":{"self":[{"href":"https:\/\/roveyayinevi.com.tr\/index.php\/wp-json\/wp\/v2\/product\/753935","targetHints":{"allow":["GET"]}}],"collection":[{"href":"https:\/\/roveyayinevi.com.tr\/index.php\/wp-json\/wp\/v2\/product"}],"about":[{"href":"https:\/\/roveyayinevi.com.tr\/index.php\/wp-json\/wp\/v2\/types\/product"}],"wp:attachment":[{"href":"https:\/\/roveyayinevi.com.tr\/index.php\/wp-json\/wp\/v2\/media?parent=753935"}],"wp:term":[{"taxonomy":"product_brand","embeddable":true,"href":"https:\/\/roveyayinevi.com.tr\/index.php\/wp-json\/wp\/v2\/product_brand?post=753935"},{"taxonomy":"product_cat","embeddable":true,"href":"https:\/\/roveyayinevi.com.tr\/index.php\/wp-json\/wp\/v2\/product_cat?post=753935"},{"taxonomy":"product_tag","embeddable":true,"href":"https:\/\/roveyayinevi.com.tr\/index.php\/wp-json\/wp\/v2\/product_tag?post=753935"}],"curies":[{"name":"wp","href":"https:\/\/api.w.org\/{rel}","templated":true}]}}