{"id":753934,"date":"2025-08-28T05:56:40","date_gmt":"2025-08-28T02:56:40","guid":{"rendered":"https:\/\/roveyayinevi.com.tr\/index.php\/urun\/guc-kazanma-sanati\/"},"modified":"2026-04-07T03:12:32","modified_gmt":"2026-04-07T00:12:32","slug":"guc-kazanma-sanati","status":"publish","type":"product","link":"https:\/\/roveyayinevi.com.tr\/index.php\/urun\/guc-kazanma-sanati\/","title":{"rendered":"G\u00fc\u00e7 Kazanma Sanat\u0131"},"content":{"rendered":"<p>\u201c\u0130nsan, akl\u0131n\u0131 ilk ke\u015ffetti\u011finde ikinci kez DO\u011eMU\u015e G\u0130B\u0130D\u0130R. ASLINDA bu do\u011fum, ger\u00e7ek do\u011fumdur ve \u00d6L\u00dcMS\u00dcZD\u00dcR.\u201d Bizi orta\u00e7a\u011f karanl\u0131\u011f\u0131ndan \u00e7\u0131karan Ayd\u0131nlanma g\u00fcne\u015fiyle aram\u0131za tozpembe bulutlar girdi y\u00fczy\u0131l\u0131m\u0131zda. K\u00f6rl\u00fck ayn\u0131, yaln\u0131zca alg\u0131s\u0131 farkl\u0131. Sebebi, geli\u015fen ileti\u015fim ayg\u0131tlar\u0131n\u0131n bombard\u0131man\u0131. Bilimsel geli\u015fmelerin yeni verilerini \u00e7arp\u0131tarak, postmodern safsatalar \u00fcreten sistem, insanlar\u0131 \u00f6\u011frenmeye de\u011fil, de\u011fi\u015fmeye y\u00f6nlendiriyor ve her istedi\u011fimizi evrenden nas\u0131l temin edebilece\u011fimize dair hi\u00e7 kan\u0131tlanamayacak y\u00f6ntemler \u00f6neriyor. Oysa hangimizin iste\u011fi d\u00fcnyay\u0131 a\u015f\u0131yor ki, ancak ve ancak evrenden temin edebilelim? D\u00fcnyada mevcut ve m\u00fcmk\u00fcn olan\u0131 neden kendi akl\u0131m\u0131z ve \u00e7abam\u0131zla elde etmek yerine evreni tedarik\u00e7i olarak atayal\u0131m? Furkan Ero\u011flu\u2019nun davran\u0131\u015f felsefesine dayanan G\u00fc\u00e7 Kazanma Sanat\u0131, t\u00fcm\u00fcyle ki\u015fisel isteklerimizi kolay yoldan elde edebilece\u011fimiz \u201ckonformist bilgelik\u201d tavsiyelerine kar\u015f\u0131 akl\u0131n ortak hazinesini erdemle kullanman\u0131n \u00e7a\u011fda\u015f yolunu sunarken hi\u00e7 hik\u00e2ye anlatmadan, ikna etmeye \u00e7al\u0131\u015fmadan, a\u00e7\u0131k ve net bir yol tarif ediyor. Furkan Ero\u011flu\u2019nun akademik kimli\u011fine sad\u0131k kalarak geli\u015ftirdi\u011fi \u00f6\u011freti, insanl\u0131\u011f\u0131n birikimini \u00e7a\u011fda\u015f ihtiya\u00e7lara g\u00f6re yeniden \u00fcreten bir erdem rafinerisi. <\/p>\n","protected":false},"excerpt":{"rendered":"<p>\u201c\u0130nsan, akl\u0131n\u0131 ilk ke\u015ffetti\u011finde ikinci kez DO\u011eMU\u015e G\u0130B\u0130D\u0130R. ASLINDA bu do\u011fum, ger\u00e7ek do\u011fumdur ve \u00d6L\u00dcMS\u00dcZD\u00dcR.\u201d Bizi orta\u00e7a\u011f karanl\u0131\u011f\u0131ndan \u00e7\u0131karan Ayd\u0131nlanma g\u00fcne\u015fiyle aram\u0131za tozpembe bulutlar girdi y\u00fczy\u0131l\u0131m\u0131zda.<span class=\"excerpt-hellip\"> [\u2026]<\/span><\/p>\n","protected":false},"featured_media":0,"template":"","meta":{"_monsterinsights_skip_tracking":false,"_monsterinsights_sitenote_active":false,"_monsterinsights_sitenote_note":"","_monsterinsights_sitenote_category":0},"product_brand":[],"product_cat":[12364,12376],"product_tag":[],"class_list":{"0":"post-753934","1":"product","2":"type-product","3":"status-publish","5":"product_cat-genel-konular","6":"product_cat-kisisel-gelisim","7":"pa_cilt-ciltsiz","8":"pa_tur-kitap","9":"pa_yayinevi-destek-yayinlari","10":"pa_yazar-furkan-eroglu","12":"first","13":"instock","14":"sale","15":"shipping-taxable","16":"purchasable","17":"product-type-simple"},"_links":{"self":[{"href":"https:\/\/roveyayinevi.com.tr\/index.php\/wp-json\/wp\/v2\/product\/753934","targetHints":{"allow":["GET"]}}],"collection":[{"href":"https:\/\/roveyayinevi.com.tr\/index.php\/wp-json\/wp\/v2\/product"}],"about":[{"href":"https:\/\/roveyayinevi.com.tr\/index.php\/wp-json\/wp\/v2\/types\/product"}],"wp:attachment":[{"href":"https:\/\/roveyayinevi.com.tr\/index.php\/wp-json\/wp\/v2\/media?parent=753934"}],"wp:term":[{"taxonomy":"product_brand","embeddable":true,"href":"https:\/\/roveyayinevi.com.tr\/index.php\/wp-json\/wp\/v2\/product_brand?post=753934"},{"taxonomy":"product_cat","embeddable":true,"href":"https:\/\/roveyayinevi.com.tr\/index.php\/wp-json\/wp\/v2\/product_cat?post=753934"},{"taxonomy":"product_tag","embeddable":true,"href":"https:\/\/roveyayinevi.com.tr\/index.php\/wp-json\/wp\/v2\/product_tag?post=753934"}],"curies":[{"name":"wp","href":"https:\/\/api.w.org\/{rel}","templated":true}]}}