{"id":753927,"date":"2025-08-28T05:56:30","date_gmt":"2025-08-28T02:56:30","guid":{"rendered":"https:\/\/roveyayinevi.com.tr\/index.php\/urun\/theodor-w-adorno\/"},"modified":"2026-04-16T03:07:22","modified_gmt":"2026-04-16T00:07:22","slug":"theodor-w-adorno","status":"publish","type":"product","link":"https:\/\/roveyayinevi.com.tr\/index.php\/urun\/theodor-w-adorno\/","title":{"rendered":"Theodor W. Adorno"},"content":{"rendered":"<p>Alman filozofu T.  W.  Adorno\u2019nun \u00e7al\u0131\u015fmalar\u0131, \u00e7a\u011fda\u015f toplumun patolojilerini anlamak bak\u0131m\u0131ndan g\u00fcn ge\u00e7tik\u00e7e daha faydal\u0131 bulunuyor. \u0130klim de\u011fi\u015fimi, ekonomik kriz, fa\u015fizmin yeniden y\u00fckseli\u015fe ge\u00e7mesi ve d\u00fcnya d\u00fczeninde artan istikrars\u0131zl\u0131ktan do\u011fan toplumsal sorunlara \u00e7\u00f6z\u00fcm arayanlar Adorno\u2019yu tekrar okuyor. Bu kitap, Adorno\u2019nun \u00e7al\u0131\u015fmalar\u0131na ve ya\u015fam\u0131na \u0131\u015f\u0131k tutuyor, onun temel felsefi kavramlar\u0131n\u0131, d\u00fc\u015f\u00fcncesinin felsefi arka plan\u0131n\u0131 ve tarihsel ba\u011flam\u0131n\u0131 a\u00e7\u0131kl\u0131yor. Andrew Bowie, Adorno\u2019nun insan akl\u0131n\u0131n irrasyonel sonu\u00e7lara yol a\u00e7abilece\u011fi fikrinin onu nas\u0131l \u201cdo\u011fa\u201d, \u201ctarih\u201d ve \u201c\u00f6zg\u00fcrl\u00fck\u201d gibi temel kavramlar\u0131 yeniden d\u00fc\u015f\u00fcnmeye y\u00f6neltti\u011fini ve \u00e7a\u011fda\u015f felsefenin bu kavramlar hakk\u0131nda d\u00fc\u015f\u00fcn\u00fcrken izledi\u011fi bir\u00e7ok yola alternatifler sundu\u011funu g\u00f6steriyor. Kitap ayn\u0131 zamanda Adorno\u2019nun sosyal teorisinin yan\u0131 s\u0131ra modern kapitalizmin tehdidi alt\u0131nda oldu\u011funu d\u00fc\u015f\u00fcnd\u00fc\u011f\u00fc caz ve modern k\u00fclt\u00fcre ili\u015fkin son derece ele\u015ftirel de\u011ferlendirmelerini de inceliyor. <\/p>\n","protected":false},"excerpt":{"rendered":"<p>Alman filozofu T. W. Adorno\u2019nun \u00e7al\u0131\u015fmalar\u0131, \u00e7a\u011fda\u015f toplumun patolojilerini anlamak bak\u0131m\u0131ndan g\u00fcn ge\u00e7tik\u00e7e daha faydal\u0131 bulunuyor. \u0130klim de\u011fi\u015fimi, ekonomik kriz, fa\u015fizmin yeniden y\u00fckseli\u015fe ge\u00e7mesi ve d\u00fcnya<span class=\"excerpt-hellip\"> [\u2026]<\/span><\/p>\n","protected":false},"featured_media":0,"template":"","meta":{"_monsterinsights_skip_tracking":false,"_monsterinsights_sitenote_active":false,"_monsterinsights_sitenote_note":"","_monsterinsights_sitenote_category":0},"product_brand":[],"product_cat":[12388],"product_tag":[],"class_list":{"0":"post-753927","1":"product","2":"type-product","3":"status-publish","5":"product_cat-felsefe","6":"pa_cilt-ciltsiz","7":"pa_tur-kitap","8":"pa_yayinevi-say-yayinlari","9":"pa_yazar-andrew-bowie","11":"first","12":"instock","13":"sale","14":"shipping-taxable","15":"purchasable","16":"product-type-simple"},"_links":{"self":[{"href":"https:\/\/roveyayinevi.com.tr\/index.php\/wp-json\/wp\/v2\/product\/753927","targetHints":{"allow":["GET"]}}],"collection":[{"href":"https:\/\/roveyayinevi.com.tr\/index.php\/wp-json\/wp\/v2\/product"}],"about":[{"href":"https:\/\/roveyayinevi.com.tr\/index.php\/wp-json\/wp\/v2\/types\/product"}],"wp:attachment":[{"href":"https:\/\/roveyayinevi.com.tr\/index.php\/wp-json\/wp\/v2\/media?parent=753927"}],"wp:term":[{"taxonomy":"product_brand","embeddable":true,"href":"https:\/\/roveyayinevi.com.tr\/index.php\/wp-json\/wp\/v2\/product_brand?post=753927"},{"taxonomy":"product_cat","embeddable":true,"href":"https:\/\/roveyayinevi.com.tr\/index.php\/wp-json\/wp\/v2\/product_cat?post=753927"},{"taxonomy":"product_tag","embeddable":true,"href":"https:\/\/roveyayinevi.com.tr\/index.php\/wp-json\/wp\/v2\/product_tag?post=753927"}],"curies":[{"name":"wp","href":"https:\/\/api.w.org\/{rel}","templated":true}]}}