{"id":753926,"date":"2025-08-28T05:56:29","date_gmt":"2025-08-28T02:56:29","guid":{"rendered":"https:\/\/roveyayinevi.com.tr\/index.php\/urun\/ibn-battuta-seyahatnamesi-3\/"},"modified":"2026-04-16T03:07:22","modified_gmt":"2026-04-16T00:07:22","slug":"ibn-battuta-seyahatnamesi-3","status":"publish","type":"product","link":"https:\/\/roveyayinevi.com.tr\/index.php\/urun\/ibn-battuta-seyahatnamesi-3\/","title":{"rendered":"\u0130bn Batt\u00fcta Seyahatnamesi"},"content":{"rendered":"<p>\u0130bn Battuta 14. y\u00fczy\u0131l\u0131n ba\u015flar\u0131nda kutsal topraklar\u0131 ziyaret etmek ve haccetmek \u00fczere Fas\u2019ta bulunan Tanca \u015fehrinden yola \u00e7\u0131km\u0131\u015ft\u0131r. Ancak bu ba\u015flang\u0131\u00e7 onu, uzun y\u0131llar s\u00fcrecek ve geni\u015f co\u011frafyalara s\u00fcr\u00fckleyecek bir yolculu\u011fun seyyah\u0131 olmas\u0131na yol a\u00e7acakt\u0131r. Kuzey Afrika k\u0131y\u0131lar\u0131nda ba\u015flayan yolculu\u011fu Suriye topraklar\u0131nda devam etti. D\u0131ma\u015fk\u2019tan sonra Hicaz\u2019daki ilk hac vazifesinin ard\u0131ndan \u0130ran topraklar\u0131 \u00fczerinden Kuzey Irak\u2019a y\u00f6neldi. Hicaz\u2019da ge\u00e7irdi\u011fi senelerden sonra Do\u011fu Afrika sahillerinde ilerledi.Bu kez Hindistan\u2019a do\u011fru yola \u00e7\u0131km\u0131\u015f olsa da f\u0131rt\u0131na sebebiyle Ayzab civar\u0131nda inerek Kahire\u2019ye do\u011fru kuzeye y\u00f6neldi ve sonunda Anadolu\u2019ya ula\u015ft\u0131. De\u015ftik\u0131p\u00e7ak\u2019ta uzun s\u00fcre kald\u0131 ve bir vesileile \u0130stanbul\u2019u ziyaret ettikten sonra Sarayc\u0131k \u00fczerinden Harezm\u2019e vard\u0131. Yolculu\u011fu boyunca u\u011frad\u0131\u011f\u0131 her bir \u015fehri; co\u011frafi konumu, sosyal ya\u015fam\u0131, harikulade g\u00fczellikleri, lezzetli meyveleri,t\u00fcrbeleri ve tekkeleri a\u00e7\u0131s\u0131ndan de\u011ferlendirerek \u00f6nemli \u015fah\u0131s isimleri ile zenginle\u015ftirmi\u015ftir. Bu eserde, uzak beldelerin \u0130bn Batt\u00fbta\u2019ya g\u00f6sterdikleri ilgi vealakaya birebir \u015fahit olabilir, onun y\u0131llar boyu \u00e7\u00f6llerde, bozk\u0131rlarda ve f\u0131rt\u0131nal\u0131 sularda zorlu \u015fartlar alt\u0131nda yapt\u0131\u011f\u0131 seyahatlerin derinliklerine inebilirsiniz. <\/p>\n","protected":false},"excerpt":{"rendered":"<p>\u0130bn Battuta 14. y\u00fczy\u0131l\u0131n ba\u015flar\u0131nda kutsal topraklar\u0131 ziyaret etmek ve haccetmek \u00fczere Fas\u2019ta bulunan Tanca \u015fehrinden yola \u00e7\u0131km\u0131\u015ft\u0131r. Ancak bu ba\u015flang\u0131\u00e7 onu, uzun y\u0131llar s\u00fcrecek ve<span class=\"excerpt-hellip\"> [\u2026]<\/span><\/p>\n","protected":false},"featured_media":0,"template":"","meta":{"_monsterinsights_skip_tracking":false,"_monsterinsights_sitenote_active":false,"_monsterinsights_sitenote_note":"","_monsterinsights_sitenote_category":0},"product_brand":[],"product_cat":[52477],"product_tag":[],"class_list":{"0":"post-753926","1":"product","2":"type-product","3":"status-publish","5":"product_cat-arastirma","6":"pa_cilt-ciltsiz","7":"pa_tur-kitap","8":"pa_yayinevi-yeditepe-yayinevi","9":"pa_yazar-ibn-battuta","11":"first","12":"instock","13":"sale","14":"shipping-taxable","15":"purchasable","16":"product-type-simple"},"_links":{"self":[{"href":"https:\/\/roveyayinevi.com.tr\/index.php\/wp-json\/wp\/v2\/product\/753926","targetHints":{"allow":["GET"]}}],"collection":[{"href":"https:\/\/roveyayinevi.com.tr\/index.php\/wp-json\/wp\/v2\/product"}],"about":[{"href":"https:\/\/roveyayinevi.com.tr\/index.php\/wp-json\/wp\/v2\/types\/product"}],"wp:attachment":[{"href":"https:\/\/roveyayinevi.com.tr\/index.php\/wp-json\/wp\/v2\/media?parent=753926"}],"wp:term":[{"taxonomy":"product_brand","embeddable":true,"href":"https:\/\/roveyayinevi.com.tr\/index.php\/wp-json\/wp\/v2\/product_brand?post=753926"},{"taxonomy":"product_cat","embeddable":true,"href":"https:\/\/roveyayinevi.com.tr\/index.php\/wp-json\/wp\/v2\/product_cat?post=753926"},{"taxonomy":"product_tag","embeddable":true,"href":"https:\/\/roveyayinevi.com.tr\/index.php\/wp-json\/wp\/v2\/product_tag?post=753926"}],"curies":[{"name":"wp","href":"https:\/\/api.w.org\/{rel}","templated":true}]}}