{"id":753922,"date":"2025-08-28T05:56:23","date_gmt":"2025-08-28T02:56:23","guid":{"rendered":"https:\/\/roveyayinevi.com.tr\/index.php\/urun\/ahlaki-degerler-olarak-54-farz\/"},"modified":"2026-04-16T03:07:22","modified_gmt":"2026-04-16T00:07:22","slug":"ahlaki-degerler-olarak-54-farz","status":"publish","type":"product","link":"https:\/\/roveyayinevi.com.tr\/index.php\/urun\/ahlaki-degerler-olarak-54-farz\/","title":{"rendered":"Ahlaki De\u011ferler Olarak 54 Farz"},"content":{"rendered":"<p>\u0130nsanlara kimlik ve ki\u015filik kazand\u0131ran de\u011ferlerin ba\u015f\u0131nda inan\u00e7 yap\u0131s\u0131 ve kutsallar\u0131 gelir. Onlar\u0131 koruyabilmek i\u00e7in her topluma hakim olan dini de\u011ferleri vard\u0131r. Onun i\u00e7indir ki kutsal metinlerin i\u00e7inde \u00f6ncelikle iman esaslar\u0131 yer al\u0131r. Onu korumak ve ya\u015fatmak i\u00e7in ibadet \u015fekilleri ve kurallar\u0131 s\u0131ralanmaktad\u0131r. \u0130lmihal kitaplar\u0131n\u0131n ana konular\u0131 bunlard\u0131r. Bir de insanlar\u0131n birbirleriyle ili\u015fkilerini, aile ve toplum i\u00e7indeki uyumunu ele alan kurallar vard\u0131r ki bunlar, genel olarak \u201cahlak\u00ee de\u011ferler\u201d ba\u015fl\u0131\u011f\u0131 alt\u0131nda toplanabilmektedir. Dini \u00f6l\u00e7\u00fclerde helal-haram, g\u00fcnah-sevap kavramlar\u0131yla \u00e7er\u00e7evelenen, toplum i\u00e7inde iyi-k\u00f6t\u00fc \u015feklinde tan\u0131mlanan bu de\u011ferler, genel olarak ahlak\u00ee de\u011ferlerdir. <\/p>\n","protected":false},"excerpt":{"rendered":"<p>\u0130nsanlara kimlik ve ki\u015filik kazand\u0131ran de\u011ferlerin ba\u015f\u0131nda inan\u00e7 yap\u0131s\u0131 ve kutsallar\u0131 gelir. Onlar\u0131 koruyabilmek i\u00e7in her topluma hakim olan dini de\u011ferleri vard\u0131r. Onun i\u00e7indir ki kutsal<span class=\"excerpt-hellip\"> [\u2026]<\/span><\/p>\n","protected":false},"featured_media":0,"template":"","meta":{"_monsterinsights_skip_tracking":false,"_monsterinsights_sitenote_active":false,"_monsterinsights_sitenote_note":"","_monsterinsights_sitenote_category":0},"product_brand":[],"product_cat":[13036,12718,12719],"product_tag":[],"class_list":{"0":"post-753922","1":"product","2":"type-product","3":"status-publish","5":"product_cat-arastirma-inceleme-islam","6":"product_cat-din","7":"product_cat-islam","8":"pa_cilt-ciltsiz","9":"pa_tur-kitap","10":"pa_yayinevi-gulnar-yayinlari","11":"pa_yazar-ethem-erkoc","13":"first","14":"instock","15":"sale","16":"shipping-taxable","17":"purchasable","18":"product-type-simple"},"_links":{"self":[{"href":"https:\/\/roveyayinevi.com.tr\/index.php\/wp-json\/wp\/v2\/product\/753922","targetHints":{"allow":["GET"]}}],"collection":[{"href":"https:\/\/roveyayinevi.com.tr\/index.php\/wp-json\/wp\/v2\/product"}],"about":[{"href":"https:\/\/roveyayinevi.com.tr\/index.php\/wp-json\/wp\/v2\/types\/product"}],"wp:attachment":[{"href":"https:\/\/roveyayinevi.com.tr\/index.php\/wp-json\/wp\/v2\/media?parent=753922"}],"wp:term":[{"taxonomy":"product_brand","embeddable":true,"href":"https:\/\/roveyayinevi.com.tr\/index.php\/wp-json\/wp\/v2\/product_brand?post=753922"},{"taxonomy":"product_cat","embeddable":true,"href":"https:\/\/roveyayinevi.com.tr\/index.php\/wp-json\/wp\/v2\/product_cat?post=753922"},{"taxonomy":"product_tag","embeddable":true,"href":"https:\/\/roveyayinevi.com.tr\/index.php\/wp-json\/wp\/v2\/product_tag?post=753922"}],"curies":[{"name":"wp","href":"https:\/\/api.w.org\/{rel}","templated":true}]}}