{"id":753921,"date":"2025-08-28T05:56:21","date_gmt":"2025-08-28T02:56:21","guid":{"rendered":"https:\/\/roveyayinevi.com.tr\/index.php\/urun\/gokcen-1-unutulan-cicekler-ciltli\/"},"modified":"2026-04-16T03:07:22","modified_gmt":"2026-04-16T00:07:22","slug":"gokcen-1-unutulan-cicekler-ciltli","status":"publish","type":"product","link":"https:\/\/roveyayinevi.com.tr\/index.php\/urun\/gokcen-1-unutulan-cicekler-ciltli\/","title":{"rendered":"G\u00f6k\u00e7en 1: Unutulan \u00c7i\u00e7ekler (Ciltli)"},"content":{"rendered":"<p>Babalar\u0131 asker oldu\u011fu i\u00e7in ayn\u0131 lojmanda b\u00fcy\u00fcm\u00fc\u015f Murathan ve G\u00f6k\u00e7en\u2019in kendilerine kurduklar\u0131 d\u00fcnyada ba\u015fka kimseye yer yoktu. Burada sadece Pamuk ve Kep\u00e7\u00fck vard\u0131. Bir anda ald\u0131klar\u0131 ac\u0131 bir haberle kurduklar\u0131 bu d\u00fcnya yerle bir olurken kendilerini hi\u00e7 bilmedikleri hayatlarda bulmalar\u0131 o an i\u00e7in her \u015feyin sonu gibi g\u00f6r\u00fcn\u00fcyordu.   Aradan ge\u00e7en yirmi y\u0131l\u0131n sonunda ayn\u0131 \u015fehirde G\u00f6k\u00e7en, doktor; Murathan ise \u00f6zel kuvvetler askeri olmu\u015ftu. Kar\u015f\u0131la\u015ft\u0131klar\u0131 an asl\u0131nda hi\u00e7bir \u015feyin mazide yitip gitmedi\u011fini anlayacaklard\u0131. An\u0131lar, pen\u00e7elerini topra\u011fa en \u015fiddetli \u015fekilde ge\u00e7irerek g\u00f6m\u00fcld\u00fckleri yerden \u00e7\u0131kmak i\u00e7in \u00e7\u0131rp\u0131n\u0131yordu.   Mazi so\u011fuk, kalpler ise h\u00e2l\u00e2 s\u0131cakt\u0131.   Murathan ve G\u00f6k\u00e7en i\u00e7in art\u0131k sadece iki se\u00e7enek vard\u0131: Ya kaderleri yeniden yaz\u0131lacak ya da ge\u00e7mi\u015f g\u00f6m\u00fcld\u00fc\u011f\u00fc yerde yok olmaya devam edecekti.   &#8220;Sar\u0131lan yaralar kapan\u0131rd\u0131. Benim yaram ise ne sar\u0131lm\u0131\u015ft\u0131 ne kapanm\u0131\u015ft\u0131. \u00d6ylece duruyordu. Sessiz ama en derinde&#8230;&#8221; <\/p>\n","protected":false},"excerpt":{"rendered":"<p>Babalar\u0131 asker oldu\u011fu i\u00e7in ayn\u0131 lojmanda b\u00fcy\u00fcm\u00fc\u015f Murathan ve G\u00f6k\u00e7en\u2019in kendilerine kurduklar\u0131 d\u00fcnyada ba\u015fka kimseye yer yoktu. Burada sadece Pamuk ve Kep\u00e7\u00fck vard\u0131. Bir anda ald\u0131klar\u0131<span class=\"excerpt-hellip\"> [\u2026]<\/span><\/p>\n","protected":false},"featured_media":0,"template":"","meta":{"_monsterinsights_skip_tracking":false,"_monsterinsights_sitenote_active":false,"_monsterinsights_sitenote_note":"","_monsterinsights_sitenote_category":0},"product_brand":[],"product_cat":[12291,12711],"product_tag":[],"class_list":{"0":"post-753921","1":"product","2":"type-product","3":"status-publish","5":"product_cat-edebiyat","6":"product_cat-roman-oyku","7":"pa_cilt-ciltli","8":"pa_tur-kitap","9":"pa_yayinevi-ephesus-yayinlari","10":"pa_yazar-loresima","12":"first","13":"instock","14":"sale","15":"shipping-taxable","16":"purchasable","17":"product-type-simple"},"_links":{"self":[{"href":"https:\/\/roveyayinevi.com.tr\/index.php\/wp-json\/wp\/v2\/product\/753921","targetHints":{"allow":["GET"]}}],"collection":[{"href":"https:\/\/roveyayinevi.com.tr\/index.php\/wp-json\/wp\/v2\/product"}],"about":[{"href":"https:\/\/roveyayinevi.com.tr\/index.php\/wp-json\/wp\/v2\/types\/product"}],"wp:attachment":[{"href":"https:\/\/roveyayinevi.com.tr\/index.php\/wp-json\/wp\/v2\/media?parent=753921"}],"wp:term":[{"taxonomy":"product_brand","embeddable":true,"href":"https:\/\/roveyayinevi.com.tr\/index.php\/wp-json\/wp\/v2\/product_brand?post=753921"},{"taxonomy":"product_cat","embeddable":true,"href":"https:\/\/roveyayinevi.com.tr\/index.php\/wp-json\/wp\/v2\/product_cat?post=753921"},{"taxonomy":"product_tag","embeddable":true,"href":"https:\/\/roveyayinevi.com.tr\/index.php\/wp-json\/wp\/v2\/product_tag?post=753921"}],"curies":[{"name":"wp","href":"https:\/\/api.w.org\/{rel}","templated":true}]}}