{"id":753919,"date":"2025-08-28T05:56:19","date_gmt":"2025-08-28T02:56:19","guid":{"rendered":"https:\/\/roveyayinevi.com.tr\/index.php\/urun\/anne-ve-babani-terk-edeceksin\/"},"modified":"2026-04-16T03:07:22","modified_gmt":"2026-04-16T00:07:22","slug":"anne-ve-babani-terk-edeceksin","status":"publish","type":"product","link":"https:\/\/roveyayinevi.com.tr\/index.php\/urun\/anne-ve-babani-terk-edeceksin\/","title":{"rendered":"Anne ve Baban\u0131 Terk Edeceksin"},"content":{"rendered":"<p>Ailenin temeli nedir? T\u00fcm toplum modellerinde ortak olan ensest yasa\u011f\u0131 m\u0131? E\u015flerin \u00f6zg\u00fcr se\u00e7imi ve ortak r\u0131zas\u0131 m\u0131? Hukuki bir tan\u0131ma s\u00f6zle\u015fmesi mi? Yoksa biyolojik olsun olmas\u0131n ebeveynlik deneyimi mi? Aile kurumunun psikolojik ve antropolojik temellerini ele alan bu kitab\u0131nda Frans\u0131z psikanalist Philippe Julien, bireyin aile kurmak i\u00e7in ebeveynlerinden kopma zorunlulu\u011funun tarihsel ve psikolojik dayanaklar\u0131n\u0131 ve bu zorunlulu\u011fun ku\u015faklar aras\u0131nda nas\u0131l aktar\u0131ld\u0131\u011f\u0131n\u0131 gayet sade ve ak\u0131c\u0131 bir dille tahlil ederek okurlar\u0131yla payla\u015f\u0131yor. Peki modern toplumlarda aile nas\u0131l bir d\u00f6n\u00fc\u015f\u00fcm ge\u00e7iriyor? \u00d6zel ya\u015fam\u0131n kamusal alan\u0131 istilas\u0131, baban\u0131n sars\u0131lan otoritesi, cinsellik ile evlilik aras\u0131ndaki ili\u015fki, gittik\u00e7e daha g\u00f6r\u00fcn\u00fcr h\u00e2le gelen e\u015fcinsellik gibi tart\u0131\u015fmal\u0131 konular\u0131 de\u011ferlendiren Philippe Julien, Lacanc\u0131 anlay\u0131\u015f\u0131n yard\u0131m\u0131yla ailenin kurulu\u015funda rol oynayan psikolojik yap\u0131lar\u0131 felsefi bak\u0131mdan derinlikli bir analize tabi tutarak bu meseleye farkl\u0131 bir \u0131\u015f\u0131k alt\u0131nda bakmam\u0131z\u0131 sa\u011flayacak.<\/p>\n","protected":false},"excerpt":{"rendered":"<p>Ailenin temeli nedir? T\u00fcm toplum modellerinde ortak olan ensest yasa\u011f\u0131 m\u0131? E\u015flerin \u00f6zg\u00fcr se\u00e7imi ve ortak r\u0131zas\u0131 m\u0131? Hukuki bir tan\u0131ma s\u00f6zle\u015fmesi mi? Yoksa biyolojik olsun<span class=\"excerpt-hellip\"> [\u2026]<\/span><\/p>\n","protected":false},"featured_media":0,"template":"","meta":{"_monsterinsights_skip_tracking":false,"_monsterinsights_sitenote_active":false,"_monsterinsights_sitenote_note":"","_monsterinsights_sitenote_category":0},"product_brand":[],"product_cat":[12388],"product_tag":[],"class_list":{"0":"post-753919","1":"product","2":"type-product","3":"status-publish","5":"product_cat-felsefe","6":"pa_cilt-ciltsiz","7":"pa_tur-kitap","8":"pa_yayinevi-fol-kitap","9":"pa_yazar-philippe-julien","11":"first","12":"instock","13":"sale","14":"shipping-taxable","15":"purchasable","16":"product-type-simple"},"_links":{"self":[{"href":"https:\/\/roveyayinevi.com.tr\/index.php\/wp-json\/wp\/v2\/product\/753919","targetHints":{"allow":["GET"]}}],"collection":[{"href":"https:\/\/roveyayinevi.com.tr\/index.php\/wp-json\/wp\/v2\/product"}],"about":[{"href":"https:\/\/roveyayinevi.com.tr\/index.php\/wp-json\/wp\/v2\/types\/product"}],"wp:attachment":[{"href":"https:\/\/roveyayinevi.com.tr\/index.php\/wp-json\/wp\/v2\/media?parent=753919"}],"wp:term":[{"taxonomy":"product_brand","embeddable":true,"href":"https:\/\/roveyayinevi.com.tr\/index.php\/wp-json\/wp\/v2\/product_brand?post=753919"},{"taxonomy":"product_cat","embeddable":true,"href":"https:\/\/roveyayinevi.com.tr\/index.php\/wp-json\/wp\/v2\/product_cat?post=753919"},{"taxonomy":"product_tag","embeddable":true,"href":"https:\/\/roveyayinevi.com.tr\/index.php\/wp-json\/wp\/v2\/product_tag?post=753919"}],"curies":[{"name":"wp","href":"https:\/\/api.w.org\/{rel}","templated":true}]}}