{"id":753918,"date":"2025-08-28T05:56:17","date_gmt":"2025-08-28T02:56:17","guid":{"rendered":"https:\/\/roveyayinevi.com.tr\/index.php\/urun\/tekir\/"},"modified":"2026-04-16T03:07:22","modified_gmt":"2026-04-16T00:07:22","slug":"tekir","status":"publish","type":"product","link":"https:\/\/roveyayinevi.com.tr\/index.php\/urun\/tekir\/","title":{"rendered":"Tekir"},"content":{"rendered":"<p>Michael Morpurgo SEN de OKU i\u00e7in yazd\u0131&#8230; \u0130nsanlarla hayvanlar aras\u0131ndaki m\u00fcthi\u015f ba\u011f\u0131 sevgi dolu bir anlat\u0131ya d\u00f6n\u00fc\u015ft\u00fcren Tekir, yavru bir kediyle sahibi bildi\u011fi minicik bir k\u0131z \u00e7ocu\u011funun birlikte b\u00fcy\u00fcy\u00fc\u015flerine tan\u0131kl\u0131k ettiren, i\u00e7ten bir \u00f6yk\u00fc. Okurlar\u0131, \u00f6zg\u00fcrl\u00fc\u011f\u00fcne d\u00fc\u015fk\u00fcn evcil bir kedinin &#8221;hareketli&#8221; d\u00fcnyas\u0131na \u00e7a\u011f\u0131ran bu kalpleri yumu\u015fatan kitap; patili bir can\u0131 aileye katman\u0131n ve ona \u00f6m\u00fcrl\u00fck bir yuva sunman\u0131n sorumlulu\u011fu \u00fcst\u00fcne d\u00fc\u015f\u00fcnd\u00fcr\u00fcyor. Kay\u0131p ve yas s\u00fcreci gibi hassas konular\u0131 \u00e7ocuklar\u0131 incitmeyecek naiflikteki bir \u00fcslupla ele alan efsanevi yazar, karde\u015f dayan\u0131\u015fmas\u0131n\u0131n her sorunun ve s\u0131k\u0131nt\u0131n\u0131n \u00fcstesinden gelmeye muktedir oldu\u011funu da g\u00f6steriyor.  <\/p>\n","protected":false},"excerpt":{"rendered":"<p>Michael Morpurgo SEN de OKU i\u00e7in yazd\u0131&#8230; \u0130nsanlarla hayvanlar aras\u0131ndaki m\u00fcthi\u015f ba\u011f\u0131 sevgi dolu bir anlat\u0131ya d\u00f6n\u00fc\u015ft\u00fcren Tekir, yavru bir kediyle sahibi bildi\u011fi minicik bir k\u0131z<span class=\"excerpt-hellip\"> [\u2026]<\/span><\/p>\n","protected":false},"featured_media":0,"template":"","meta":{"_monsterinsights_skip_tracking":false,"_monsterinsights_sitenote_active":false,"_monsterinsights_sitenote_note":"","_monsterinsights_sitenote_category":0},"product_brand":[],"product_cat":[12274,12284],"product_tag":[],"class_list":{"0":"post-753918","1":"product","2":"type-product","3":"status-publish","5":"product_cat-cocuk-ve-genclik-kitaplari","6":"product_cat-hikayeler","7":"pa_cilt-ciltsiz","8":"pa_tur-kitap","9":"pa_yayinevi-tudem-yayinlari","10":"pa_yazar-michael-morpurgo","12":"first","13":"instock","14":"sale","15":"shipping-taxable","16":"purchasable","17":"product-type-simple"},"_links":{"self":[{"href":"https:\/\/roveyayinevi.com.tr\/index.php\/wp-json\/wp\/v2\/product\/753918","targetHints":{"allow":["GET"]}}],"collection":[{"href":"https:\/\/roveyayinevi.com.tr\/index.php\/wp-json\/wp\/v2\/product"}],"about":[{"href":"https:\/\/roveyayinevi.com.tr\/index.php\/wp-json\/wp\/v2\/types\/product"}],"wp:attachment":[{"href":"https:\/\/roveyayinevi.com.tr\/index.php\/wp-json\/wp\/v2\/media?parent=753918"}],"wp:term":[{"taxonomy":"product_brand","embeddable":true,"href":"https:\/\/roveyayinevi.com.tr\/index.php\/wp-json\/wp\/v2\/product_brand?post=753918"},{"taxonomy":"product_cat","embeddable":true,"href":"https:\/\/roveyayinevi.com.tr\/index.php\/wp-json\/wp\/v2\/product_cat?post=753918"},{"taxonomy":"product_tag","embeddable":true,"href":"https:\/\/roveyayinevi.com.tr\/index.php\/wp-json\/wp\/v2\/product_tag?post=753918"}],"curies":[{"name":"wp","href":"https:\/\/api.w.org\/{rel}","templated":true}]}}