{"id":753916,"date":"2025-08-28T05:56:14","date_gmt":"2025-08-28T02:56:14","guid":{"rendered":"https:\/\/roveyayinevi.com.tr\/index.php\/urun\/yedek\/"},"modified":"2026-04-16T03:07:22","modified_gmt":"2026-04-16T00:07:22","slug":"yedek","status":"publish","type":"product","link":"https:\/\/roveyayinevi.com.tr\/index.php\/urun\/yedek\/","title":{"rendered":"Yedek"},"content":{"rendered":"<p>20. y\u00fczy\u0131l\u0131n en h\u00fcz\u00fcnl\u00fc, en ak\u0131lda kal\u0131c\u0131 anlar\u0131ndan biri: T\u00fcm d\u00fcnyan\u0131n \u0131st\u0131rap ve korku dolu bak\u0131\u015flar\u0131 e\u015fli\u011finde, iki k\u00fc\u00e7\u00fck o\u011flan, iki prens, annelerinin tabutunun ard\u0131ndan y\u00fcr\u00fcyor. Prenses Diana\u2019y\u0131 sonsuz yolculu\u011funa u\u011furlarken, milyonlarca insan Prens William ve Prens Harry\u2019nin neler ya\u015fad\u0131\u011f\u0131n\u0131, nas\u0131l hissetti\u011fini ve bundan sonras\u0131nda hayatlar\u0131n\u0131n neye benzeyece\u011fini merak ediyordu.\u015eimdi Harry\u2019nin kendi hik\u00e2yesini anlatma zaman\u0131 geldi.Taht\u0131n v\u00e2risi Prens William\u2019\u0131n kar\u015f\u0131s\u0131nda kendini her zaman \u201cyedek\u201d konumunda bulan, annesini kaybetmesinden sorumlu tuttu\u011fu bas\u0131n\u0131n, kendisini de s\u00fcrekli \u201ckal\u0131n kafal\u0131, yaramaz, d\u00fc\u015f\u00fcncesiz\u201d ilan etmesinden b\u0131km\u0131\u015f, ya\u015f\u0131tlar\u0131 yapt\u0131\u011f\u0131nda ho\u015f g\u00f6r\u00fclecek herhangi bir hatay\u0131 kendisi yapt\u0131\u011f\u0131nda gazetelere man\u015fet olan, arad\u0131\u011f\u0131 mahremiyeti ona sa\u011flamas\u0131 i\u00e7in 21 ya\u015f\u0131nda Britanya Ordusu\u2019na kat\u0131lan, sevgisiz ge\u00e7en y\u0131llar\u0131n\u0131 ve Kraliyet ailesi mensuplar\u0131 aras\u0131ndaki so\u011fuk, mesafeli, rekabet dolu ili\u015fkilerin sebep oldu\u011fu bo\u015flu\u011fu doldurmak i\u00e7in ne yapaca\u011f\u0131n\u0131 bilemeyen gen\u00e7 bir prens\u2026Yedek\u2019te Harry, ilk kez her \u015feyi t\u00fcm \u00e7\u0131plakl\u0131\u011f\u0131yla anlat\u0131yor. Yalanlar\u0131, \u00f6ne \u00e7\u0131kma \u00e7abalar\u0131n\u0131, Meghan\u2019la ili\u015fkilerinde olup biteni, Buckingham\u2019daki entrikalar\u0131 t\u00fcm ger\u00e7ekli\u011fiyle sayfalara d\u00f6k\u00fcyor. Bu if\u015falarla ve i\u00e7eriden bilgilerle dolu sat\u0131rlar\u0131 okurken Prenses Diana, II. Elizabeth, Kral Charles ve Camilla, Prens William ve Kate\u2019in kameralara yans\u0131mayan y\u00f6nlerini \u00f6\u011frenecek ve Prens Harry\u2019nin kendini ni\u00e7in \u201ckafese kapat\u0131lm\u0131\u015f bir ku\u015f\u201d gibi g\u00f6rd\u00fc\u011f\u00fcn\u00fc anlayacaks\u0131n\u0131z.<\/p>\n","protected":false},"excerpt":{"rendered":"<p>20. y\u00fczy\u0131l\u0131n en h\u00fcz\u00fcnl\u00fc, en ak\u0131lda kal\u0131c\u0131 anlar\u0131ndan biri: T\u00fcm d\u00fcnyan\u0131n \u0131st\u0131rap ve korku dolu bak\u0131\u015flar\u0131 e\u015fli\u011finde, iki k\u00fc\u00e7\u00fck o\u011flan, iki prens, annelerinin tabutunun ard\u0131ndan y\u00fcr\u00fcyor.<span class=\"excerpt-hellip\"> [\u2026]<\/span><\/p>\n","protected":false},"featured_media":0,"template":"","meta":{"_monsterinsights_skip_tracking":false,"_monsterinsights_sitenote_active":false,"_monsterinsights_sitenote_note":"","_monsterinsights_sitenote_category":0},"product_brand":[],"product_cat":[14009,12291],"product_tag":[],"class_list":{"0":"post-753916","1":"product","2":"type-product","3":"status-publish","5":"product_cat-biyografi-otobiyografi-edebiyat","6":"product_cat-edebiyat","7":"pa_cilt-ciltsiz","8":"pa_tur-kitap","9":"pa_yayinevi-mundi","10":"pa_yazar-prince-harry","12":"first","13":"instock","14":"sale","15":"shipping-taxable","16":"purchasable","17":"product-type-simple"},"_links":{"self":[{"href":"https:\/\/roveyayinevi.com.tr\/index.php\/wp-json\/wp\/v2\/product\/753916","targetHints":{"allow":["GET"]}}],"collection":[{"href":"https:\/\/roveyayinevi.com.tr\/index.php\/wp-json\/wp\/v2\/product"}],"about":[{"href":"https:\/\/roveyayinevi.com.tr\/index.php\/wp-json\/wp\/v2\/types\/product"}],"wp:attachment":[{"href":"https:\/\/roveyayinevi.com.tr\/index.php\/wp-json\/wp\/v2\/media?parent=753916"}],"wp:term":[{"taxonomy":"product_brand","embeddable":true,"href":"https:\/\/roveyayinevi.com.tr\/index.php\/wp-json\/wp\/v2\/product_brand?post=753916"},{"taxonomy":"product_cat","embeddable":true,"href":"https:\/\/roveyayinevi.com.tr\/index.php\/wp-json\/wp\/v2\/product_cat?post=753916"},{"taxonomy":"product_tag","embeddable":true,"href":"https:\/\/roveyayinevi.com.tr\/index.php\/wp-json\/wp\/v2\/product_tag?post=753916"}],"curies":[{"name":"wp","href":"https:\/\/api.w.org\/{rel}","templated":true}]}}