{"id":753915,"date":"2025-08-28T05:56:12","date_gmt":"2025-08-28T02:56:12","guid":{"rendered":"https:\/\/roveyayinevi.com.tr\/index.php\/urun\/cihat-askin-ile-konusmalar\/"},"modified":"2026-04-16T03:07:22","modified_gmt":"2026-04-16T00:07:22","slug":"cihat-askin-ile-konusmalar","status":"publish","type":"product","link":"https:\/\/roveyayinevi.com.tr\/index.php\/urun\/cihat-askin-ile-konusmalar\/","title":{"rendered":"Cihat A\u015fk\u0131n ile Konu\u015fmalar"},"content":{"rendered":"<p>Cihat A\u015fk\u0131n\u2019\u0131n ya\u015fam\u0131n\u0131, fikirlerini, hedeflerini, \u00f6zlemlerini okuyucuya aktard\u0131\u011f\u0131, hayallerin \u00f6tesine ula\u015fabilmek i\u00e7in ge\u00e7ti\u011fi dar sokaklar\u0131 a\u015fmakta en ba\u015fta kendine olan inanc\u0131, iyimserli\u011fi ve \u00e7al\u0131\u015fkanl\u0131\u011f\u0131yla varl\u0131\u011f\u0131n\u0131 tan\u0131mlad\u0131\u011f\u0131 bu kitap, bir sanat\u00e7\u0131 biyografisi olmakla birlikte, m\u00fczi\u011fin k\u00fclt\u00fcrler aras\u0131 k\u00f6pr\u00fc niteli\u011fine i\u015faret eden tarihsel bir serencam\u0131 da okuyucuya sunmaktad\u0131r. Bu anlat\u0131da; bir yandan virt\u00fc\u00f6z bir sanat\u00e7\u0131n\u0131n ya\u015fam\u0131na tan\u0131kl\u0131k ediyor, di\u011fer yandan T\u00fcrkiye\u2019de keman ve m\u00fczik e\u011fitimi, sosyal ya\u015famda \u00e7ocuk ve gen\u00e7lerle m\u00fczi\u011fin etkile\u015fimlerine dair \u00e7e\u015fitli durum, olgu, vaka tespitleri, ki\u015fi ve olaylar\u0131n sosyal ya\u015fama etkisi ba\u011flam\u0131nda yakla\u015f\u0131mlar\u0131n\u0131 sorguluyoruz.   Cihat A\u015fk\u0131n, insan\u0131n bir d\u00fcnya vatanda\u015f\u0131 olarak ya\u015famas\u0131n\u0131n, kendi k\u00fclt\u00fcr\u00fcn\u00fc ya\u015famas\u0131 ve \u00f6z\u00fcmsemesinden ge\u00e7ti\u011fini bilerek, hedefledi\u011fi ideallere Do\u011fu ile Bat\u0131 aras\u0131nda k\u00fclt\u00fcrel k\u00f6pr\u00fc niteli\u011fine keman\u0131yla ula\u015fm\u0131\u015f, \u00fclkemizin nadide bir keman ustas\u0131 olarak tarihin sayfalar\u0131na kal\u0131c\u0131 olarak iz b\u0131rakm\u0131\u015ft\u0131r.   \u201cK\u00fclt\u00fcrel k\u00f6pr\u00fc niteli\u011fimiz var fakat biz bunun fark\u0131nda de\u011filiz. Topraklar\u0131m\u0131z hem Do\u011fu\u2019nun kadim k\u00fclt\u00fcrlerini hem de Bat\u0131 uygarl\u0131\u011f\u0131n\u0131n izlerini ta\u015f\u0131yor. Ancak bu, tarih boyunca ayr\u0131\u015ft\u0131r\u0131c\u0131, \u00e7eli\u015fkili bir yakla\u015f\u0131ma sebep oldu. Ben felsefemi \u2018birle\u015ftiricilik\u2019 \u00fczerine kurdum. Her medeniyet k\u00fclt\u00fcr\u00fcm\u00fcze bir \u015feyler b\u0131rakm\u0131\u015f; de\u011fi\u015fik dillerde t\u00fcrk\u00fclerimiz. klasik T\u00fcrk m\u00fczi\u011fi, \u0130slam k\u00fclt\u00fcr\u00fc, halk k\u00fclt\u00fcr\u00fc, iki y\u00fczy\u0131ll\u0131k Bat\u0131l\u0131la\u015fma, Cumhuriyetle gelen ayd\u0131nlana var\u201d (Cihat A\u015fk\u0131n,2022). <\/p>\n","protected":false},"excerpt":{"rendered":"<p>Cihat A\u015fk\u0131n\u2019\u0131n ya\u015fam\u0131n\u0131, fikirlerini, hedeflerini, \u00f6zlemlerini okuyucuya aktard\u0131\u011f\u0131, hayallerin \u00f6tesine ula\u015fabilmek i\u00e7in ge\u00e7ti\u011fi dar sokaklar\u0131 a\u015fmakta en ba\u015fta kendine olan inanc\u0131, iyimserli\u011fi ve \u00e7al\u0131\u015fkanl\u0131\u011f\u0131yla varl\u0131\u011f\u0131n\u0131 tan\u0131mlad\u0131\u011f\u0131<span class=\"excerpt-hellip\"> [\u2026]<\/span><\/p>\n","protected":false},"featured_media":0,"template":"","meta":{"_monsterinsights_skip_tracking":false,"_monsterinsights_sitenote_active":false,"_monsterinsights_sitenote_note":"","_monsterinsights_sitenote_category":0},"product_brand":[],"product_cat":[14009,12291],"product_tag":[],"class_list":{"0":"post-753915","1":"product","2":"type-product","3":"status-publish","5":"product_cat-biyografi-otobiyografi-edebiyat","6":"product_cat-edebiyat","7":"pa_cilt-ciltsiz","8":"pa_tur-kitap","9":"pa_yayinevi-sevda-cenap-and-muzik-vakfi-yayinlari","10":"pa_yazar-seyma-ersoy-cak","12":"first","13":"instock","14":"sale","15":"shipping-taxable","16":"purchasable","17":"product-type-simple"},"_links":{"self":[{"href":"https:\/\/roveyayinevi.com.tr\/index.php\/wp-json\/wp\/v2\/product\/753915","targetHints":{"allow":["GET"]}}],"collection":[{"href":"https:\/\/roveyayinevi.com.tr\/index.php\/wp-json\/wp\/v2\/product"}],"about":[{"href":"https:\/\/roveyayinevi.com.tr\/index.php\/wp-json\/wp\/v2\/types\/product"}],"wp:attachment":[{"href":"https:\/\/roveyayinevi.com.tr\/index.php\/wp-json\/wp\/v2\/media?parent=753915"}],"wp:term":[{"taxonomy":"product_brand","embeddable":true,"href":"https:\/\/roveyayinevi.com.tr\/index.php\/wp-json\/wp\/v2\/product_brand?post=753915"},{"taxonomy":"product_cat","embeddable":true,"href":"https:\/\/roveyayinevi.com.tr\/index.php\/wp-json\/wp\/v2\/product_cat?post=753915"},{"taxonomy":"product_tag","embeddable":true,"href":"https:\/\/roveyayinevi.com.tr\/index.php\/wp-json\/wp\/v2\/product_tag?post=753915"}],"curies":[{"name":"wp","href":"https:\/\/api.w.org\/{rel}","templated":true}]}}