{"id":753913,"date":"2025-08-28T05:56:10","date_gmt":"2025-08-28T02:56:10","guid":{"rendered":"https:\/\/roveyayinevi.com.tr\/index.php\/urun\/bedenin-bilgeligi\/"},"modified":"2026-04-16T03:07:22","modified_gmt":"2026-04-16T00:07:22","slug":"bedenin-bilgeligi","status":"publish","type":"product","link":"https:\/\/roveyayinevi.com.tr\/index.php\/urun\/bedenin-bilgeligi\/","title":{"rendered":"Bedenin Bilgeli\u011fi"},"content":{"rendered":"<p>Bedenin Bilgeli\u011fi \u00e7o\u011fumuzun g\u00f6z ard\u0131 etti\u011fi yahut anlamakta g\u00fc\u00e7l\u00fck \u00e7ekti\u011fi bir konuyu, v\u00fccudumuzla olan karma\u015f\u0131k ili\u015fkimizi merkezine al\u0131yor.Daha \u00f6nce Anneler, K\u0131zlar ve Beden Alg\u0131s\u0131 ile Okuyan Us okuruna seslenen Hillary McBride, bu defa s\u00f6m\u00fcrgecilik, \u0131rk\u00e7\u0131l\u0131k, cinsiyet\u00e7ilik ve ataerkillik gibi y\u0131k\u0131c\u0131 sistemlerin v\u00fccudumuzla olan ili\u015fkimizi nas\u0131l etkiledi\u011fine dair ele\u015ftirel bir bak\u0131\u015f a\u00e7\u0131s\u0131yla kar\u015f\u0131m\u0131zda. Bizzat kendi v\u00fccuduyla ilgili ya\u015fad\u0131\u011f\u0131 zorlay\u0131c\u0131 deneyimlerden ve terapist olarak tan\u0131k oldu\u011fu hikayelerden yola \u00e7\u0131karak, v\u00fccudumuzun sadece zihnimizin bir aksesuar\u0131 olmad\u0131\u011f\u0131n\u0131, aksine maneviyat\u0131m\u0131z\u0131n ve bilgeli\u011fimizin kayna\u011f\u0131 olabilece\u011fini \u00f6ne s\u00fcr\u00fcyor.Ayn\u0131 zamanda kapsaml\u0131 ve pratik bir rehber niteli\u011finde olan kitap, her b\u00f6l\u00fcm\u00fcn sonunda sorular ve pratik uygulamalar ile okuyucular\u0131n v\u00fccutlar\u0131yla daha sa\u011fl\u0131kl\u0131 bir ili\u015fki kurmalar\u0131na yard\u0131mc\u0131 olmay\u0131 ama\u00e7l\u0131yor.V\u00fccudumuzla ve dolay\u0131s\u0131yla kendimizle olan ili\u015fkimizi anlamak ve iyile\u015ftirmek, \u015f\u00fcphesiz hepimizin ihtiyac\u0131. Belki de tam da bu sebeple bir kez daha alt\u0131n\u0131 \u00e7izmek gerekiyor: Bizi hem bireysel hem de toplumsal \u00f6l\u00e7ekte daha iyi edecek bir eser bu.  <\/p>\n","protected":false},"excerpt":{"rendered":"<p>Bedenin Bilgeli\u011fi \u00e7o\u011fumuzun g\u00f6z ard\u0131 etti\u011fi yahut anlamakta g\u00fc\u00e7l\u00fck \u00e7ekti\u011fi bir konuyu, v\u00fccudumuzla olan karma\u015f\u0131k ili\u015fkimizi merkezine al\u0131yor.Daha \u00f6nce Anneler, K\u0131zlar ve Beden Alg\u0131s\u0131 ile Okuyan<span class=\"excerpt-hellip\"> [\u2026]<\/span><\/p>\n","protected":false},"featured_media":0,"template":"","meta":{"_monsterinsights_skip_tracking":false,"_monsterinsights_sitenote_active":false,"_monsterinsights_sitenote_note":"","_monsterinsights_sitenote_category":0},"product_brand":[],"product_cat":[12358,12357],"product_tag":[],"class_list":{"0":"post-753913","1":"product","2":"type-product","3":"status-publish","5":"product_cat-genel-psikoloji","6":"product_cat-psikoloji","7":"pa_cilt-ciltsiz","8":"pa_tur-kitap","9":"pa_yayinevi-okuyan-us-yayin","10":"pa_yazar-hillary-l-mcbride","12":"first","13":"instock","14":"sale","15":"shipping-taxable","16":"purchasable","17":"product-type-simple"},"_links":{"self":[{"href":"https:\/\/roveyayinevi.com.tr\/index.php\/wp-json\/wp\/v2\/product\/753913","targetHints":{"allow":["GET"]}}],"collection":[{"href":"https:\/\/roveyayinevi.com.tr\/index.php\/wp-json\/wp\/v2\/product"}],"about":[{"href":"https:\/\/roveyayinevi.com.tr\/index.php\/wp-json\/wp\/v2\/types\/product"}],"wp:attachment":[{"href":"https:\/\/roveyayinevi.com.tr\/index.php\/wp-json\/wp\/v2\/media?parent=753913"}],"wp:term":[{"taxonomy":"product_brand","embeddable":true,"href":"https:\/\/roveyayinevi.com.tr\/index.php\/wp-json\/wp\/v2\/product_brand?post=753913"},{"taxonomy":"product_cat","embeddable":true,"href":"https:\/\/roveyayinevi.com.tr\/index.php\/wp-json\/wp\/v2\/product_cat?post=753913"},{"taxonomy":"product_tag","embeddable":true,"href":"https:\/\/roveyayinevi.com.tr\/index.php\/wp-json\/wp\/v2\/product_tag?post=753913"}],"curies":[{"name":"wp","href":"https:\/\/api.w.org\/{rel}","templated":true}]}}