{"id":753910,"date":"2025-08-28T05:56:07","date_gmt":"2025-08-28T02:56:07","guid":{"rendered":"https:\/\/roveyayinevi.com.tr\/index.php\/urun\/dogu-karadeniz\/"},"modified":"2026-04-16T03:07:21","modified_gmt":"2026-04-16T00:07:21","slug":"dogu-karadeniz","status":"publish","type":"product","link":"https:\/\/roveyayinevi.com.tr\/index.php\/urun\/dogu-karadeniz\/","title":{"rendered":"Do\u011fu Karadeniz"},"content":{"rendered":"<p>Do\u011fu Karadeniz b\u00f6lgesi tarih boyunca pek \u00e7ok toplulu\u011fa ev sahipli\u011fi yapm\u0131\u015ft\u0131r. Bu topluluklar\u0131n baz\u0131lar\u0131 g\u00fcn\u00fcm\u00fczde de b\u00f6lgede ya\u015famaya devam ederken bir k\u0131sm\u0131n\u0131n izleri de ge\u00e7mi\u015fin bir hat\u0131ras\u0131 olarak varl\u0131\u011f\u0131n\u0131 s\u00fcrd\u00fcrmektedir. B\u00f6lgenin tarih\u00ee ve k\u00fclt\u00fcrel dokusunda binlerce y\u0131ll\u0131k birikimin kal\u0131nt\u0131lar\u0131n\u0131 g\u00f6rmek m\u00fcmk\u00fcnd\u00fcr. Bazen bir anda kar\u015f\u0131n\u0131za \u00e7\u0131kan bir mimari eser ya da k\u00fclt\u00fcr, edebiyat veya etnografik hat\u0131ralar sizi tarihin tozlanm\u0131\u015f sayfalar\u0131nda k\u0131sa bir gezintiye \u00e7\u0131kar\u0131r. Do\u011fu Karadeniz b\u00f6lgesinin tarih\u00ee ve k\u00fclt\u00fcrel dokusu hakk\u0131ndaki bu eser, y\u00f6re tarihinin meselelerine kafa yoran bir tarih\u00e7inin y\u0131llar boyunca biriktirdi\u011fi \u00e7al\u0131\u015fmalar\u0131n\u0131n bir \u00fcr\u00fcn\u00fcd\u00fcr. Sayfalar\u0131 \u00e7evirdik\u00e7e Do\u011fu Karadeniz b\u00f6lgesinde ya\u015fayan insanlar\u0131n geride b\u0131rakt\u0131\u011f\u0131 izlerin fark\u0131na varacak, yurt tuttuklar\u0131 topraklarda nas\u0131l bir hayat s\u00fcrm\u00fc\u015f olduklar\u0131n\u0131 anlamaya \u00e7al\u0131\u015facaks\u0131n\u0131z.<\/p>\n","protected":false},"excerpt":{"rendered":"<p>Do\u011fu Karadeniz b\u00f6lgesi tarih boyunca pek \u00e7ok toplulu\u011fa ev sahipli\u011fi yapm\u0131\u015ft\u0131r. Bu topluluklar\u0131n baz\u0131lar\u0131 g\u00fcn\u00fcm\u00fczde de b\u00f6lgede ya\u015famaya devam ederken bir k\u0131sm\u0131n\u0131n izleri de ge\u00e7mi\u015fin bir<span class=\"excerpt-hellip\"> [\u2026]<\/span><\/p>\n","protected":false},"featured_media":0,"template":"","meta":{"_monsterinsights_skip_tracking":false,"_monsterinsights_sitenote_active":false,"_monsterinsights_sitenote_note":"","_monsterinsights_sitenote_category":0},"product_brand":[],"product_cat":[12370,12304],"product_tag":[],"class_list":{"0":"post-753910","1":"product","2":"type-product","3":"status-publish","5":"product_cat-arastirma-inceleme","6":"product_cat-tarih","7":"pa_cilt-ciltsiz","8":"pa_tur-kitap","9":"pa_yayinevi-bilge-kultur-sanat","10":"pa_yazar-ibrahim-tellioglu","12":"first","13":"instock","14":"sale","15":"shipping-taxable","16":"purchasable","17":"product-type-simple"},"_links":{"self":[{"href":"https:\/\/roveyayinevi.com.tr\/index.php\/wp-json\/wp\/v2\/product\/753910","targetHints":{"allow":["GET"]}}],"collection":[{"href":"https:\/\/roveyayinevi.com.tr\/index.php\/wp-json\/wp\/v2\/product"}],"about":[{"href":"https:\/\/roveyayinevi.com.tr\/index.php\/wp-json\/wp\/v2\/types\/product"}],"wp:attachment":[{"href":"https:\/\/roveyayinevi.com.tr\/index.php\/wp-json\/wp\/v2\/media?parent=753910"}],"wp:term":[{"taxonomy":"product_brand","embeddable":true,"href":"https:\/\/roveyayinevi.com.tr\/index.php\/wp-json\/wp\/v2\/product_brand?post=753910"},{"taxonomy":"product_cat","embeddable":true,"href":"https:\/\/roveyayinevi.com.tr\/index.php\/wp-json\/wp\/v2\/product_cat?post=753910"},{"taxonomy":"product_tag","embeddable":true,"href":"https:\/\/roveyayinevi.com.tr\/index.php\/wp-json\/wp\/v2\/product_tag?post=753910"}],"curies":[{"name":"wp","href":"https:\/\/api.w.org\/{rel}","templated":true}]}}