{"id":753905,"date":"2025-08-28T05:55:58","date_gmt":"2025-08-28T02:55:58","guid":{"rendered":"https:\/\/roveyayinevi.com.tr\/index.php\/urun\/inci-kupeli-kiz-bez-ciltli\/"},"modified":"2026-04-16T03:07:21","modified_gmt":"2026-04-16T00:07:21","slug":"inci-kupeli-kiz-bez-ciltli","status":"publish","type":"product","link":"https:\/\/roveyayinevi.com.tr\/index.php\/urun\/inci-kupeli-kiz-bez-ciltli\/","title":{"rendered":"\u0130nci K\u00fcpeli K\u0131z (Bez Ciltli)"},"content":{"rendered":"<p>K\u0131z ressama bakarken ne hissediyor? Ben bu bak\u0131\u015f hakk\u0131nda bir roman yazd\u0131m ve yirmi y\u0131ld\u0131r bu bak\u0131\u015f hakk\u0131nda konu\u015fuyorum ama cevab\u0131 bilmiyorum. Bu bir gizem olarak kald\u0131\u011f\u0131 s\u00fcrece \u2013ki bence sonsuza dek \u00f6yle kalacak\u2013 bu tablo ve onunla ba\u011flant\u0131l\u0131 her \u015fey bizi b\u00fcy\u00fclemeye devam edecek.   Tarihteki en \u00fcnl\u00fc tablolardan biri olan \u0130nci K\u00fcpeli K\u0131z\u2019\u0131n ard\u0131ndaki hik\u00e2yeyi resimdeki kad\u0131n\u0131n g\u00f6z\u00fcnden kurgulayan Tracy Chevalier\u2019nin bu etkileyici roman\u0131nda Hollanda\u2019n\u0131n en parlak y\u00fczy\u0131l\u0131ndan hayat kesitlerinin yan\u0131s\u0131ra \u00e7ocukluktan yeti\u015fkinli\u011fe ge\u00e7i\u015fin dokunakl\u0131 \u00f6yk\u00fcs\u00fcne tan\u0131k olacaks\u0131n\u0131z. On alt\u0131 ya\u015f\u0131ndaki Griet, ailesinin ge\u00e7imine destek olmak i\u00e7in ressam Johannes Vermeer\u2019in evinde hizmet\u00e7i olarak \u00e7al\u0131\u015fmaya ba\u015flar. En \u00f6nemli g\u00f6revi ressam\u0131n st\u00fcdyosunu temizlemektir, bu s\u0131rada sessizce g\u00f6zlemledi\u011fi efendisine duydu\u011fu hayranl\u0131k g\u00fcn ge\u00e7tik\u00e7e artar. Vermeer Griet\u2019in yetene\u011fini fark edip onu resimlerinin gizemli d\u00fcnyas\u0131na \u00e7ekti\u011finde ise ikisinin de hayat\u0131 de\u011fi\u015fecektir. Bir Vermeer tablosundaki sadelik ve odakl\u0131l\u0131kla yaz\u0131lm\u0131\u015f \u0130nci K\u00fcpeli K\u0131z\u2019da tarih ve kurgu kusursuz bir \u015fekilde kayna\u015f\u0131yor.<\/p>\n","protected":false},"excerpt":{"rendered":"<p>K\u0131z ressama bakarken ne hissediyor? Ben bu bak\u0131\u015f hakk\u0131nda bir roman yazd\u0131m ve yirmi y\u0131ld\u0131r bu bak\u0131\u015f hakk\u0131nda konu\u015fuyorum ama cevab\u0131 bilmiyorum. Bu bir gizem olarak<span class=\"excerpt-hellip\"> [\u2026]<\/span><\/p>\n","protected":false},"featured_media":0,"template":"","meta":{"_monsterinsights_skip_tracking":false,"_monsterinsights_sitenote_active":false,"_monsterinsights_sitenote_note":"","_monsterinsights_sitenote_category":0},"product_brand":[],"product_cat":[12291,12711],"product_tag":[],"class_list":{"0":"post-753905","1":"product","2":"type-product","3":"status-publish","5":"product_cat-edebiyat","6":"product_cat-roman-oyku","7":"pa_cilt-ciltli","8":"pa_tur-kitap","9":"pa_yayinevi-koridor-yayincilik","10":"pa_yazar-tracy-chevalier","12":"first","13":"instock","14":"sale","15":"shipping-taxable","16":"purchasable","17":"product-type-simple"},"_links":{"self":[{"href":"https:\/\/roveyayinevi.com.tr\/index.php\/wp-json\/wp\/v2\/product\/753905","targetHints":{"allow":["GET"]}}],"collection":[{"href":"https:\/\/roveyayinevi.com.tr\/index.php\/wp-json\/wp\/v2\/product"}],"about":[{"href":"https:\/\/roveyayinevi.com.tr\/index.php\/wp-json\/wp\/v2\/types\/product"}],"wp:attachment":[{"href":"https:\/\/roveyayinevi.com.tr\/index.php\/wp-json\/wp\/v2\/media?parent=753905"}],"wp:term":[{"taxonomy":"product_brand","embeddable":true,"href":"https:\/\/roveyayinevi.com.tr\/index.php\/wp-json\/wp\/v2\/product_brand?post=753905"},{"taxonomy":"product_cat","embeddable":true,"href":"https:\/\/roveyayinevi.com.tr\/index.php\/wp-json\/wp\/v2\/product_cat?post=753905"},{"taxonomy":"product_tag","embeddable":true,"href":"https:\/\/roveyayinevi.com.tr\/index.php\/wp-json\/wp\/v2\/product_tag?post=753905"}],"curies":[{"name":"wp","href":"https:\/\/api.w.org\/{rel}","templated":true}]}}