{"id":753904,"date":"2025-08-28T05:55:57","date_gmt":"2025-08-28T02:55:57","guid":{"rendered":"https:\/\/roveyayinevi.com.tr\/index.php\/urun\/yapay-zeka-ve-sanat\/"},"modified":"2026-01-29T03:42:33","modified_gmt":"2026-01-29T00:42:33","slug":"yapay-zeka-ve-sanat","status":"publish","type":"product","link":"https:\/\/roveyayinevi.com.tr\/index.php\/urun\/yapay-zeka-ve-sanat\/","title":{"rendered":"Yapay Zeka ve Sanat"},"content":{"rendered":"<p>2022 y\u0131l\u0131n\u0131n son aylar\u0131nda Sanat\u00e7\u0131 Jason Allen\u2019\u0131n yapay zek\u00e2ya \u00e7izdirmi\u015f oldu\u011fu bir g\u00f6rsel, Colorado Eyalet Fuar\u0131\u2019nda ger\u00e7ekle\u015ftirilen bir sanat yar\u0131\u015fmas\u0131nda birincilik \u00f6d\u00fcl\u00fc kazand\u0131. Bu durum \u00fczerine, sanat\u00e7\u0131lar\u0131n rahats\u0131z olduklar\u0131n\u0131n belirtildi\u011fi haberlere tan\u0131k olundu. Jason Allen\u2019\u0131n tepkiler kar\u015f\u0131s\u0131nda vermi\u015f oldu\u011fu yan\u0131t ise dikkat \u00e7ekiciydi. Allen, hi\u00e7bir kural\u0131 delmedi\u011fini ifade ederek, yapay zek\u00e2 \u00e7\u0131kt\u0131lar\u0131 \u00fczerinde haftalarca \u00e7al\u0131\u015ft\u0131\u011f\u0131n\u0131, y\u00fcze yak\u0131n g\u00f6rsel aras\u0131ndan kendi ilk \u00fc\u00e7\u00fcn\u00fc se\u00e7erek tuvale yazd\u0131rd\u0131\u011f\u0131n\u0131 belirtmi\u015f ve yapay zek\u00e2n\u0131n sanat\u00e7\u0131 yarat\u0131c\u0131l\u0131\u011f\u0131n\u0131 \u00f6ld\u00fcrmedi\u011fine y\u00f6nelik d\u00fc\u015f\u00fcncelerini beyan etmi\u015fti.   Ya\u015fanan tart\u0131\u015fmalar \u00fczerine; \u201cYapay zek\u00e2n\u0131n h\u0131zl\u0131 bir \u015fekilde geli\u015fmesi sanat\u00e7\u0131lar\u0131n ya da tasar\u0131mc\u0131lar\u0131n i\u015flerinden olmalar\u0131na neden olabilir mi? Yapay zek\u00e2n\u0131n \u00e7\u0131kt\u0131 olarak sundu\u011fu g\u00f6rsellerde sanat\u00e7\u0131 ruhuna tan\u0131k olmak m\u00fcmk\u00fcn m\u00fcd\u00fcr? Yapay zek\u00e2 ve kavramsal sanat aras\u0131nda bir ortakl\u0131k yakalanabilir mi?\u201d gibi bir\u00e7ok farkl\u0131 soru ele al\u0131nmaya ba\u015fland\u0131.   Sanat Tarih\u00e7isi Alp Do\u011fu Eser, cevaplanmay\u0131 bekleyen s\u00f6z konusu sorular\u0131 merkeze ald\u0131\u011f\u0131 Yapay Zek\u00e2 ve Sanat: Sanat\u00e7\u0131larla Tart\u0131\u015fmalara Bir Bak\u0131\u015f adl\u0131 bu kitab\u0131nda, sanat\u00e7\u0131larla yapay zek\u00e2 ve sanat birlikteli\u011finin bug\u00fcn\u00fcne dair s\u00f6yle\u015filer ger\u00e7ekle\u015ftiriyor. Onlardan ald\u0131\u011f\u0131 bilgiler do\u011frultusunda genel bir de\u011ferlendirme in\u015fa etmeyi deniyor. <\/p>\n","protected":false},"excerpt":{"rendered":"<p>2022 y\u0131l\u0131n\u0131n son aylar\u0131nda Sanat\u00e7\u0131 Jason Allen\u2019\u0131n yapay zek\u00e2ya \u00e7izdirmi\u015f oldu\u011fu bir g\u00f6rsel, Colorado Eyalet Fuar\u0131\u2019nda ger\u00e7ekle\u015ftirilen bir sanat yar\u0131\u015fmas\u0131nda birincilik \u00f6d\u00fcl\u00fc kazand\u0131. Bu durum \u00fczerine,<span class=\"excerpt-hellip\"> [\u2026]<\/span><\/p>\n","protected":false},"featured_media":0,"template":"","meta":{"_monsterinsights_skip_tracking":false,"_monsterinsights_sitenote_active":false,"_monsterinsights_sitenote_note":"","_monsterinsights_sitenote_category":0},"product_brand":[],"product_cat":[13548,12408],"product_tag":[],"class_list":{"0":"post-753904","1":"product","2":"type-product","3":"status-publish","5":"product_cat-kuram","6":"product_cat-sanat","7":"pa_cilt-ciltsiz","8":"pa_tur-kitap","9":"pa_yayinevi-utopya-yayinevi","10":"pa_yazar-alp-dogu-eser","12":"first","13":"instock","14":"sale","15":"shipping-taxable","16":"purchasable","17":"product-type-simple"},"_links":{"self":[{"href":"https:\/\/roveyayinevi.com.tr\/index.php\/wp-json\/wp\/v2\/product\/753904","targetHints":{"allow":["GET"]}}],"collection":[{"href":"https:\/\/roveyayinevi.com.tr\/index.php\/wp-json\/wp\/v2\/product"}],"about":[{"href":"https:\/\/roveyayinevi.com.tr\/index.php\/wp-json\/wp\/v2\/types\/product"}],"wp:attachment":[{"href":"https:\/\/roveyayinevi.com.tr\/index.php\/wp-json\/wp\/v2\/media?parent=753904"}],"wp:term":[{"taxonomy":"product_brand","embeddable":true,"href":"https:\/\/roveyayinevi.com.tr\/index.php\/wp-json\/wp\/v2\/product_brand?post=753904"},{"taxonomy":"product_cat","embeddable":true,"href":"https:\/\/roveyayinevi.com.tr\/index.php\/wp-json\/wp\/v2\/product_cat?post=753904"},{"taxonomy":"product_tag","embeddable":true,"href":"https:\/\/roveyayinevi.com.tr\/index.php\/wp-json\/wp\/v2\/product_tag?post=753904"}],"curies":[{"name":"wp","href":"https:\/\/api.w.org\/{rel}","templated":true}]}}