{"id":753903,"date":"2025-08-28T05:55:56","date_gmt":"2025-08-28T02:55:56","guid":{"rendered":"https:\/\/roveyayinevi.com.tr\/index.php\/urun\/birlesmeler\/"},"modified":"2026-04-16T03:07:21","modified_gmt":"2026-04-16T00:07:21","slug":"birlesmeler","status":"publish","type":"product","link":"https:\/\/roveyayinevi.com.tr\/index.php\/urun\/birlesmeler\/","title":{"rendered":"Birle\u015fmeler"},"content":{"rendered":"<p>Her \u015fey susuyor ve bekliyordu, her \u015fey onlar y\u00fcz\u00fcnden oradayd\u0131&#8230; Sonsuza dek uzanan parlak bir iplik gibi d\u00fcnyan\u0131n i\u00e7inden ge\u00e7en zaman, bu odan\u0131n ortas\u0131ndan, bu iki insan\u0131n ortas\u0131ndan ge\u00e7iyor gibi g\u00f6r\u00fcn\u00fcyordu&#8230;Musil\u2019in ilk d\u00f6nem eserlerinden olan Birle\u015fmeler, merkezinde kad\u0131n karakterlerin yer ald\u0131\u011f\u0131 \u201cA\u015fk\u0131n Tamamlan\u0131\u015f\u0131\u201d ve \u201cSakin Veronika\u2019n\u0131n Ba\u015ftan \u00c7\u0131k\u0131\u015f\u0131\u201d adl\u0131 iki uzun \u00f6yk\u00fcden olu\u015fuyor. Bu iki \u00f6yk\u00fcy\u00fc d\u00fcnya edebiyat\u0131n\u0131n en girift eserlerinden kabul eden ele\u015ftirmenlere g\u00f6re Musil okura, ba\u015fyap\u0131t\u0131 Niteliksiz Adam\u2019da m\u00fckemmelle\u015ftirece\u011fi y\u00fcksek modernist \u00fcslubunun erken bir g\u00f6r\u00fcnt\u00fcs\u00fcn\u00fc sunuyor.\u201cMusil; Mann, Joyce ya da Beckett gibi b\u00fcy\u00fck modern yazarlardan biri olmas\u0131n\u0131n yan\u0131 s\u0131ra d\u00f6nemimizi \u015fekillendiren ve tan\u0131mlayan sorunlarla y\u00fczle\u015fme cesareti g\u00f6steren bir avu\u00e7 insandan da biri&#8230;\u201dBoston Review<\/p>\n","protected":false},"excerpt":{"rendered":"<p>Her \u015fey susuyor ve bekliyordu, her \u015fey onlar y\u00fcz\u00fcnden oradayd\u0131&#8230; Sonsuza dek uzanan parlak bir iplik gibi d\u00fcnyan\u0131n i\u00e7inden ge\u00e7en zaman, bu odan\u0131n ortas\u0131ndan, bu iki<span class=\"excerpt-hellip\"> [\u2026]<\/span><\/p>\n","protected":false},"featured_media":0,"template":"","meta":{"_monsterinsights_skip_tracking":false,"_monsterinsights_sitenote_active":false,"_monsterinsights_sitenote_note":"","_monsterinsights_sitenote_category":0},"product_brand":[],"product_cat":[12291,18202],"product_tag":[],"class_list":{"0":"post-753903","1":"product","2":"type-product","3":"status-publish","5":"product_cat-edebiyat","6":"product_cat-hikaye","7":"pa_cilt-ciltsiz","8":"pa_tur-kitap","9":"pa_yayinevi-can-yayinlari","10":"pa_yazar-robert-musil","12":"first","13":"instock","14":"sale","15":"shipping-taxable","16":"purchasable","17":"product-type-simple"},"_links":{"self":[{"href":"https:\/\/roveyayinevi.com.tr\/index.php\/wp-json\/wp\/v2\/product\/753903","targetHints":{"allow":["GET"]}}],"collection":[{"href":"https:\/\/roveyayinevi.com.tr\/index.php\/wp-json\/wp\/v2\/product"}],"about":[{"href":"https:\/\/roveyayinevi.com.tr\/index.php\/wp-json\/wp\/v2\/types\/product"}],"wp:attachment":[{"href":"https:\/\/roveyayinevi.com.tr\/index.php\/wp-json\/wp\/v2\/media?parent=753903"}],"wp:term":[{"taxonomy":"product_brand","embeddable":true,"href":"https:\/\/roveyayinevi.com.tr\/index.php\/wp-json\/wp\/v2\/product_brand?post=753903"},{"taxonomy":"product_cat","embeddable":true,"href":"https:\/\/roveyayinevi.com.tr\/index.php\/wp-json\/wp\/v2\/product_cat?post=753903"},{"taxonomy":"product_tag","embeddable":true,"href":"https:\/\/roveyayinevi.com.tr\/index.php\/wp-json\/wp\/v2\/product_tag?post=753903"}],"curies":[{"name":"wp","href":"https:\/\/api.w.org\/{rel}","templated":true}]}}