{"id":753902,"date":"2025-08-28T05:55:54","date_gmt":"2025-08-28T02:55:54","guid":{"rendered":"https:\/\/roveyayinevi.com.tr\/index.php\/urun\/ihtilal-1-zelzele-kutulu-ciltli-set\/"},"modified":"2026-04-16T03:07:21","modified_gmt":"2026-04-16T00:07:21","slug":"ihtilal-1-zelzele-kutulu-ciltli-set","status":"publish","type":"product","link":"https:\/\/roveyayinevi.com.tr\/index.php\/urun\/ihtilal-1-zelzele-kutulu-ciltli-set\/","title":{"rendered":"\u0130htilal 1- Zelzele (Kutulu Ciltli Set)"},"content":{"rendered":"<p>KUTULU SET \u0130\u00c7ER\u0130\u011e\u0130 \u00b7         KAMUFLAJ DESENL\u0130 K\u0130TAP KESES\u0130 \u00b7         \u0130K\u0130 ADET KARAKTER KARTI \u00b7         ROZET \u00b7         AYRA\u00c7 \u00b7         MEKTUP   O gece ya\u011fan ya\u011fmur, yer ve g\u00f6\u011f\u00fcn yerini de\u011fi\u015ftirmi\u015fti. O geceden sonra bir daha \u015fafak s\u00f6kmemeli, g\u00fcne\u015f do\u011fmamal\u0131, sabah olmamal\u0131yd\u0131.   \u015eafa\u011f\u0131n geceye karanl\u0131ktan daha yak\u0131n oldu\u011fu saatlerde i\u015flenen bir cinayet, kaderin ak\u0131\u015f\u0131n\u0131 de\u011fi\u015ftirdi. Gen\u00e7 bir hukuk \u00f6\u011frencisi olan Zeliha, ya\u015fanmamas\u0131 gereken bir gecede yard\u0131m istememesi gereken bir yabanc\u0131dan yard\u0131m istedi\u011finde, o gece i\u015flenen cinayetin, o yabanc\u0131n\u0131n da onun da hayat\u0131n\u0131 bir \u00e7\u0131kmaza sokaca\u011f\u0131n\u0131 bilmiyordu. T\u0131pk\u0131 o yabanc\u0131 adam\u0131n, bir komando oldu\u011funu ve kaderinin ak\u0131\u015f\u0131n\u0131 de\u011fi\u015ftirdi\u011fi gibi, kalbinin at\u0131\u015flar\u0131n\u0131 da de\u011fi\u015ftirece\u011fini bilmedi\u011fi gibi\u2026   O gece \u015fafak s\u00f6kt\u00fc, gece kayboldu, g\u00fcne\u015f do\u011fdu ve sabah oldu. Olmamal\u0131yd\u0131. <\/p>\n","protected":false},"excerpt":{"rendered":"<p>KUTULU SET \u0130\u00c7ER\u0130\u011e\u0130 \u00b7 KAMUFLAJ DESENL\u0130 K\u0130TAP KESES\u0130 \u00b7 \u0130K\u0130 ADET KARAKTER KARTI \u00b7 ROZET \u00b7 AYRA\u00c7 \u00b7 MEKTUP O gece ya\u011fan ya\u011fmur, yer ve g\u00f6\u011f\u00fcn<span class=\"excerpt-hellip\"> [\u2026]<\/span><\/p>\n","protected":false},"featured_media":0,"template":"","meta":{"_monsterinsights_skip_tracking":false,"_monsterinsights_sitenote_active":false,"_monsterinsights_sitenote_note":"","_monsterinsights_sitenote_category":0},"product_brand":[],"product_cat":[12291,12711],"product_tag":[],"class_list":{"0":"post-753902","1":"product","2":"type-product","3":"status-publish","5":"product_cat-edebiyat","6":"product_cat-roman-oyku","7":"pa_cilt-ciltli","8":"pa_tur-kitap","9":"pa_yayinevi-dokuz-yayinlari","10":"pa_yazar-binnur-safak-nigiz","12":"first","13":"instock","14":"sale","15":"shipping-taxable","16":"purchasable","17":"product-type-simple"},"_links":{"self":[{"href":"https:\/\/roveyayinevi.com.tr\/index.php\/wp-json\/wp\/v2\/product\/753902","targetHints":{"allow":["GET"]}}],"collection":[{"href":"https:\/\/roveyayinevi.com.tr\/index.php\/wp-json\/wp\/v2\/product"}],"about":[{"href":"https:\/\/roveyayinevi.com.tr\/index.php\/wp-json\/wp\/v2\/types\/product"}],"wp:attachment":[{"href":"https:\/\/roveyayinevi.com.tr\/index.php\/wp-json\/wp\/v2\/media?parent=753902"}],"wp:term":[{"taxonomy":"product_brand","embeddable":true,"href":"https:\/\/roveyayinevi.com.tr\/index.php\/wp-json\/wp\/v2\/product_brand?post=753902"},{"taxonomy":"product_cat","embeddable":true,"href":"https:\/\/roveyayinevi.com.tr\/index.php\/wp-json\/wp\/v2\/product_cat?post=753902"},{"taxonomy":"product_tag","embeddable":true,"href":"https:\/\/roveyayinevi.com.tr\/index.php\/wp-json\/wp\/v2\/product_tag?post=753902"}],"curies":[{"name":"wp","href":"https:\/\/api.w.org\/{rel}","templated":true}]}}