{"id":753901,"date":"2025-08-28T05:55:52","date_gmt":"2025-08-28T02:55:52","guid":{"rendered":"https:\/\/roveyayinevi.com.tr\/index.php\/urun\/yesilcamda-oteki-olmak\/"},"modified":"2026-04-16T03:07:21","modified_gmt":"2026-04-16T00:07:21","slug":"yesilcamda-oteki-olmak","status":"publish","type":"product","link":"https:\/\/roveyayinevi.com.tr\/index.php\/urun\/yesilcamda-oteki-olmak\/","title":{"rendered":"Ye\u015fil\u00e7am&#8217;da \u00d6teki Olmak"},"content":{"rendered":"<p>Dilara Balc\u0131, bu kitapta T\u00fcrkiye sinemas\u0131na farkl\u0131 bir boyuttan bak\u0131yor. \u00d6teki olmak\u2026 1940-1977 y\u0131llar\u0131 aras\u0131nda \u00e7ekilmi\u015f doksan bir filmin de\u011ferlendirmesi bu, ancak sonras\u0131n\u0131 da i\u015faret ediyor \u00e7\u00f6z\u00fcmlemeleri. Bir yandan tarihselli\u011fi i\u00e7inde T\u00fcrkiye sinemas\u0131n\u0131 ele al\u0131rken, sinemay\u0131 var eden oyuncusundan y\u00f6netmenine, laboratuvarc\u0131s\u0131ndan yap\u0131mc\u0131s\u0131na b\u00fct\u00fcnl\u00fckl\u00fc bir foto\u011fraf sunuyor. Di\u011fer yandan filmlerde yer alan \u201c\u00f6teki\u201dlerin karakter tahlillerini yap\u0131yor\u2026 az\u0131nl\u0131klar\u0131n sinemadaki temsiliyet bi\u00e7imlerini ele al\u0131yor. Bazen yaln\u0131z, isimsiz, g\u00fcl\u00fcn\u00e7, kimi zaman \u201chain\u201d\u2026 ve bu temsiliyetlerle i\u00e7 i\u00e7e ge\u00e7mi\u015f o insanlar\u0131n meslekleri. Tiyatro ve edebiyat ile sineman\u0131n etkile\u015fimi de bir yakla\u015f\u0131m olarak tamaml\u0131yor ara\u015ft\u0131rmay\u0131. Kavramsal bir eksen etraf\u0131nda \u00f6r\u00fcl\u00fcyor \u201c\u00f6teki\u201dlerin hik\u00e2yesi. Bu ele\u015ftirel bak\u0131\u015f\u0131n T\u00fcrkiye sinemas\u0131na katk\u0131s\u0131n\u0131n \u00f6tesinde, izleyicinin de \u00f6nyarg\u0131l\u0131 yakla\u015f\u0131m\u0131n\u0131 d\u00f6n\u00fc\u015ft\u00fcrece\u011fini umuyoruz. <\/p>\n","protected":false},"excerpt":{"rendered":"<p>Dilara Balc\u0131, bu kitapta T\u00fcrkiye sinemas\u0131na farkl\u0131 bir boyuttan bak\u0131yor. \u00d6teki olmak\u2026 1940-1977 y\u0131llar\u0131 aras\u0131nda \u00e7ekilmi\u015f doksan bir filmin de\u011ferlendirmesi bu, ancak sonras\u0131n\u0131 da i\u015faret ediyor<span class=\"excerpt-hellip\"> [\u2026]<\/span><\/p>\n","protected":false},"featured_media":0,"template":"","meta":{"_monsterinsights_skip_tracking":false,"_monsterinsights_sitenote_active":false,"_monsterinsights_sitenote_note":"","_monsterinsights_sitenote_category":0},"product_brand":[],"product_cat":[12409,12408],"product_tag":[],"class_list":{"0":"post-753901","1":"product","2":"type-product","3":"status-publish","5":"product_cat-fotograf-sinema-tiyatro","6":"product_cat-sanat","7":"pa_cilt-ciltsiz","8":"pa_tur-kitap","9":"pa_yayinevi-ayrinti-yayinlari","10":"pa_yazar-dilara-balci","12":"first","13":"instock","14":"sale","15":"shipping-taxable","16":"purchasable","17":"product-type-simple"},"_links":{"self":[{"href":"https:\/\/roveyayinevi.com.tr\/index.php\/wp-json\/wp\/v2\/product\/753901","targetHints":{"allow":["GET"]}}],"collection":[{"href":"https:\/\/roveyayinevi.com.tr\/index.php\/wp-json\/wp\/v2\/product"}],"about":[{"href":"https:\/\/roveyayinevi.com.tr\/index.php\/wp-json\/wp\/v2\/types\/product"}],"wp:attachment":[{"href":"https:\/\/roveyayinevi.com.tr\/index.php\/wp-json\/wp\/v2\/media?parent=753901"}],"wp:term":[{"taxonomy":"product_brand","embeddable":true,"href":"https:\/\/roveyayinevi.com.tr\/index.php\/wp-json\/wp\/v2\/product_brand?post=753901"},{"taxonomy":"product_cat","embeddable":true,"href":"https:\/\/roveyayinevi.com.tr\/index.php\/wp-json\/wp\/v2\/product_cat?post=753901"},{"taxonomy":"product_tag","embeddable":true,"href":"https:\/\/roveyayinevi.com.tr\/index.php\/wp-json\/wp\/v2\/product_tag?post=753901"}],"curies":[{"name":"wp","href":"https:\/\/api.w.org\/{rel}","templated":true}]}}