{"id":753898,"date":"2025-08-28T05:55:46","date_gmt":"2025-08-28T02:55:46","guid":{"rendered":"https:\/\/roveyayinevi.com.tr\/index.php\/urun\/dunya-masallari-10-kitap\/"},"modified":"2026-04-16T03:07:21","modified_gmt":"2026-04-16T00:07:21","slug":"dunya-masallari-10-kitap","status":"publish","type":"product","link":"https:\/\/roveyayinevi.com.tr\/index.php\/urun\/dunya-masallari-10-kitap\/","title":{"rendered":"D\u00fcnya Masallar\u0131 (10 Kitap)"},"content":{"rendered":"<p>Okumaya yeni ba\u015flayan \u00e7ocuklar\u0131n zevkle ve heyecanla okuyaca\u011f\u0131 bu seri, .MEB okuma-yazma programa uygun d\u00fcnya \u00e7ocuk edebiyat\u0131n\u0131n en se\u00e7kin \u00f6rneklerinden derlenmi\u015ftir. Set \u0130\u00e7eri\u011fi: 1-Kibrit\u00e7i K\u0131z \/ Hans Christian Andersen2-Kraln Yeni Giysileri \/ Hans Christian Andersen3-Kur\u015fun Asker \/ Hans Christian Andersen4-Deniz K\u0131z\u0131 \/ Hans Christian Andersen5-\u00c7irkin \u00d6rdek Yavrusu \/ Hans Christian Andersen6-Sindirella \/ Jacob-Wihelm Grimm7-Uyuyan Prenses \/ Jacob-Wihelm Grimm8-\u00c7izmeli Kedi \/ Jacob-Wihelm Grimm9-Pinokyo \/ Carlo Collodi10-Ali Baba Ve K\u0131rk Haramiler <\/p>\n","protected":false},"excerpt":{"rendered":"<p>Okumaya yeni ba\u015flayan \u00e7ocuklar\u0131n zevkle ve heyecanla okuyaca\u011f\u0131 bu seri, .MEB okuma-yazma programa uygun d\u00fcnya \u00e7ocuk edebiyat\u0131n\u0131n en se\u00e7kin \u00f6rneklerinden derlenmi\u015ftir. Set \u0130\u00e7eri\u011fi: 1-Kibrit\u00e7i K\u0131z \/<span class=\"excerpt-hellip\"> [\u2026]<\/span><\/p>\n","protected":false},"featured_media":0,"template":"","meta":{"_monsterinsights_skip_tracking":false,"_monsterinsights_sitenote_active":false,"_monsterinsights_sitenote_note":"","_monsterinsights_sitenote_category":0},"product_brand":[],"product_cat":[12274,12284],"product_tag":[],"class_list":{"0":"post-753898","1":"product","2":"type-product","3":"status-publish","5":"product_cat-cocuk-ve-genclik-kitaplari","6":"product_cat-hikayeler","7":"pa_cilt-set","8":"pa_tur-kitap","9":"pa_yayinevi-ema-kitap","10":"pa_yazar-kolektif","12":"first","13":"instock","14":"sale","15":"shipping-taxable","16":"purchasable","17":"product-type-simple"},"_links":{"self":[{"href":"https:\/\/roveyayinevi.com.tr\/index.php\/wp-json\/wp\/v2\/product\/753898","targetHints":{"allow":["GET"]}}],"collection":[{"href":"https:\/\/roveyayinevi.com.tr\/index.php\/wp-json\/wp\/v2\/product"}],"about":[{"href":"https:\/\/roveyayinevi.com.tr\/index.php\/wp-json\/wp\/v2\/types\/product"}],"wp:attachment":[{"href":"https:\/\/roveyayinevi.com.tr\/index.php\/wp-json\/wp\/v2\/media?parent=753898"}],"wp:term":[{"taxonomy":"product_brand","embeddable":true,"href":"https:\/\/roveyayinevi.com.tr\/index.php\/wp-json\/wp\/v2\/product_brand?post=753898"},{"taxonomy":"product_cat","embeddable":true,"href":"https:\/\/roveyayinevi.com.tr\/index.php\/wp-json\/wp\/v2\/product_cat?post=753898"},{"taxonomy":"product_tag","embeddable":true,"href":"https:\/\/roveyayinevi.com.tr\/index.php\/wp-json\/wp\/v2\/product_tag?post=753898"}],"curies":[{"name":"wp","href":"https:\/\/api.w.org\/{rel}","templated":true}]}}