{"id":753895,"date":"2025-08-28T05:55:43","date_gmt":"2025-08-28T02:55:43","guid":{"rendered":"https:\/\/roveyayinevi.com.tr\/index.php\/urun\/goc-ve-sosyal-icerme-politikalarinin-analizi\/"},"modified":"2026-04-16T03:07:21","modified_gmt":"2026-04-16T00:07:21","slug":"goc-ve-sosyal-icerme-politikalarinin-analizi","status":"publish","type":"product","link":"https:\/\/roveyayinevi.com.tr\/index.php\/urun\/goc-ve-sosyal-icerme-politikalarinin-analizi\/","title":{"rendered":"G\u00f6\u00e7 ve Sosyal \u0130\u00e7erme Politikalar\u0131n\u0131n Analizi"},"content":{"rendered":"<p>\u0130\u00e7indekiler   B\u0130R\u0130NC\u0130 B\u00d6L\u00dcM G\u00d6\u00c7, SOSYAL DI\u015eLANMA VE SOSYAL \u0130\u00c7ERMEYE \u0130L\u0130\u015eK\u0130N KAVRAMSAL \u00c7ER\u00c7EVE   \u0130K\u0130NC\u0130 B\u00d6L\u00dcM AVRUPA B\u0130RL\u0130\u011e\u0130 VE AMER\u0130KA B\u0130RLE\u015e\u0130K DEVLETLER\u0130\u2019N\u0130N G\u00d6\u00c7 VE SOSYAL \u0130\u00c7ERME UYGULAMALARI   \u00dc\u00c7\u00dcNC\u00dc B\u00d6L\u00dcM T\u00dcRK G\u00d6\u00c7 VE SOSYAL \u0130\u00c7ERME POL\u0130T\u0130KALARININ AVRUPA B\u0130RL\u0130\u011e\u0130 VE AMER\u0130KA B\u0130RLE\u015e\u0130K DEVLETLER\u0130 POL\u0130T\u0130KALARI BAZINDA DE\u011eERLEND\u0130R\u0130LMES\u0130   SONU\u00c7 KAYNAK\u00c7A<\/p>\n","protected":false},"excerpt":{"rendered":"<p>\u0130\u00e7indekiler B\u0130R\u0130NC\u0130 B\u00d6L\u00dcM G\u00d6\u00c7, SOSYAL DI\u015eLANMA VE SOSYAL \u0130\u00c7ERMEYE \u0130L\u0130\u015eK\u0130N KAVRAMSAL \u00c7ER\u00c7EVE \u0130K\u0130NC\u0130 B\u00d6L\u00dcM AVRUPA B\u0130RL\u0130\u011e\u0130 VE AMER\u0130KA B\u0130RLE\u015e\u0130K DEVLETLER\u0130\u2019N\u0130N G\u00d6\u00c7 VE SOSYAL \u0130\u00c7ERME UYGULAMALARI \u00dc\u00c7\u00dcNC\u00dc<span class=\"excerpt-hellip\"> [\u2026]<\/span><\/p>\n","protected":false},"featured_media":0,"template":"","meta":{"_monsterinsights_skip_tracking":false,"_monsterinsights_sitenote_active":false,"_monsterinsights_sitenote_note":"","_monsterinsights_sitenote_category":0},"product_brand":[],"product_cat":[12573,12566],"product_tag":[],"class_list":{"0":"post-753895","1":"product","2":"type-product","3":"status-publish","5":"product_cat-akademik-kitaplar","6":"product_cat-egitim","7":"pa_cilt-ciltsiz","8":"pa_tur-kitap","9":"pa_yayinevi-gazi-kitabevi","10":"pa_yazar-siddika-oztekin","12":"first","13":"instock","14":"sale","15":"shipping-taxable","16":"purchasable","17":"product-type-simple"},"_links":{"self":[{"href":"https:\/\/roveyayinevi.com.tr\/index.php\/wp-json\/wp\/v2\/product\/753895","targetHints":{"allow":["GET"]}}],"collection":[{"href":"https:\/\/roveyayinevi.com.tr\/index.php\/wp-json\/wp\/v2\/product"}],"about":[{"href":"https:\/\/roveyayinevi.com.tr\/index.php\/wp-json\/wp\/v2\/types\/product"}],"wp:attachment":[{"href":"https:\/\/roveyayinevi.com.tr\/index.php\/wp-json\/wp\/v2\/media?parent=753895"}],"wp:term":[{"taxonomy":"product_brand","embeddable":true,"href":"https:\/\/roveyayinevi.com.tr\/index.php\/wp-json\/wp\/v2\/product_brand?post=753895"},{"taxonomy":"product_cat","embeddable":true,"href":"https:\/\/roveyayinevi.com.tr\/index.php\/wp-json\/wp\/v2\/product_cat?post=753895"},{"taxonomy":"product_tag","embeddable":true,"href":"https:\/\/roveyayinevi.com.tr\/index.php\/wp-json\/wp\/v2\/product_tag?post=753895"}],"curies":[{"name":"wp","href":"https:\/\/api.w.org\/{rel}","templated":true}]}}