{"id":753893,"date":"2025-08-28T05:55:40","date_gmt":"2025-08-28T02:55:40","guid":{"rendered":"https:\/\/roveyayinevi.com.tr\/index.php\/urun\/etkinlikli-keloglan-masallari10-kitap\/"},"modified":"2026-04-16T03:07:21","modified_gmt":"2026-04-16T00:07:21","slug":"etkinlikli-keloglan-masallari10-kitap","status":"publish","type":"product","link":"https:\/\/roveyayinevi.com.tr\/index.php\/urun\/etkinlikli-keloglan-masallari10-kitap\/","title":{"rendered":"Etkinlikli Kelo\u011flan Masallar\u0131(10 Kitap)"},"content":{"rendered":"<p>Tema ve De\u011ferler Hayal G\u00fcc\u00fc \u2022 De\u011ferlerimiz \u2022 D\u00fcr\u00fcstl\u00fck \u2022 Dayan\u0131\u015fma \u00c7ocuklar\u0131m\u0131z, i\u00e7imizden biri olan Kelo\u011flan`\u0131n ser\u00fcvenlerini merakla ve heyecanla okuyacaklard\u0131r.Hayal g\u00fc\u00e7lerinin geli\u015fmesi i\u00e7in metin-g\u00f6rsel ili\u015fkisi g\u00f6zetilerek haz\u0131rlanm\u0131\u015ft\u0131r. KELO\u011eLAN` IN MACERALARINA KO\u015eUUUUN ! 1-Kelo\u011flan ve Marifetli Tav\u015fan2-Kelo\u011flan ve Kom\u015fular\u01313-Kelo\u011flan Ve Haydutlar4-Kelo\u011flan ve Devler5-Kelo\u011flan ve Ali Cengiz6-Kelo\u011flan ve De\u011firmenci7-Kelo\u011flan ve Padi\u015fah\u0131n K\u0131z\u01318-Kelo\u011flan Ve C\u00fcceler9-Kelo\u011flan ve Kurt10-Kelo\u011flan ve Dev Anas\u0131 <\/p>\n","protected":false},"excerpt":{"rendered":"<p>Tema ve De\u011ferler Hayal G\u00fcc\u00fc \u2022 De\u011ferlerimiz \u2022 D\u00fcr\u00fcstl\u00fck \u2022 Dayan\u0131\u015fma \u00c7ocuklar\u0131m\u0131z, i\u00e7imizden biri olan Kelo\u011flan`\u0131n ser\u00fcvenlerini merakla ve heyecanla okuyacaklard\u0131r.Hayal g\u00fc\u00e7lerinin geli\u015fmesi i\u00e7in metin-g\u00f6rsel ili\u015fkisi<span class=\"excerpt-hellip\"> [\u2026]<\/span><\/p>\n","protected":false},"featured_media":0,"template":"","meta":{"_monsterinsights_skip_tracking":false,"_monsterinsights_sitenote_active":false,"_monsterinsights_sitenote_note":"","_monsterinsights_sitenote_category":0},"product_brand":[],"product_cat":[12274,12284],"product_tag":[],"class_list":{"0":"post-753893","1":"product","2":"type-product","3":"status-publish","5":"product_cat-cocuk-ve-genclik-kitaplari","6":"product_cat-hikayeler","7":"pa_cilt-set","8":"pa_tur-kitap","9":"pa_yayinevi-ema-kitap","10":"pa_yazar-kolektif","12":"first","13":"instock","14":"sale","15":"shipping-taxable","16":"purchasable","17":"product-type-simple"},"_links":{"self":[{"href":"https:\/\/roveyayinevi.com.tr\/index.php\/wp-json\/wp\/v2\/product\/753893","targetHints":{"allow":["GET"]}}],"collection":[{"href":"https:\/\/roveyayinevi.com.tr\/index.php\/wp-json\/wp\/v2\/product"}],"about":[{"href":"https:\/\/roveyayinevi.com.tr\/index.php\/wp-json\/wp\/v2\/types\/product"}],"wp:attachment":[{"href":"https:\/\/roveyayinevi.com.tr\/index.php\/wp-json\/wp\/v2\/media?parent=753893"}],"wp:term":[{"taxonomy":"product_brand","embeddable":true,"href":"https:\/\/roveyayinevi.com.tr\/index.php\/wp-json\/wp\/v2\/product_brand?post=753893"},{"taxonomy":"product_cat","embeddable":true,"href":"https:\/\/roveyayinevi.com.tr\/index.php\/wp-json\/wp\/v2\/product_cat?post=753893"},{"taxonomy":"product_tag","embeddable":true,"href":"https:\/\/roveyayinevi.com.tr\/index.php\/wp-json\/wp\/v2\/product_tag?post=753893"}],"curies":[{"name":"wp","href":"https:\/\/api.w.org\/{rel}","templated":true}]}}