{"id":753889,"date":"2025-08-28T05:55:33","date_gmt":"2025-08-28T02:55:33","guid":{"rendered":"https:\/\/roveyayinevi.com.tr\/index.php\/urun\/birinci-mesrutiyetten-mondrosa-ermeniler-ve-kurtler\/"},"modified":"2025-12-30T11:13:41","modified_gmt":"2025-12-30T08:13:41","slug":"birinci-mesrutiyetten-mondrosa-ermeniler-ve-kurtler","status":"publish","type":"product","link":"https:\/\/roveyayinevi.com.tr\/index.php\/urun\/birinci-mesrutiyetten-mondrosa-ermeniler-ve-kurtler\/","title":{"rendered":"Birinci Me\u015frutiyet\u2019ten Mondros\u2019a Ermeniler ve K\u00fcrtler"},"content":{"rendered":"<p>Birinci ve \u0130kinci Me\u015frutiyet d\u00f6nemlerinde Osmanl\u0131 \u0130mparatorlu\u011fu, hem Bat\u0131daki hem de Do\u011fudaki milliyetlerin ulusal hak ve \u00f6zg\u00fcrl\u00fck m\u00fccadelelerine sahne oldu. Bat\u0131da, S\u0131rplar, Karada\u011fl\u0131lar, Bosna-Hersekliler, Arnavutlar ve Bulgarlar ba\u011f\u0131ms\u0131zl\u0131k ilan eti. Do\u011fuda, di\u011fer milletlere g\u00f6re siyasal ve toplumsal olarak daha fazla geli\u015fmi\u015f konumda olan Ermeniler, ulusal demokratik m\u00fccadeleleriyle \u00f6nc\u00fc bir rol \u00fcstlendi.     Topraklar\u0131n\u0131n b\u00fcy\u00fck b\u00f6l\u00fcm\u00fc Osmanl\u0131 Devleti s\u0131n\u0131rlar\u0131 i\u00e7erisinde bulunan K\u00fcrtler ise, Ruslar\u0131n, Avrupa\u2019n\u0131n b\u00fcy\u00fck devletlerinin ve \u00f6zellikle d\u00fcnyan\u0131n en b\u00fcy\u00fck s\u00f6m\u00fcrge imparatorlu\u011fu olan \u0130ngiltere\u2019nin egemenlik alan\u0131na girdi. Osmanl\u0131 egemenleri ve s\u00f6m\u00fcrgeci devletler her iki milleti de s\u00f6m\u00fcr\u00fc ve bask\u0131 politikalar\u0131yla y\u00f6nlendirmeye \u00e7al\u0131\u015ft\u0131.   S\u00f6m\u00fcrgeci devletler, \u00f6nce gizli anla\u015fmalarla, ard\u0131ndan da Birinci D\u00fcnya Emperyalist Payla\u015f\u0131m Sava\u015f\u0131 ba\u015flatarak Osmanl\u0131 \u0130mparatorlu\u011fu\u2019nun egemenli\u011finde bulunun Ortado\u011fu\u2019yu payla\u015ft\u0131lar. Do\u011fal zenginlikleri, co\u011frafi ve askeri stratejik konumlar\u0131yla bir \u015fekilde varl\u0131klar\u0131n\u0131 s\u00fcrd\u00fcren Ortado\u011fu halklar\u0131n\u0131 cetvel devletler kurarak birbirlerinden ay\u0131rd\u0131lar.   \u00c7ok kimlikli, \u00e7ok dilli, \u00e7ok k\u00fclt\u00fcrl\u00fc ve \u00e7ok inan\u00e7l\u0131 bir yap\u0131ya sahip olan Osmanl\u0131 \u0130mparatorlu\u011fu\u2019nun son 40 y\u0131l\u0131 Birinci Me\u015frutiyet\u2019ten Mondros\u2019a kadar olan d\u00f6nemdi. \u0130mparatorlu\u011fun bu son d\u00f6neminde yo\u011fun olarak ulusal, s\u0131n\u0131fsal, cinsel, etnik, k\u00fclt\u00fcrel ve inan\u00e7sal \u00e7eli\u015fkiler ve \u00e7at\u0131\u015fmalar ya\u015fand\u0131.   Kitap siyasal, toplumsal ve tarihsel geli\u015fmelerin \u0131\u015f\u0131\u011f\u0131nda imparatorlu\u011fun bu son 40 y\u0131l\u0131n\u0131n bir panoramas\u0131n\u0131 \u00e7iziyor.   <\/p>\n","protected":false},"excerpt":{"rendered":"<p>Birinci ve \u0130kinci Me\u015frutiyet d\u00f6nemlerinde Osmanl\u0131 \u0130mparatorlu\u011fu, hem Bat\u0131daki hem de Do\u011fudaki milliyetlerin ulusal hak ve \u00f6zg\u00fcrl\u00fck m\u00fccadelelerine sahne oldu. Bat\u0131da, S\u0131rplar, Karada\u011fl\u0131lar, Bosna-Hersekliler, Arnavutlar ve<span class=\"excerpt-hellip\"> [\u2026]<\/span><\/p>\n","protected":false},"featured_media":0,"template":"","meta":{"_monsterinsights_skip_tracking":false,"_monsterinsights_sitenote_active":false,"_monsterinsights_sitenote_note":"","_monsterinsights_sitenote_category":0},"product_brand":[],"product_cat":[12370,12304],"product_tag":[],"class_list":{"0":"post-753889","1":"product","2":"type-product","3":"status-publish","5":"product_cat-arastirma-inceleme","6":"product_cat-tarih","7":"pa_cilt-ciltsiz","8":"pa_tur-kitap","9":"pa_yayinevi-favori-yayinlari","10":"pa_yazar-saban-iba","12":"first","13":"instock","14":"sale","15":"shipping-taxable","16":"purchasable","17":"product-type-simple"},"_links":{"self":[{"href":"https:\/\/roveyayinevi.com.tr\/index.php\/wp-json\/wp\/v2\/product\/753889","targetHints":{"allow":["GET"]}}],"collection":[{"href":"https:\/\/roveyayinevi.com.tr\/index.php\/wp-json\/wp\/v2\/product"}],"about":[{"href":"https:\/\/roveyayinevi.com.tr\/index.php\/wp-json\/wp\/v2\/types\/product"}],"wp:attachment":[{"href":"https:\/\/roveyayinevi.com.tr\/index.php\/wp-json\/wp\/v2\/media?parent=753889"}],"wp:term":[{"taxonomy":"product_brand","embeddable":true,"href":"https:\/\/roveyayinevi.com.tr\/index.php\/wp-json\/wp\/v2\/product_brand?post=753889"},{"taxonomy":"product_cat","embeddable":true,"href":"https:\/\/roveyayinevi.com.tr\/index.php\/wp-json\/wp\/v2\/product_cat?post=753889"},{"taxonomy":"product_tag","embeddable":true,"href":"https:\/\/roveyayinevi.com.tr\/index.php\/wp-json\/wp\/v2\/product_tag?post=753889"}],"curies":[{"name":"wp","href":"https:\/\/api.w.org\/{rel}","templated":true}]}}