{"id":753888,"date":"2025-08-28T05:55:32","date_gmt":"2025-08-28T02:55:32","guid":{"rendered":"https:\/\/roveyayinevi.com.tr\/index.php\/urun\/heybe-dergisi-sayi-5\/"},"modified":"2026-04-16T03:07:21","modified_gmt":"2026-04-16T00:07:21","slug":"heybe-dergisi-sayi-5","status":"publish","type":"product","link":"https:\/\/roveyayinevi.com.tr\/index.php\/urun\/heybe-dergisi-sayi-5\/","title":{"rendered":"Heybe Dergisi &#8211; Say\u0131 5"},"content":{"rendered":"<p>Ah, \u015eu Kayan Zeminler! Deniz K\u0131r\u0131msoy Denge Deprem, Kolektif Haf\u0131za ve Sosyal \u0130n\u015fa: Neden Unutamay\u0131z? Tu\u011fba Canbulut, Ye\u015fim Eraslan Kad\u0131n Koalisyonu\u2019nun Deprem Sonras\u0131 Dayan\u0131\u015fma Modeli; Kad\u0131n Ya\u015fam Merkezleri Gu\u0308l Erdost Kayganla\u015ft\u0131r\u0131lan Bir Zeminde LGBT\u0130+\u2019lar\u0131n \u201cAyakta Kalma\u201d Mu\u0308cadelesi R\u0131za Y\u0131lmaz Depremlerde \u00c7al\u0131\u015fana Destek Filiz Demir\u00f6z Meslek \u0130nsanlar\u0131 Olarak Etik Sorumlulu\u011fumuz Ba\u011flam\u0131nda \u00d6ncesi ve Sonras\u0131yla Afet, Planlama ve Demokrasi \u00dczerine Bir Tart\u0131\u015fma Ak\u0131n Atauz, Mehmet Onur Y\u0131lmaz Hayat Yorgunlu\u011fu: Bat\u0131 Toplumlar\u0131nda Bu\u0308yu\u0308yen Bir G\u00f6ru\u0308ngu\u0308 Sam Carr \u00c7eviren: S. Erdem Tu\u0308rk\u00f6zu\u0308 <\/p>\n","protected":false},"excerpt":{"rendered":"<p>Ah, \u015eu Kayan Zeminler! Deniz K\u0131r\u0131msoy Denge Deprem, Kolektif Haf\u0131za ve Sosyal \u0130n\u015fa: Neden Unutamay\u0131z? Tu\u011fba Canbulut, Ye\u015fim Eraslan Kad\u0131n Koalisyonu\u2019nun Deprem Sonras\u0131 Dayan\u0131\u015fma Modeli; Kad\u0131n<span class=\"excerpt-hellip\"> [\u2026]<\/span><\/p>\n","protected":false},"featured_media":0,"template":"","meta":{"_monsterinsights_skip_tracking":false,"_monsterinsights_sitenote_active":false,"_monsterinsights_sitenote_note":"","_monsterinsights_sitenote_category":0},"product_brand":[],"product_cat":[13527],"product_tag":[],"class_list":{"0":"post-753888","1":"product","2":"type-product","3":"status-publish","5":"product_cat-sureli-yayinlar","6":"pa_cilt-ciltsiz","7":"pa_tur-dergi","8":"pa_yayinevi-nika-yayinevi","9":"pa_yazar-kolektif","11":"first","12":"instock","13":"sale","14":"shipping-taxable","15":"purchasable","16":"product-type-simple"},"_links":{"self":[{"href":"https:\/\/roveyayinevi.com.tr\/index.php\/wp-json\/wp\/v2\/product\/753888","targetHints":{"allow":["GET"]}}],"collection":[{"href":"https:\/\/roveyayinevi.com.tr\/index.php\/wp-json\/wp\/v2\/product"}],"about":[{"href":"https:\/\/roveyayinevi.com.tr\/index.php\/wp-json\/wp\/v2\/types\/product"}],"wp:attachment":[{"href":"https:\/\/roveyayinevi.com.tr\/index.php\/wp-json\/wp\/v2\/media?parent=753888"}],"wp:term":[{"taxonomy":"product_brand","embeddable":true,"href":"https:\/\/roveyayinevi.com.tr\/index.php\/wp-json\/wp\/v2\/product_brand?post=753888"},{"taxonomy":"product_cat","embeddable":true,"href":"https:\/\/roveyayinevi.com.tr\/index.php\/wp-json\/wp\/v2\/product_cat?post=753888"},{"taxonomy":"product_tag","embeddable":true,"href":"https:\/\/roveyayinevi.com.tr\/index.php\/wp-json\/wp\/v2\/product_tag?post=753888"}],"curies":[{"name":"wp","href":"https:\/\/api.w.org\/{rel}","templated":true}]}}