{"id":753887,"date":"2025-08-28T05:55:30","date_gmt":"2025-08-28T02:55:30","guid":{"rendered":"https:\/\/roveyayinevi.com.tr\/index.php\/urun\/babasindan-biricik-ogluna\/"},"modified":"2026-04-16T03:07:21","modified_gmt":"2026-04-16T00:07:21","slug":"babasindan-biricik-ogluna","status":"publish","type":"product","link":"https:\/\/roveyayinevi.com.tr\/index.php\/urun\/babasindan-biricik-ogluna\/","title":{"rendered":"Babas\u0131ndan Biricik O\u011fluna"},"content":{"rendered":"<p>\u015eirin ve tatl\u0131 y\u00fcz\u00fcn\u00fc g\u00f6r\u00fcr g\u00f6rmez, Seni ba\u011fr\u0131ma bast\u0131m ve s\u00f6z verdim: Seni g\u00fc\u00e7l\u00fc ve merhametli b\u00fcy\u00fctece\u011fim. Can\u0131m o\u011flum, yavrucu\u011fum, birici\u011fim.   Gregory E. Lang, New York Times\u2019\u0131n en \u00e7ok satan eserler listesinde yer alan bu g\u00fczel ve dokunakl\u0131 kitab\u0131nda, baba-o\u011ful aras\u0131ndaki \u00f6zel ba\u011f\u0131 anlat\u0131yor. \u201cBabas\u0131ndan Biricik O\u011fluna\u201d kitab\u0131 bir baban\u0131n o\u011fluna duydu\u011fu ko\u015fulsuz sevgi, b\u00fcy\u00fcleyici \u00e7izimler ve y\u00fcrek \u0131s\u0131tacak s\u00f6zlerle kar\u015f\u0131n\u0131zda.<\/p>\n","protected":false},"excerpt":{"rendered":"<p>\u015eirin ve tatl\u0131 y\u00fcz\u00fcn\u00fc g\u00f6r\u00fcr g\u00f6rmez, Seni ba\u011fr\u0131ma bast\u0131m ve s\u00f6z verdim: Seni g\u00fc\u00e7l\u00fc ve merhametli b\u00fcy\u00fctece\u011fim. Can\u0131m o\u011flum, yavrucu\u011fum, birici\u011fim. Gregory E. Lang, New York<span class=\"excerpt-hellip\"> [\u2026]<\/span><\/p>\n","protected":false},"featured_media":0,"template":"","meta":{"_monsterinsights_skip_tracking":false,"_monsterinsights_sitenote_active":false,"_monsterinsights_sitenote_note":"","_monsterinsights_sitenote_category":0},"product_brand":[],"product_cat":[12274,12284],"product_tag":[],"class_list":{"0":"post-753887","1":"product","2":"type-product","3":"status-publish","5":"product_cat-cocuk-ve-genclik-kitaplari","6":"product_cat-hikayeler","7":"pa_cilt-ciltsiz","8":"pa_tur-kitap","9":"pa_yayinevi-buyulu-fener-yayinlari","10":"pa_yazar-gregory-e-lang","12":"first","13":"instock","14":"sale","15":"shipping-taxable","16":"purchasable","17":"product-type-simple"},"_links":{"self":[{"href":"https:\/\/roveyayinevi.com.tr\/index.php\/wp-json\/wp\/v2\/product\/753887","targetHints":{"allow":["GET"]}}],"collection":[{"href":"https:\/\/roveyayinevi.com.tr\/index.php\/wp-json\/wp\/v2\/product"}],"about":[{"href":"https:\/\/roveyayinevi.com.tr\/index.php\/wp-json\/wp\/v2\/types\/product"}],"wp:attachment":[{"href":"https:\/\/roveyayinevi.com.tr\/index.php\/wp-json\/wp\/v2\/media?parent=753887"}],"wp:term":[{"taxonomy":"product_brand","embeddable":true,"href":"https:\/\/roveyayinevi.com.tr\/index.php\/wp-json\/wp\/v2\/product_brand?post=753887"},{"taxonomy":"product_cat","embeddable":true,"href":"https:\/\/roveyayinevi.com.tr\/index.php\/wp-json\/wp\/v2\/product_cat?post=753887"},{"taxonomy":"product_tag","embeddable":true,"href":"https:\/\/roveyayinevi.com.tr\/index.php\/wp-json\/wp\/v2\/product_tag?post=753887"}],"curies":[{"name":"wp","href":"https:\/\/api.w.org\/{rel}","templated":true}]}}