{"id":753883,"date":"2025-08-28T05:55:23","date_gmt":"2025-08-28T02:55:23","guid":{"rendered":"https:\/\/roveyayinevi.com.tr\/index.php\/urun\/yol-dusuncesi\/"},"modified":"2026-04-16T03:07:21","modified_gmt":"2026-04-16T00:07:21","slug":"yol-dusuncesi","status":"publish","type":"product","link":"https:\/\/roveyayinevi.com.tr\/index.php\/urun\/yol-dusuncesi\/","title":{"rendered":"Yol D\u00fc\u015f\u00fcncesi"},"content":{"rendered":"<p>Gece; da\u011f, ta\u015f uykuda Bahar\u0131n can iksiri, Ye\u015filin her tonunda, Tabiat\u0131n koynunda   Ay \u0131\u015f\u0131\u011f\u0131 etrafa Apayr\u0131 esrar katar, \u015eavk\u0131 vurur \u0131rma\u011fa, Ruhumda efk\u00e2r artar.   Bitmez t\u00fckenmez yolu, K\u0131salt\u0131r bu g\u00fczellik, Yine de d\u00fc\u015f\u00fcnceler, Zihnime vermez \u015fenlik.   Yo\u011fun bak\u0131mdaki o, \u00c7aresiz bak\u0131\u015flar m\u0131 ? \u0130nsana elem veren Asi hayk\u0131r\u0131\u015flar m\u0131   Gen\u00e7 adam\u0131n anas\u0131 Bir ya\u015fl\u0131n\u0131nsa k\u0131z\u0131, Nas\u0131l i\u00e7lenmi\u015flerdi ? Kald\u0131 i\u00e7imde s\u0131z\u0131.   Hep iyi y\u00f6nlerini G\u00f6remezsek d\u00fcnyan\u0131n, Sanma kahr\u0131 \u00e7ekilir, Hayat denen r\u00fcyan\u0131n <\/p>\n","protected":false},"excerpt":{"rendered":"<p>Gece; da\u011f, ta\u015f uykuda Bahar\u0131n can iksiri, Ye\u015filin her tonunda, Tabiat\u0131n koynunda Ay \u0131\u015f\u0131\u011f\u0131 etrafa Apayr\u0131 esrar katar, \u015eavk\u0131 vurur \u0131rma\u011fa, Ruhumda efk\u00e2r artar. Bitmez t\u00fckenmez<span class=\"excerpt-hellip\"> [\u2026]<\/span><\/p>\n","protected":false},"featured_media":0,"template":"","meta":{"_monsterinsights_skip_tracking":false,"_monsterinsights_sitenote_active":false,"_monsterinsights_sitenote_note":"","_monsterinsights_sitenote_category":0},"product_brand":[],"product_cat":[12291,12509],"product_tag":[],"class_list":{"0":"post-753883","1":"product","2":"type-product","3":"status-publish","5":"product_cat-edebiyat","6":"product_cat-siir","7":"pa_cilt-ciltsiz","8":"pa_tur-kitap","9":"pa_yayinevi-semenderkitap-yayinlari","10":"pa_yazar-uygun-ahmet-aker","12":"first","13":"instock","14":"sale","15":"shipping-taxable","16":"purchasable","17":"product-type-simple"},"_links":{"self":[{"href":"https:\/\/roveyayinevi.com.tr\/index.php\/wp-json\/wp\/v2\/product\/753883","targetHints":{"allow":["GET"]}}],"collection":[{"href":"https:\/\/roveyayinevi.com.tr\/index.php\/wp-json\/wp\/v2\/product"}],"about":[{"href":"https:\/\/roveyayinevi.com.tr\/index.php\/wp-json\/wp\/v2\/types\/product"}],"wp:attachment":[{"href":"https:\/\/roveyayinevi.com.tr\/index.php\/wp-json\/wp\/v2\/media?parent=753883"}],"wp:term":[{"taxonomy":"product_brand","embeddable":true,"href":"https:\/\/roveyayinevi.com.tr\/index.php\/wp-json\/wp\/v2\/product_brand?post=753883"},{"taxonomy":"product_cat","embeddable":true,"href":"https:\/\/roveyayinevi.com.tr\/index.php\/wp-json\/wp\/v2\/product_cat?post=753883"},{"taxonomy":"product_tag","embeddable":true,"href":"https:\/\/roveyayinevi.com.tr\/index.php\/wp-json\/wp\/v2\/product_tag?post=753883"}],"curies":[{"name":"wp","href":"https:\/\/api.w.org\/{rel}","templated":true}]}}