{"id":753882,"date":"2025-08-28T05:55:21","date_gmt":"2025-08-28T02:55:21","guid":{"rendered":"https:\/\/roveyayinevi.com.tr\/index.php\/urun\/ozumuzu-kesen-kilic\/"},"modified":"2026-04-16T03:07:21","modified_gmt":"2026-04-16T00:07:21","slug":"ozumuzu-kesen-kilic","status":"publish","type":"product","link":"https:\/\/roveyayinevi.com.tr\/index.php\/urun\/ozumuzu-kesen-kilic\/","title":{"rendered":"\u00d6z\u00fcm\u00fcz\u00fc Kesen K\u0131l\u0131\u00e7"},"content":{"rendered":"<p>Bahtiyar Vahapzade b\u00fct\u00fcn T\u00fcrkleri bu birlik yoluna eserleriyle \u00e7a\u011f\u0131ran b\u00fcy\u00fck bir \u015fair ve yazard\u0131r. Bahtiyar Vahapzade art\u0131k beden olarak aram\u0131zda olmasada, Azerbaycan T\u00fcrk\u00fc\u2019n\u00fcn fikir ve sanat d\u00fcnyas\u0131na bir \u0131\u015f\u0131k \u015fel\u00e2lesi halinde inmeye devam ediyor. Onun d\u00f6rt tiyatro eserini Azerbaycan T\u00fcrk\u00e7esinden T\u00fcrkiye T\u00fcrk\u00e7esine uygulad\u0131m. \u00d6z\u00fcm\u00fcz\u00fc Kesen K\u0131l\u0131\u00e7\u2019ta T\u00fcrkler birlik olursa, bir olursa kimse onlara bir \u015fey yapamaz d\u00fc\u015f\u00fcncesi vurgulanm\u0131\u015ft\u0131r. \u00c7a\u011flar \u00f6tesine uzanan b\u00fcy\u00fck eserlerin var g\u00fczel dost, ismin gibi her \u00e7a\u011fda bahtiyar olacaks\u0131n bundan \u015f\u00fcphem yok, ruhun \u015fad olsun.   Yavuz B\u00fclent B\u00c2K\u0130LER <\/p>\n","protected":false},"excerpt":{"rendered":"<p>Bahtiyar Vahapzade b\u00fct\u00fcn T\u00fcrkleri bu birlik yoluna eserleriyle \u00e7a\u011f\u0131ran b\u00fcy\u00fck bir \u015fair ve yazard\u0131r. Bahtiyar Vahapzade art\u0131k beden olarak aram\u0131zda olmasada, Azerbaycan T\u00fcrk\u00fc\u2019n\u00fcn fikir ve sanat<span class=\"excerpt-hellip\"> [\u2026]<\/span><\/p>\n","protected":false},"featured_media":0,"template":"","meta":{"_monsterinsights_skip_tracking":false,"_monsterinsights_sitenote_active":false,"_monsterinsights_sitenote_note":"","_monsterinsights_sitenote_category":0},"product_brand":[],"product_cat":[12291,14272],"product_tag":[],"class_list":{"0":"post-753882","1":"product","2":"type-product","3":"status-publish","5":"product_cat-edebiyat","6":"product_cat-tiyatro","7":"pa_cilt-ciltsiz","8":"pa_tur-kitap","9":"pa_yayinevi-bilge-tonyukuk-yayinlari","10":"pa_yazar-bahtiyar-vahapzade","12":"first","13":"instock","14":"sale","15":"shipping-taxable","16":"purchasable","17":"product-type-simple"},"_links":{"self":[{"href":"https:\/\/roveyayinevi.com.tr\/index.php\/wp-json\/wp\/v2\/product\/753882","targetHints":{"allow":["GET"]}}],"collection":[{"href":"https:\/\/roveyayinevi.com.tr\/index.php\/wp-json\/wp\/v2\/product"}],"about":[{"href":"https:\/\/roveyayinevi.com.tr\/index.php\/wp-json\/wp\/v2\/types\/product"}],"wp:attachment":[{"href":"https:\/\/roveyayinevi.com.tr\/index.php\/wp-json\/wp\/v2\/media?parent=753882"}],"wp:term":[{"taxonomy":"product_brand","embeddable":true,"href":"https:\/\/roveyayinevi.com.tr\/index.php\/wp-json\/wp\/v2\/product_brand?post=753882"},{"taxonomy":"product_cat","embeddable":true,"href":"https:\/\/roveyayinevi.com.tr\/index.php\/wp-json\/wp\/v2\/product_cat?post=753882"},{"taxonomy":"product_tag","embeddable":true,"href":"https:\/\/roveyayinevi.com.tr\/index.php\/wp-json\/wp\/v2\/product_tag?post=753882"}],"curies":[{"name":"wp","href":"https:\/\/api.w.org\/{rel}","templated":true}]}}