{"id":753879,"date":"2025-08-28T05:55:16","date_gmt":"2025-08-28T02:55:16","guid":{"rendered":"https:\/\/roveyayinevi.com.tr\/index.php\/urun\/feryad\/"},"modified":"2026-04-16T03:07:21","modified_gmt":"2026-04-16T00:07:21","slug":"feryad","status":"publish","type":"product","link":"https:\/\/roveyayinevi.com.tr\/index.php\/urun\/feryad\/","title":{"rendered":"Feryad"},"content":{"rendered":"<p>Bahtiyar Vahapzade b\u00fct\u00fcn T\u00fcrkleri bu birlik yoluna eserleriyle \u00e7a\u011f\u0131ran b\u00fcy\u00fck bir \u015fair ve yazard\u0131r. Bahtiyar Vahapzade art\u0131k beden olarak aram\u0131zda olmasada, Azerbaycan T\u00fcrk\u00fc\u2019n\u00fcn fikir ve sanat d\u00fcnyas\u0131na bir \u0131\u015f\u0131k \u015fel\u00e2lesi halinde inmeye devam ediyor. Onun d\u00f6rt tiyatro eserini Azerbaycan T\u00fcrk\u00e7esinden T\u00fcrkiye T\u00fcrk\u00e7esine uygulad\u0131m. Feryad\u2019ta Marksist bir rejimin \u00e7\u00fcr\u00fctmeye ba\u015flad\u0131\u011f\u0131 bir cemiyeti, Bahtiyar Vahapzade, 14. y\u00fczy\u0131l \u00f6rt\u00fcs\u00fcyle g\u00f6stermektedir. Feryad\u2019taki emir ve vezir Sovyetlerdeki k\u0131z\u0131l diktat\u00f6rlerdir. Nitekim Azerbaycan\u2019da cereyan eden hadiseleri yak\u0131ndan bilenler, Bahtiyar Vahapzade\u2019nin Feryad\u2019\u0131n\u0131 y\u00fcrekten alk\u0131\u015flam\u0131\u015flard\u0131r. \u00c7a\u011flar \u00f6tesine uzanan b\u00fcy\u00fck eserlerin var g\u00fczel dost, ismin gibi her \u00e7a\u011fda bahtiyar olacaks\u0131n bundan \u015f\u00fcphem yok, ruhun \u015fad olsun.   Yavuz B\u00fclent B\u00c2K\u0130LER <\/p>\n","protected":false},"excerpt":{"rendered":"<p>Bahtiyar Vahapzade b\u00fct\u00fcn T\u00fcrkleri bu birlik yoluna eserleriyle \u00e7a\u011f\u0131ran b\u00fcy\u00fck bir \u015fair ve yazard\u0131r. Bahtiyar Vahapzade art\u0131k beden olarak aram\u0131zda olmasada, Azerbaycan T\u00fcrk\u00fc\u2019n\u00fcn fikir ve sanat<span class=\"excerpt-hellip\"> [\u2026]<\/span><\/p>\n","protected":false},"featured_media":0,"template":"","meta":{"_monsterinsights_skip_tracking":false,"_monsterinsights_sitenote_active":false,"_monsterinsights_sitenote_note":"","_monsterinsights_sitenote_category":0},"product_brand":[],"product_cat":[12291,14272],"product_tag":[],"class_list":{"0":"post-753879","1":"product","2":"type-product","3":"status-publish","5":"product_cat-edebiyat","6":"product_cat-tiyatro","7":"pa_cilt-ciltsiz","8":"pa_tur-kitap","9":"pa_yayinevi-bilge-tonyukuk-yayinlari","10":"pa_yazar-bahtiyar-vahapzade","12":"first","13":"instock","14":"sale","15":"shipping-taxable","16":"purchasable","17":"product-type-simple"},"_links":{"self":[{"href":"https:\/\/roveyayinevi.com.tr\/index.php\/wp-json\/wp\/v2\/product\/753879","targetHints":{"allow":["GET"]}}],"collection":[{"href":"https:\/\/roveyayinevi.com.tr\/index.php\/wp-json\/wp\/v2\/product"}],"about":[{"href":"https:\/\/roveyayinevi.com.tr\/index.php\/wp-json\/wp\/v2\/types\/product"}],"wp:attachment":[{"href":"https:\/\/roveyayinevi.com.tr\/index.php\/wp-json\/wp\/v2\/media?parent=753879"}],"wp:term":[{"taxonomy":"product_brand","embeddable":true,"href":"https:\/\/roveyayinevi.com.tr\/index.php\/wp-json\/wp\/v2\/product_brand?post=753879"},{"taxonomy":"product_cat","embeddable":true,"href":"https:\/\/roveyayinevi.com.tr\/index.php\/wp-json\/wp\/v2\/product_cat?post=753879"},{"taxonomy":"product_tag","embeddable":true,"href":"https:\/\/roveyayinevi.com.tr\/index.php\/wp-json\/wp\/v2\/product_tag?post=753879"}],"curies":[{"name":"wp","href":"https:\/\/api.w.org\/{rel}","templated":true}]}}