{"id":753878,"date":"2025-08-28T05:55:14","date_gmt":"2025-08-28T02:55:14","guid":{"rendered":"https:\/\/roveyayinevi.com.tr\/index.php\/urun\/kadin-3\/"},"modified":"2025-11-21T09:35:22","modified_gmt":"2025-11-21T06:35:22","slug":"kadin-3","status":"publish","type":"product","link":"https:\/\/roveyayinevi.com.tr\/index.php\/urun\/kadin-3\/","title":{"rendered":"Kad\u0131n"},"content":{"rendered":"<p>Zaten bir k\u0131r\u0131k kalbim var \u00c7i\u00e7ek gibi topraktan kopar\u0131lm\u0131\u015f Dokunmay\u0131n bedenime art\u0131k kaybettim Duygular\u0131m\u0131 hi\u00e7e sayan d\u00fczeninizin yedi ceddine   B\u00fcsb\u00fct\u00fcn par\u00e7alanm\u0131\u015f her h\u00fccrem Ne anlayan var, ne de dinleyen Yollarda kanl\u0131 revan cans\u0131z\u0131m \u00d6rf\u00fcn\u00fcz\u00fcn, adetlerinizin gelmi\u015fine ge\u00e7mi\u015fine   Aynalara bakan mosmor y\u00fcz\u00fcm Sabahlar\u0131m hep karanl\u0131k Buruk b\u0131rak\u0131lm\u0131\u015f umutlar\u0131m hep Kad\u0131n\u0131 hor g\u00f6ren fikrinizin, ruhunuzun i\u00e7ine   Kaderim de\u011fildir sizinle ya\u015famak Sizin kulunuz de\u011filim, olmayaca\u011f\u0131m Bir ku\u015f gibi \u00f6zg\u00fcr\u00fcm ve bir a\u011fa\u00e7 gibi yaprak a\u00e7ar\u0131m Y\u0131kamayacaks\u0131n\u0131z beni, ben bir Kad\u0131n\u0131m <\/p>\n","protected":false},"excerpt":{"rendered":"<p>Zaten bir k\u0131r\u0131k kalbim var \u00c7i\u00e7ek gibi topraktan kopar\u0131lm\u0131\u015f Dokunmay\u0131n bedenime art\u0131k kaybettim Duygular\u0131m\u0131 hi\u00e7e sayan d\u00fczeninizin yedi ceddine B\u00fcsb\u00fct\u00fcn par\u00e7alanm\u0131\u015f her h\u00fccrem Ne anlayan var,<span class=\"excerpt-hellip\"> [\u2026]<\/span><\/p>\n","protected":false},"featured_media":0,"template":"","meta":{"_monsterinsights_skip_tracking":false,"_monsterinsights_sitenote_active":false,"_monsterinsights_sitenote_note":"","_monsterinsights_sitenote_category":0},"product_brand":[],"product_cat":[12291,12509],"product_tag":[],"class_list":{"0":"post-753878","1":"product","2":"type-product","3":"status-publish","5":"product_cat-edebiyat","6":"product_cat-siir","7":"pa_cilt-ciltsiz","8":"pa_tur-kitap","9":"pa_yayinevi-doksan-dokuz-yayinlari","10":"pa_yazar-savas-yilmaz","12":"first","13":"instock","14":"sale","15":"shipping-taxable","16":"purchasable","17":"product-type-simple"},"_links":{"self":[{"href":"https:\/\/roveyayinevi.com.tr\/index.php\/wp-json\/wp\/v2\/product\/753878","targetHints":{"allow":["GET"]}}],"collection":[{"href":"https:\/\/roveyayinevi.com.tr\/index.php\/wp-json\/wp\/v2\/product"}],"about":[{"href":"https:\/\/roveyayinevi.com.tr\/index.php\/wp-json\/wp\/v2\/types\/product"}],"wp:attachment":[{"href":"https:\/\/roveyayinevi.com.tr\/index.php\/wp-json\/wp\/v2\/media?parent=753878"}],"wp:term":[{"taxonomy":"product_brand","embeddable":true,"href":"https:\/\/roveyayinevi.com.tr\/index.php\/wp-json\/wp\/v2\/product_brand?post=753878"},{"taxonomy":"product_cat","embeddable":true,"href":"https:\/\/roveyayinevi.com.tr\/index.php\/wp-json\/wp\/v2\/product_cat?post=753878"},{"taxonomy":"product_tag","embeddable":true,"href":"https:\/\/roveyayinevi.com.tr\/index.php\/wp-json\/wp\/v2\/product_tag?post=753878"}],"curies":[{"name":"wp","href":"https:\/\/api.w.org\/{rel}","templated":true}]}}